{"id":956,"date":"2024-05-06T22:52:38","date_gmt":"2024-05-06T20:52:38","guid":{"rendered":"https:\/\/christophedrouglazet.fr\/?page_id=956"},"modified":"2024-05-10T19:07:47","modified_gmt":"2024-05-10T17:07:47","slug":"les-fondamentaux-du-feng-shui","status":"publish","type":"page","link":"https:\/\/christophedrouglazet.fr\/index.php\/les-fondamentaux-du-feng-shui\/","title":{"rendered":"Les Fondamentaux du Feng Shui"},"content":{"rendered":"\n<div style=\"height:20px\" aria-hidden=\"true\" class=\"wp-block-spacer\"><\/div>\n\n\n\n<p>Le Feng Shui est bas\u00e9 sur la circulation de l\u2019\u00e9nergie universelle (le Qi), ainsi que sur l\u2019\u00e9quilibre des diff\u00e9rentes forces, des diff\u00e9rentes \u00e9nergies pr\u00e9sentent dans l\u2019habitat \u00e0 travers le temps.<\/p>\n\n\n\n<p>Pour mieux comprendre ce concept, il est important de bien appr\u00e9hender certains principes du Feng Shui, principes que nous nous retrouvons dans diff\u00e9rents niveaux d&rsquo;analyses:<\/p>\n\n\n\n<ul class=\"wp-block-list\">\n<li><a href=\"https:\/\/christophedrouglazet.fr\/index.php\/la-trinite-cosmique\/\" data-type=\"page\" data-id=\"1032\"><strong>La \u00ab\u00a0Trinit\u00e9 Cosmique\u00a0\u00bb<\/strong><\/a> ;<\/li>\n\n\n\n<li><strong><a href=\"https:\/\/christophedrouglazet.fr\/index.php\/le-qi-ou-chi\/\" data-type=\"page\" data-id=\"1040\">Le Qi (ou Chi)<\/a><\/strong>&nbsp;;<\/li>\n\n\n\n<li><strong><a href=\"https:\/\/christophedrouglazet.fr\/index.php\/le-principe-yin-yang\/\" data-type=\"page\" data-id=\"1043\">Le Principe Yin\/Yang&nbsp;<\/a><\/strong>;<\/li>\n\n\n\n<li><strong><a href=\"https:\/\/christophedrouglazet.fr\/index.php\/les-5-elements\/\" data-type=\"page\" data-id=\"1046\">Les \u00ab&nbsp;5 \u00e9l\u00e9ments&nbsp;\u00bb<\/a><\/strong>.<\/li>\n<\/ul>\n\n\n\n<p class=\"has-text-align-right has-vivid-green-cyan-color has-text-color has-link-color wp-elements-3f55652dc9d546e74a714c89915bfb5d\"><a href=\"https:\/\/christophedrouglazet.fr\/index.php\/la-trinite-cosmique\/\" data-type=\"page\" data-id=\"1032\">(Suite de l&rsquo;exploration&#8230;)<\/a><\/p>\n","protected":false},"excerpt":{"rendered":"<p>Le Feng Shui est bas\u00e9 sur la circulation de l\u2019\u00e9nergie universelle (le Qi), ainsi que sur l\u2019\u00e9quilibre des diff\u00e9rentes forces, des diff\u00e9rentes \u00e9nergies pr\u00e9sentent dans l\u2019habitat \u00e0 travers le temps. Pour mieux comprendre ce concept, il est important de bien appr\u00e9hender certains principes du Feng Shui, principes que nous nous retrouvons dans diff\u00e9rents niveaux d&rsquo;analyses: &hellip; <\/p>\n","protected":false},"author":1,"featured_media":0,"parent":0,"menu_order":0,"comment_status":"closed","ping_status":"closed","template":"","meta":{"footnotes":""},"class_list":["post-956","page","type-page","status-publish","hentry","grid-sizer"],"_links":{"self":[{"href":"https:\/\/christophedrouglazet.fr\/index.php\/wp-json\/wp\/v2\/pages\/956","targetHints":{"allow":["GET"]}}],"collection":[{"href":"https:\/\/christophedrouglazet.fr\/index.php\/wp-json\/wp\/v2\/pages"}],"about":[{"href":"https:\/\/christophedrouglazet.fr\/index.php\/wp-json\/wp\/v2\/types\/page"}],"author":[{"embeddable":true,"href":"https:\/\/christophedrouglazet.fr\/index.php\/wp-json\/wp\/v2\/users\/1"}],"replies":[{"embeddable":true,"href":"https:\/\/christophedrouglazet.fr\/index.php\/wp-json\/wp\/v2\/comments?post=956"}],"version-history":[{"count":14,"href":"https:\/\/christophedrouglazet.fr\/index.php\/wp-json\/wp\/v2\/pages\/956\/revisions"}],"predecessor-version":[{"id":1286,"href":"https:\/\/christophedrouglazet.fr\/index.php\/wp-json\/wp\/v2\/pages\/956\/revisions\/1286"}],"wp:attachment":[{"href":"https:\/\/christophedrouglazet.fr\/index.php\/wp-json\/wp\/v2\/media?parent=956"}],"curies":[{"name":"wp","href":"https:\/\/api.w.org\/{rel}","templated":true}]}}