{"id":774,"date":"2024-04-16T17:24:39","date_gmt":"2024-04-16T15:24:39","guid":{"rendered":"https:\/\/christophedrouglazet.fr\/?page_id=774"},"modified":"2026-01-14T11:48:35","modified_gmt":"2026-01-14T10:48:35","slug":"le-pouvoir-de-lintention-2","status":"publish","type":"page","link":"https:\/\/christophedrouglazet.fr\/index.php\/le-pouvoir-de-lintention-2\/","title":{"rendered":"Le Pouvoir de l&rsquo;Intention"},"content":{"rendered":"\n<div style=\"height:20px\" aria-hidden=\"true\" class=\"wp-block-spacer\"><\/div>\n\n\n<div class=\"wp-block-image\">\n<figure class=\"aligncenter size-large is-resized\"><img loading=\"lazy\" decoding=\"async\" width=\"1024\" height=\"516\" src=\"https:\/\/christophedrouglazet.fr\/wp-content\/uploads\/2024\/04\/mente-8542076_1920-1024x516.jpg\" alt=\"\" class=\"wp-image-857\" style=\"width:700px\" srcset=\"https:\/\/christophedrouglazet.fr\/wp-content\/uploads\/2024\/04\/mente-8542076_1920-1024x516.jpg 1024w, https:\/\/christophedrouglazet.fr\/wp-content\/uploads\/2024\/04\/mente-8542076_1920-300x151.jpg 300w, https:\/\/christophedrouglazet.fr\/wp-content\/uploads\/2024\/04\/mente-8542076_1920-768x387.jpg 768w, https:\/\/christophedrouglazet.fr\/wp-content\/uploads\/2024\/04\/mente-8542076_1920-1536x774.jpg 1536w, https:\/\/christophedrouglazet.fr\/wp-content\/uploads\/2024\/04\/mente-8542076_1920-119x60.jpg 119w, https:\/\/christophedrouglazet.fr\/wp-content\/uploads\/2024\/04\/mente-8542076_1920.jpg 1920w\" sizes=\"auto, (max-width: 1024px) 100vw, 1024px\" \/><\/figure>\n<\/div>\n\n\n<div style=\"height:40px\" aria-hidden=\"true\" class=\"wp-block-spacer\"><\/div>\n\n\n\n<p>L&rsquo;intention est un fabuleux outil, un fabuleux cadeau \u00e0 la disposition de toutes et tous !<\/p>\n\n\n\n<p>Encore faut-il le savoir&#8230;<\/p>\n\n\n\n<p>Dans ce module, vous allez faire \u00e9voluer la confiance en vous, par la pratique, en d\u00e9couvrant le potentiel de cet outil, par l&rsquo;interm\u00e9diaire :<\/p>\n\n\n\n<ul class=\"wp-block-list\">\n<li> de diff\u00e9rentes \u00e9nergies (comme celles des Rayons Sacr\u00e9s par exemple) ;<\/li>\n\n\n\n<li> du son ;<\/li>\n\n\n\n<li>d&rsquo;autres \u00ab\u00a0outils\u00a0\u00bb&#8230;<\/li>\n<\/ul>\n\n\n\n<p>Vous prendrez conscience que le pouvoir de l&rsquo;intention est un outil pr\u00e9cieux qui peut \u00eatre utiliser dans de nombreuses situations, en soin, mais aussi dans la vie de tous les jours !<\/p>\n\n\n\n<p style=\"text-decoration:underline\"><strong><em>Informations compl\u00e9mentaires :<\/em><\/strong><\/p>\n\n\n\n<ul class=\"wp-block-list\">\n<li>Dur\u00e9e du module: 2 jours<\/li>\n<\/ul>\n\n\n\n<p><\/p>\n","protected":false},"excerpt":{"rendered":"<p>L&rsquo;intention est un fabuleux outil, un fabuleux cadeau \u00e0 la disposition de toutes et tous ! Encore faut-il le savoir&#8230; Dans ce module, vous allez faire \u00e9voluer la confiance en vous, par la pratique, en d\u00e9couvrant le potentiel de cet outil, par l&rsquo;interm\u00e9diaire : Vous prendrez conscience que le pouvoir de l&rsquo;intention est un outil &hellip; <\/p>\n","protected":false},"author":1,"featured_media":0,"parent":0,"menu_order":0,"comment_status":"closed","ping_status":"closed","template":"","meta":{"footnotes":""},"class_list":["post-774","page","type-page","status-publish","hentry","grid-sizer"],"_links":{"self":[{"href":"https:\/\/christophedrouglazet.fr\/index.php\/wp-json\/wp\/v2\/pages\/774","targetHints":{"allow":["GET"]}}],"collection":[{"href":"https:\/\/christophedrouglazet.fr\/index.php\/wp-json\/wp\/v2\/pages"}],"about":[{"href":"https:\/\/christophedrouglazet.fr\/index.php\/wp-json\/wp\/v2\/types\/page"}],"author":[{"embeddable":true,"href":"https:\/\/christophedrouglazet.fr\/index.php\/wp-json\/wp\/v2\/users\/1"}],"replies":[{"embeddable":true,"href":"https:\/\/christophedrouglazet.fr\/index.php\/wp-json\/wp\/v2\/comments?post=774"}],"version-history":[{"count":10,"href":"https:\/\/christophedrouglazet.fr\/index.php\/wp-json\/wp\/v2\/pages\/774\/revisions"}],"predecessor-version":[{"id":1887,"href":"https:\/\/christophedrouglazet.fr\/index.php\/wp-json\/wp\/v2\/pages\/774\/revisions\/1887"}],"wp:attachment":[{"href":"https:\/\/christophedrouglazet.fr\/index.php\/wp-json\/wp\/v2\/media?parent=774"}],"curies":[{"name":"wp","href":"https:\/\/api.w.org\/{rel}","templated":true}]}}