{"id":717,"date":"2024-04-15T19:26:50","date_gmt":"2024-04-15T17:26:50","guid":{"rendered":"https:\/\/christophedrouglazet.fr\/?page_id=717"},"modified":"2025-07-16T12:56:51","modified_gmt":"2025-07-16T10:56:51","slug":"clarification-approfondie","status":"publish","type":"page","link":"https:\/\/christophedrouglazet.fr\/index.php\/clarification-approfondie\/","title":{"rendered":"Clarification \u00ab\u00a0Approfondie\u00a0\u00bb"},"content":{"rendered":"<div class=\"wp-block-image\">\n<figure class=\"aligncenter size-large is-resized\"><img loading=\"lazy\" decoding=\"async\" width=\"1024\" height=\"682\" src=\"https:\/\/christophedrouglazet.fr\/wp-content\/uploads\/2024\/04\/gruesome-2807551_1280-1024x682.jpg\" alt=\"\" class=\"wp-image-788\" style=\"width:700px\" srcset=\"https:\/\/christophedrouglazet.fr\/wp-content\/uploads\/2024\/04\/gruesome-2807551_1280-1024x682.jpg 1024w, https:\/\/christophedrouglazet.fr\/wp-content\/uploads\/2024\/04\/gruesome-2807551_1280-300x200.jpg 300w, https:\/\/christophedrouglazet.fr\/wp-content\/uploads\/2024\/04\/gruesome-2807551_1280-768x512.jpg 768w, https:\/\/christophedrouglazet.fr\/wp-content\/uploads\/2024\/04\/gruesome-2807551_1280-90x60.jpg 90w, https:\/\/christophedrouglazet.fr\/wp-content\/uploads\/2024\/04\/gruesome-2807551_1280.jpg 1280w\" sizes=\"auto, (max-width: 1024px) 100vw, 1024px\" \/><\/figure>\n<\/div>\n\n\n<p><\/p>\n\n\n\n<p>Ce module suppl\u00e9mentaire est destin\u00e9 aux personnes qui souhaitent aller plus loin, \u00e9largir leur vision ainsi que leurs champs d\u2019actions dans le domaine de la clarification.<\/p>\n\n\n\n<p>Aux personnes qui non seulement \u00ab\u00a0souhaitent\u00a0\u00bb aller plus loin, mais surtout <strong>qui se sentent capables et suffisamment  \u00ab\u00a0arm\u00e9es\u00a0\u00bb pour le faire !<\/strong><\/p>\n\n\n\n<p>Les 2 jours du module Clarification \u00ab\u00a0Basique\u00a0\u00bb vous aideront \u00e0 y voir plus clair.<\/p>\n\n\n\n<p>Dans ce module, nous explorerons un large panel de nuisances particuli\u00e8res auxquelles nous pouvons \u00eatre confront\u00e9s lors de ce type d&rsquo;intervention:<\/p>\n\n\n\n<ul class=\"wp-block-list\">\n<li><strong>M\u00e9moires des sols<\/strong> ;<\/li>\n\n\n\n<li><strong>Portes\/ portails \u00e9nerg\u00e9tiques, vortex\u2026<\/strong> ;<\/li>\n\n\n\n<li><strong>Chemin\u00e9es cosmos-telluriques<\/strong> (bien qu\u2019appartenant au domaine de la g\u00e9obiologie) ;<\/li>\n\n\n\n<li><strong>Pr\u00e9sences \u00e0 vibrations tr\u00e8s basses<\/strong> ;<\/li>\n\n\n\n<li><strong>Attaques \u00e9nerg\u00e9tiques\u2026<\/strong> ;<\/li>\n\n\n\n<li>Etc&#8230;<\/li>\n<\/ul>\n\n\n\n<p>Nous verrons \u00e9galement des cas \u00ab complexes \u00bb ou particuliers qui pourrait vous \u00ab\u00a0perturber\u00a0\u00bb, vous \u00ab\u00a0d\u00e9stabiliser\u00a0\u00bb.<\/p>\n\n\n\n<p>Nous aborderons \u00e9galement le sujet des interactions entre un lieu et les habitants, et insisterons sur les diff\u00e9rents impacts que peut avoir une clarification approfondie sur ces derniers, y compris pendant l&rsquo;intervention!<\/p>\n\n\n\n<p>Puis nous verrons comment prot\u00e9ger et r\u00e9harmoniser un lieu, suite \u00e0 une intervention.<\/p>\n\n\n\n<p>Cas pratique(s).<\/p>\n\n\n\n<p style=\"text-decoration:underline\"><strong><em>Informations compl\u00e9mentaires :<\/em><\/strong><\/p>\n\n\n\n<ul class=\"wp-block-list\">\n<li>Dur\u00e9e du module: 3 jours<\/li>\n\n\n\n<li>Pr\u00e9requis: Module \u00ab\u00a0Clarification: les bases\u00a0\u00bb<\/li>\n<\/ul>\n\n\n\n<p><\/p>\n\n\n\n<p class=\"has-vivid-red-color has-text-color has-link-color has-medium-font-size wp-elements-c19518df946b136ba06794c0d2760d61\" style=\"text-decoration:underline\"><strong>ATTENTION:<\/strong><\/p>\n\n\n\n<ul class=\"wp-block-list\">\n<li><strong>CE N&rsquo;EST PAS UN JEU !!!<\/strong><\/li>\n\n\n\n<li>Rester humble, reconnaitre ses limites est un gage de s\u00e9curit\u00e9 !<\/li>\n\n\n\n<li>Avoir une bonne connaissance des \u00e9nergies, et de nos r\u00e9actions face \u00e0 ces \u00e9nergies est indispensable !<\/li>\n\n\n\n<li>Effectuer un profond travail sur soi est fortement recommand\u00e9 afin de limiter l&rsquo;impact des lieux sur vous.<\/li>\n<\/ul>\n\n\n\n<p><\/p>\n\n\n\n<p><\/p>\n","protected":false},"excerpt":{"rendered":"<p>Ce module suppl\u00e9mentaire est destin\u00e9 aux personnes qui souhaitent aller plus loin, \u00e9largir leur vision ainsi que leurs champs d\u2019actions dans le domaine de la clarification. Aux personnes qui non seulement \u00ab\u00a0souhaitent\u00a0\u00bb aller plus loin, mais surtout qui se sentent capables et suffisamment \u00ab\u00a0arm\u00e9es\u00a0\u00bb pour le faire ! Les 2 jours du module Clarification \u00ab\u00a0Basique\u00a0\u00bb &hellip; <\/p>\n","protected":false},"author":1,"featured_media":0,"parent":0,"menu_order":0,"comment_status":"closed","ping_status":"closed","template":"","meta":{"footnotes":""},"class_list":["post-717","page","type-page","status-publish","hentry","grid-sizer"],"_links":{"self":[{"href":"https:\/\/christophedrouglazet.fr\/index.php\/wp-json\/wp\/v2\/pages\/717","targetHints":{"allow":["GET"]}}],"collection":[{"href":"https:\/\/christophedrouglazet.fr\/index.php\/wp-json\/wp\/v2\/pages"}],"about":[{"href":"https:\/\/christophedrouglazet.fr\/index.php\/wp-json\/wp\/v2\/types\/page"}],"author":[{"embeddable":true,"href":"https:\/\/christophedrouglazet.fr\/index.php\/wp-json\/wp\/v2\/users\/1"}],"replies":[{"embeddable":true,"href":"https:\/\/christophedrouglazet.fr\/index.php\/wp-json\/wp\/v2\/comments?post=717"}],"version-history":[{"count":21,"href":"https:\/\/christophedrouglazet.fr\/index.php\/wp-json\/wp\/v2\/pages\/717\/revisions"}],"predecessor-version":[{"id":1685,"href":"https:\/\/christophedrouglazet.fr\/index.php\/wp-json\/wp\/v2\/pages\/717\/revisions\/1685"}],"wp:attachment":[{"href":"https:\/\/christophedrouglazet.fr\/index.php\/wp-json\/wp\/v2\/media?parent=717"}],"curies":[{"name":"wp","href":"https:\/\/api.w.org\/{rel}","templated":true}]}}