{"id":710,"date":"2024-04-15T19:13:33","date_gmt":"2024-04-15T17:13:33","guid":{"rendered":"https:\/\/christophedrouglazet.fr\/?page_id=710"},"modified":"2025-07-16T12:48:20","modified_gmt":"2025-07-16T10:48:20","slug":"soins-energetiques","status":"publish","type":"page","link":"https:\/\/christophedrouglazet.fr\/index.php\/soins-energetiques\/","title":{"rendered":"Approches et Techniques de Soins \u00e9nerg\u00e9tiques"},"content":{"rendered":"\n<div style=\"height:20px\" aria-hidden=\"true\" class=\"wp-block-spacer\"><\/div>\n\n\n<div class=\"wp-block-image\">\n<figure class=\"aligncenter size-large is-resized\"><img loading=\"lazy\" decoding=\"async\" width=\"1024\" height=\"683\" src=\"https:\/\/christophedrouglazet.fr\/wp-content\/uploads\/2024\/04\/butterfly-2646113_1920-1024x683.jpg\" alt=\"\" class=\"wp-image-841\" style=\"width:544px;height:auto\" srcset=\"https:\/\/christophedrouglazet.fr\/wp-content\/uploads\/2024\/04\/butterfly-2646113_1920-1024x683.jpg 1024w, https:\/\/christophedrouglazet.fr\/wp-content\/uploads\/2024\/04\/butterfly-2646113_1920-300x200.jpg 300w, https:\/\/christophedrouglazet.fr\/wp-content\/uploads\/2024\/04\/butterfly-2646113_1920-768x512.jpg 768w, https:\/\/christophedrouglazet.fr\/wp-content\/uploads\/2024\/04\/butterfly-2646113_1920-1536x1025.jpg 1536w, https:\/\/christophedrouglazet.fr\/wp-content\/uploads\/2024\/04\/butterfly-2646113_1920-90x60.jpg 90w, https:\/\/christophedrouglazet.fr\/wp-content\/uploads\/2024\/04\/butterfly-2646113_1920.jpg 1920w\" sizes=\"auto, (max-width: 1024px) 100vw, 1024px\" \/><\/figure>\n<\/div>\n\n\n<div style=\"height:40px\" aria-hidden=\"true\" class=\"wp-block-spacer\"><\/div>\n\n\n\n<p>Voici le module d\u00e9di\u00e9 aux soins \u00e9nerg\u00e9tiques!<\/p>\n\n\n\n<p>Depuis le d\u00e9but de la formation, si vous avez fait le choix de suivre les diff\u00e9rents modules, vous avez acquis un certain nombre de connaissances, pris en main de nombreux outils, d\u00e9velopper votre intuition, vos ressentis, votre confiance&#8230;<\/p>\n\n\n\n<p>Et m\u00eame si nous avons d\u00e9j\u00e0 abord\u00e9 le th\u00e8me des soins dans d&rsquo;autres modules, nous allons rentrer ici dans le vif du sujet! <\/p>\n\n\n\n<p><strong>Au programme :<\/strong><\/p>\n\n\n\n<ul class=\"wp-block-list\">\n<li>Comment aborder un soin ;<\/li>\n\n\n\n<li>Les diff\u00e9rentes approches (chakras, corps subtils, corps physique, etc&#8230;) ;<\/li>\n\n\n\n<li>Les \u00e9nergies \u00ab\u00a0parasites\u00a0\u00bb: \u00ab&nbsp;kystes&nbsp;\u00bb, \u00ab&nbsp;fl\u00e8ches&nbsp;\u00bb, \u00ab&nbsp;sangsues&nbsp;\u00bb, \u00ab&nbsp;implants&nbsp;\u00bb, etc. ;<\/li>\n\n\n\n<li>Les \u00ab\u00a0pr\u00e9sences\u00a0\u00bb parasites (\u00e2mes errantes et autres) ;<\/li>\n\n\n\n<li>Les liens toxiques ;<\/li>\n\n\n\n<li>Lib\u00e9ration des m\u00e9moires \u00ab\u00a0cellulaires\u00a0\u00bb :\n<ul class=\"wp-block-list\">\n<li>M\u00e9moires d&rsquo;exp\u00e9riences de vie ;<\/li>\n\n\n\n<li>M\u00e9moires in-ut\u00e9ro ;<\/li>\n\n\n\n<li>M\u00e9moires transg\u00e9n\u00e9rationnelles ;<\/li>\n\n\n\n<li>M\u00e9moires de vies pass\u00e9es&#8230;<\/li>\n<\/ul>\n<\/li>\n\n\n\n<li>D\u00e9cristallisation des croyances, conditionnements&#8230; ;<\/li>\n\n\n\n<li>Harmonisation et r\u00e9\u00e9quilibrage des \u00e9nergies ;<\/li>\n\n\n\n<li>Etc&#8230;<\/li>\n<\/ul>\n\n\n\n<p>Ce programme est bien entendu \u00e9volutif et reste ouvert, en fonction des demandes et cas abord\u00e9s.<\/p>\n\n\n\n<p style=\"text-decoration:underline\"><strong><em>Informations compl\u00e9mentaires :<\/em><\/strong><\/p>\n\n\n\n<ul class=\"wp-block-list\">\n<li>Dur\u00e9e du module: 4 jours (2 x 2 jours)<\/li>\n<\/ul>\n","protected":false},"excerpt":{"rendered":"<p>Voici le module d\u00e9di\u00e9 aux soins \u00e9nerg\u00e9tiques! Depuis le d\u00e9but de la formation, si vous avez fait le choix de suivre les diff\u00e9rents modules, vous avez acquis un certain nombre de connaissances, pris en main de nombreux outils, d\u00e9velopper votre intuition, vos ressentis, votre confiance&#8230; Et m\u00eame si nous avons d\u00e9j\u00e0 abord\u00e9 le th\u00e8me des &hellip; <\/p>\n","protected":false},"author":1,"featured_media":0,"parent":0,"menu_order":0,"comment_status":"closed","ping_status":"closed","template":"","meta":{"footnotes":""},"class_list":["post-710","page","type-page","status-publish","hentry","grid-sizer"],"_links":{"self":[{"href":"https:\/\/christophedrouglazet.fr\/index.php\/wp-json\/wp\/v2\/pages\/710","targetHints":{"allow":["GET"]}}],"collection":[{"href":"https:\/\/christophedrouglazet.fr\/index.php\/wp-json\/wp\/v2\/pages"}],"about":[{"href":"https:\/\/christophedrouglazet.fr\/index.php\/wp-json\/wp\/v2\/types\/page"}],"author":[{"embeddable":true,"href":"https:\/\/christophedrouglazet.fr\/index.php\/wp-json\/wp\/v2\/users\/1"}],"replies":[{"embeddable":true,"href":"https:\/\/christophedrouglazet.fr\/index.php\/wp-json\/wp\/v2\/comments?post=710"}],"version-history":[{"count":9,"href":"https:\/\/christophedrouglazet.fr\/index.php\/wp-json\/wp\/v2\/pages\/710\/revisions"}],"predecessor-version":[{"id":1681,"href":"https:\/\/christophedrouglazet.fr\/index.php\/wp-json\/wp\/v2\/pages\/710\/revisions\/1681"}],"wp:attachment":[{"href":"https:\/\/christophedrouglazet.fr\/index.php\/wp-json\/wp\/v2\/media?parent=710"}],"curies":[{"name":"wp","href":"https:\/\/api.w.org\/{rel}","templated":true}]}}