{"id":622,"date":"2024-04-11T18:19:08","date_gmt":"2024-04-11T16:19:08","guid":{"rendered":"https:\/\/christophedrouglazet.fr\/?page_id=622"},"modified":"2025-12-05T19:31:58","modified_gmt":"2025-12-05T18:31:58","slug":"formation-quunsens","status":"publish","type":"page","link":"https:\/\/christophedrouglazet.fr\/index.php\/formation-quunsens\/","title":{"rendered":"Formation Qu&rsquo;Un&#038;Sens"},"content":{"rendered":"\n<div style=\"height:20px\" aria-hidden=\"true\" class=\"wp-block-spacer\"><\/div>\n\n\n<div class=\"wp-block-image\">\n<figure class=\"aligncenter size-full is-resized\"><img loading=\"lazy\" decoding=\"async\" width=\"846\" height=\"515\" src=\"http:\/\/christophedrouglazet.fr\/wp-content\/uploads\/2024\/04\/QuUnSens.jpg\" alt=\"\" class=\"wp-image-619\" style=\"width:564px;height:auto\" srcset=\"https:\/\/christophedrouglazet.fr\/wp-content\/uploads\/2024\/04\/QuUnSens.jpg 846w, https:\/\/christophedrouglazet.fr\/wp-content\/uploads\/2024\/04\/QuUnSens-300x183.jpg 300w, https:\/\/christophedrouglazet.fr\/wp-content\/uploads\/2024\/04\/QuUnSens-768x468.jpg 768w, https:\/\/christophedrouglazet.fr\/wp-content\/uploads\/2024\/04\/QuUnSens-99x60.jpg 99w\" sizes=\"auto, (max-width: 846px) 100vw, 846px\" \/><\/figure>\n<\/div>\n\n\n<div style=\"height:40px\" aria-hidden=\"true\" class=\"wp-block-spacer\"><\/div>\n\n\n\n<p><strong>La formation Qu&rsquo;Un&amp;Sens est une formation compl\u00e8te et initiatique<\/strong> cr\u00e9\u00e9e par Morgane Bertin et moi-m\u00eame, qui, de part les diff\u00e9rents modules propos\u00e9s, a \u00e9t\u00e9 pens\u00e9e pour r\u00e9pondre au plus grand nombre d&rsquo;attentes:<\/p>\n\n\n\n<ul class=\"wp-block-list\">\n<li>Que vous cherchiez des solutions pour apprivoiser votre <strong>hypersensibilit\u00e9<\/strong>;<\/li>\n\n\n\n<li>Que vous cherchiez des solutions pour apprivoiser votre<strong> empathie<\/strong> (et donc votre hypersensibilit\u00e9);<\/li>\n\n\n\n<li>Que vous cherchiez \u00e0 <strong>comprendre et \u00ab\u00a0canaliser\u00a0\u00bb de nouvelles perceptions<\/strong>;<\/li>\n\n\n\n<li>Que vous souhaitiez <strong>d\u00e9velopper vos perceptions<\/strong>;<\/li>\n\n\n\n<li>Que vous souhaitiez <strong>vous (r\u00e9)\u00e9veiller \u00e0 vous-m\u00eame<\/strong>;<\/li>\n\n\n\n<li>Que vous souhaitiez <strong>\u00e9voluer sur votre chemin spirituel<\/strong>;<\/li>\n\n\n\n<li>Que vous souhaitiez <strong>vous orienter vers les soins \u00e9nerg\u00e9tiques<\/strong>;<\/li>\n\n\n\n<li>Que vous souhaitiez <strong>avoir des bases solides pour pouvoir \u00e9voluer en toute s\u00e9curit\u00e9 dans le monde des \u00e9nergies<\/strong>;<\/li>\n\n\n\n<li>Et bien plus encore&#8230;<\/li>\n<\/ul>\n\n\n\n<p>Pour ce faire, nous nous sommes pos\u00e9s une \u00ab\u00a0simple\u00a0\u00bb question: \u00ab\u00a0Si nous nous retrouvions aujourd&rsquo;hui \u00e0 nos d\u00e9buts, dans l&rsquo;une ou plusieurs des configurations pr\u00e9c\u00e9demment cit\u00e9es, <strong>comment souhaiterions-nous \u00eatre accompagn\u00e9s au mieux ET en toute s\u00e9curit\u00e9 <\/strong>?\u00a0\u00bb<\/p>\n\n\n\n<p>De cette interrogation, nous avons \u00e9labor\u00e9 les diff\u00e9rents modules de cette formation, certes \u00e0 partir de nos connaissances, mais aussi et surtout \u00e0 partir de nombreuses ann\u00e9es d&rsquo;exp\u00e9riences respectives:<\/p>\n\n\n\n<ul class=\"wp-block-list\">\n<li><a href=\"https:\/\/christophedrouglazet.fr\/index.php\/ancrage-centrage-alignement-nettoyage-protection\/\" data-type=\"page\" data-id=\"648\"><strong>\u00ab\u00a0Ancrage, Centrage, Alignement, Nettoyage, Protection&#8230;\u00a0\u00bb<\/strong><\/a><\/li>\n\n\n\n<li><strong><a href=\"https:\/\/christophedrouglazet.fr\/index.php\/developper-ses-ressentis\/\" data-type=\"page\" data-id=\"656\">\u00ab\u00a0D\u00e9velopper ses Ressentis\u00a0\u00bb<\/a><\/strong><\/li>\n\n\n\n<li><strong><a href=\"https:\/\/christophedrouglazet.fr\/index.php\/le-pouvoir-de-lintention-2\/\" data-type=\"page\" data-id=\"774\">\u00ab\u00a0Le pouvoir de l&rsquo;intention\u00a0\u00bb<\/a><\/strong><\/li>\n\n\n\n<li><strong><a href=\"https:\/\/christophedrouglazet.fr\/index.php\/radiesthesie\/\" data-type=\"page\" data-id=\"612\">\u00ab\u00a0Radiesth\u00e9sie\u00a0\u00bb (2 modules)<\/a><\/strong><\/li>\n\n\n\n<li><a href=\"https:\/\/christophedrouglazet.fr\/index.php\/mineraux-et-geometrie-sacree\/\" data-type=\"page\" data-id=\"695\"><strong>\u00ab\u00a0Min\u00e9raux et g\u00e9om\u00e9trie sacr\u00e9e\u00a0\u00bb<\/strong><\/a><\/li>\n\n\n\n<li><strong><a href=\"https:\/\/christophedrouglazet.fr\/index.php\/le-systeme-energetique-humain\/\" data-type=\"page\" data-id=\"700\">\u00ab\u00a0Chakras et corps subtils\u00a0\u00bb<\/a><\/strong><\/li>\n\n\n\n<li><a href=\"https:\/\/christophedrouglazet.fr\/index.php\/soins-energetiques\/\" data-type=\"page\" data-id=\"710\"><strong>\u00ab\u00a0Approches et Techniques de Soins \u00e9nerg\u00e9tiques\u00a0\u00bb (2 modules)<\/strong><\/a><\/li>\n<\/ul>\n\n\n\n<p>Des modules auxquels peuvent venir se greffer d&rsquo;autres formations \u00ab\u00a0optionnelles\u00a0\u00bb (\u00e9galement accessible ind\u00e9pendamment des modules de la formation Qu&rsquo;UN&amp;Sens, tout comme les modules Radiesth\u00e9sie) :<\/p>\n\n\n\n<ul class=\"wp-block-list\">\n<li><strong><a href=\"https:\/\/christophedrouglazet.fr\/index.php\/connexions-au-subtil\/\" data-type=\"page\" data-id=\"668\">\u00ab\u00a0Connexions aux \u00e9nergies du monde subtil\u00a0\u00bb<\/a><\/strong><\/li>\n\n\n\n<li><strong><a href=\"https:\/\/christophedrouglazet.fr\/index.php\/guidances-avec-supports-cartes-oracles\/\" data-type=\"page\" data-id=\"681\">\u00ab\u00a0Guidances avec supports (cartes Oracles)\u00a0\u00bb<\/a><\/strong><\/li>\n\n\n\n<li><strong><a href=\"https:\/\/christophedrouglazet.fr\/index.php\/clarification-nettoyage-energetique-dun-lieu\/\" data-type=\"page\" data-id=\"740\">\u00ab\u00a0Clarification \/ Nettoyage \u00e9nerg\u00e9tique d&rsquo;un lieu\u00a0\u00bb (1 ou 2 modules)<\/a><\/strong><\/li>\n\n\n\n<li>\u00ab\u00a0Num\u00e9rologie\u00a0\u00bb<\/li>\n<\/ul>\n\n\n\n<p>Les modules peuvent \u00eatre \u00e9volutifs car, bien entendu, nous nous adaptons aux rythmes d\u2019\u00e9volution de chaque participant(e)s (prises de conscience, \u00e9veil, compr\u00e9hension, int\u00e9grations, lib\u00e9rations&#8230;).<\/p>\n\n\n\n<div style=\"height:20px\" aria-hidden=\"true\" class=\"wp-block-spacer\"><\/div>\n\n\n\n<p><strong>Cette formation, ouverte \u00e0 toutes et tous, ne se limite pas \u00e0 un programme !<\/strong><\/p>\n\n\n\n<p>Il ne s&rsquo;agit pas de vous faire adh\u00e9rer \u00e0 nos \u00ab\u00a0v\u00e9rit\u00e9s\u00a0\u00bb, mais bien de vous accompagner dans une ouverture du champ des possibles.<\/p>\n\n\n\n<p><strong>Elle est un engagement avec soi-m\u00eame&nbsp;!<\/strong><\/p>\n\n\n\n<p><strong>Elle est un chemin initiatique d\u2019\u00e9volution personnelle et de connexion \u00e0 l\u2019\u00eatre illimit\u00e9 que nous sommes toutes et tous.<\/strong><\/p>\n\n\n\n<p><\/p>\n\n\n\n<p><\/p>\n\n\n\n<p><\/p>\n","protected":false},"excerpt":{"rendered":"<p>La formation Qu&rsquo;Un&amp;Sens est une formation compl\u00e8te et initiatique cr\u00e9\u00e9e par Morgane Bertin et moi-m\u00eame, qui, de part les diff\u00e9rents modules propos\u00e9s, a \u00e9t\u00e9 pens\u00e9e pour r\u00e9pondre au plus grand nombre d&rsquo;attentes: Pour ce faire, nous nous sommes pos\u00e9s une \u00ab\u00a0simple\u00a0\u00bb question: \u00ab\u00a0Si nous nous retrouvions aujourd&rsquo;hui \u00e0 nos d\u00e9buts, dans l&rsquo;une ou plusieurs des &hellip; <\/p>\n","protected":false},"author":1,"featured_media":0,"parent":0,"menu_order":0,"comment_status":"closed","ping_status":"closed","template":"","meta":{"footnotes":""},"class_list":["post-622","page","type-page","status-publish","hentry","grid-sizer"],"_links":{"self":[{"href":"https:\/\/christophedrouglazet.fr\/index.php\/wp-json\/wp\/v2\/pages\/622","targetHints":{"allow":["GET"]}}],"collection":[{"href":"https:\/\/christophedrouglazet.fr\/index.php\/wp-json\/wp\/v2\/pages"}],"about":[{"href":"https:\/\/christophedrouglazet.fr\/index.php\/wp-json\/wp\/v2\/types\/page"}],"author":[{"embeddable":true,"href":"https:\/\/christophedrouglazet.fr\/index.php\/wp-json\/wp\/v2\/users\/1"}],"replies":[{"embeddable":true,"href":"https:\/\/christophedrouglazet.fr\/index.php\/wp-json\/wp\/v2\/comments?post=622"}],"version-history":[{"count":35,"href":"https:\/\/christophedrouglazet.fr\/index.php\/wp-json\/wp\/v2\/pages\/622\/revisions"}],"predecessor-version":[{"id":1809,"href":"https:\/\/christophedrouglazet.fr\/index.php\/wp-json\/wp\/v2\/pages\/622\/revisions\/1809"}],"wp:attachment":[{"href":"https:\/\/christophedrouglazet.fr\/index.php\/wp-json\/wp\/v2\/media?parent=622"}],"curies":[{"name":"wp","href":"https:\/\/api.w.org\/{rel}","templated":true}]}}