{"id":605,"date":"2024-04-11T17:49:59","date_gmt":"2024-04-11T15:49:59","guid":{"rendered":"https:\/\/christophedrouglazet.fr\/?page_id=605"},"modified":"2025-07-16T12:40:31","modified_gmt":"2025-07-16T10:40:31","slug":"radiesthesie-module-2-approfondissement-et-ouverture-du-champ-des-possibles","status":"publish","type":"page","link":"https:\/\/christophedrouglazet.fr\/index.php\/radiesthesie-module-2-approfondissement-et-ouverture-du-champ-des-possibles\/","title":{"rendered":"Radiesth\u00e9sie &#8211; Module 2: approfondissement et ouverture du champ des possibles&#8230;"},"content":{"rendered":"\n<div style=\"height:20px\" aria-hidden=\"true\" class=\"wp-block-spacer\"><\/div>\n\n\n<div class=\"wp-block-image\">\n<figure class=\"aligncenter size-large is-resized\"><img loading=\"lazy\" decoding=\"async\" width=\"840\" height=\"1024\" src=\"https:\/\/christophedrouglazet.fr\/wp-content\/uploads\/2024\/04\/Rad2-840x1024.jpg\" alt=\"\" class=\"wp-image-606\" style=\"width:282px;height:auto\" srcset=\"https:\/\/christophedrouglazet.fr\/wp-content\/uploads\/2024\/04\/Rad2-840x1024.jpg 840w, https:\/\/christophedrouglazet.fr\/wp-content\/uploads\/2024\/04\/Rad2-246x300.jpg 246w, https:\/\/christophedrouglazet.fr\/wp-content\/uploads\/2024\/04\/Rad2-768x936.jpg 768w, https:\/\/christophedrouglazet.fr\/wp-content\/uploads\/2024\/04\/Rad2-1260x1536.jpg 1260w, https:\/\/christophedrouglazet.fr\/wp-content\/uploads\/2024\/04\/Rad2-49x60.jpg 49w, https:\/\/christophedrouglazet.fr\/wp-content\/uploads\/2024\/04\/Rad2.jpg 1550w\" sizes=\"auto, (max-width: 840px) 100vw, 840px\" \/><\/figure>\n<\/div>\n\n\n<div style=\"height:40px\" aria-hidden=\"true\" class=\"wp-block-spacer\"><\/div>\n\n\n\n<p>Ce module est destin\u00e9 \u00e0 toutes les personnes qui souhaitent aller au-del\u00e0 du \u00ab simple \u00bb jeu de Question\/R\u00e9ponse, au-del\u00e0 du travail sur cadran.<\/p>\n\n\n\n<p>Gr\u00e2ce \u00e0 de nombreux exercices, vous d\u00e9couvrirez non seulement d\u2019autres possibilit\u00e9s de travail en radiesth\u00e9sie, mais vous prendrez aussi et surtout conscience du potentiel de cet outil et de l\u2019\u00e9tendu du \u00ab champ des possibles \u00bb !<\/p>\n\n\n\n<p>Vous serez \u00e9galement sensibilis\u00e9s sur les \u00ab\u00a0pi\u00e8ges\u00a0\u00bb qui pourraient vous poser probl\u00e8me, y compris au niveau d\u00e9ontologique.<\/p>\n\n\n\n<p>Exemple de th\u00e8mes abord\u00e9s lors de ce module :<\/p>\n\n\n\n<ul class=\"wp-block-list\">\n<li>Travail avec intentions, et donc avec notre \u00ab\u00a0ami\u00a0\u00bb le mental !<\/li>\n\n\n\n<li>Travail avec t\u00e9moin ;<\/li>\n\n\n\n<li>Travail \u00e0 distance ;<\/li>\n\n\n\n<li>Travail de recherche ;<\/li>\n\n\n\n<li>Radiesth\u00e9sie et \u00ab soin \u00bb \u00e9nerg\u00e9tique&#8230;<\/li>\n<\/ul>\n\n\n\n<p>En fonction des demandes, certains th\u00e8mes pourrons \u00eatre plus approfondies que d\u2019autres\u2026<br>D\u2019autres th\u00e8mes non mentionn\u00e9s ci-dessus pourraient \u00e9galement \u00eatre abord\u00e9s.<\/p>\n\n\n\n<p>La formation se d\u00e9roule sur une journ\u00e9e compl\u00e8te, avec pause d\u00e9jeuner (pensez donc \u00e0 apporter votre repas).<\/p>\n\n\n\n<p>Pendant cette formation, je m\u2019adapte au rythme, aux demandes et probl\u00e9matiques de chacun(e) , d\u2019o\u00f9 la nombre volontairement limit\u00e9 de participants.<\/p>\n\n\n\n<p style=\"text-decoration:underline\"><em><strong>Informations compl\u00e9mentaires :<\/strong><\/em><\/p>\n\n\n\n<ul class=\"wp-block-list\">\n<li>Dur\u00e9e du module: 1 jour<\/li>\n<\/ul>\n","protected":false},"excerpt":{"rendered":"<p>Ce module est destin\u00e9 \u00e0 toutes les personnes qui souhaitent aller au-del\u00e0 du \u00ab simple \u00bb jeu de Question\/R\u00e9ponse, au-del\u00e0 du travail sur cadran. Gr\u00e2ce \u00e0 de nombreux exercices, vous d\u00e9couvrirez non seulement d\u2019autres possibilit\u00e9s de travail en radiesth\u00e9sie, mais vous prendrez aussi et surtout conscience du potentiel de cet outil et de l\u2019\u00e9tendu du &hellip; <\/p>\n","protected":false},"author":1,"featured_media":0,"parent":0,"menu_order":0,"comment_status":"closed","ping_status":"closed","template":"","meta":{"footnotes":""},"class_list":["post-605","page","type-page","status-publish","hentry","grid-sizer"],"_links":{"self":[{"href":"https:\/\/christophedrouglazet.fr\/index.php\/wp-json\/wp\/v2\/pages\/605","targetHints":{"allow":["GET"]}}],"collection":[{"href":"https:\/\/christophedrouglazet.fr\/index.php\/wp-json\/wp\/v2\/pages"}],"about":[{"href":"https:\/\/christophedrouglazet.fr\/index.php\/wp-json\/wp\/v2\/types\/page"}],"author":[{"embeddable":true,"href":"https:\/\/christophedrouglazet.fr\/index.php\/wp-json\/wp\/v2\/users\/1"}],"replies":[{"embeddable":true,"href":"https:\/\/christophedrouglazet.fr\/index.php\/wp-json\/wp\/v2\/comments?post=605"}],"version-history":[{"count":4,"href":"https:\/\/christophedrouglazet.fr\/index.php\/wp-json\/wp\/v2\/pages\/605\/revisions"}],"predecessor-version":[{"id":1672,"href":"https:\/\/christophedrouglazet.fr\/index.php\/wp-json\/wp\/v2\/pages\/605\/revisions\/1672"}],"wp:attachment":[{"href":"https:\/\/christophedrouglazet.fr\/index.php\/wp-json\/wp\/v2\/media?parent=605"}],"curies":[{"name":"wp","href":"https:\/\/api.w.org\/{rel}","templated":true}]}}