{"id":537,"date":"2024-04-10T17:40:47","date_gmt":"2024-04-10T15:40:47","guid":{"rendered":"https:\/\/christophedrouglazet.fr\/?page_id=537"},"modified":"2025-12-07T15:39:50","modified_gmt":"2025-12-07T14:39:50","slug":"tarifs","status":"publish","type":"page","link":"https:\/\/christophedrouglazet.fr\/index.php\/tarifs\/","title":{"rendered":"Tarifs"},"content":{"rendered":"\n<div style=\"height:20px\" aria-hidden=\"true\" class=\"wp-block-spacer\"><\/div>\n\n\n\n<p class=\"has-large-font-size\" style=\"text-decoration:underline\"><strong>Soins \u00e9nerg\u00e9tiques<\/strong><\/p>\n\n\n\n<div style=\"height:20px\" aria-hidden=\"true\" class=\"wp-block-spacer\"><\/div>\n\n\n\n<figure class=\"wp-block-table\"><table><thead><tr><th>Prestations<\/th><th class=\"has-text-align-center\" data-align=\"center\">Tarifs en conscience, \u00e0 partir de&#8230;<\/th><\/tr><\/thead><tbody><tr><td>Soin \u00e9nerg\u00e9tique \/ Adulte<\/td><td class=\"has-text-align-center\" data-align=\"center\">70,00\u20ac<\/td><\/tr><tr><td>Soin \u00e9nerg\u00e9tique \/ 10-18 ans<\/td><td class=\"has-text-align-center\" data-align=\"center\">60,00\u20ac<\/td><\/tr><tr><td>Soin \u00e9nerg\u00e9tique \/ -10 ans<\/td><td class=\"has-text-align-center\" data-align=\"center\">35,00\u20ac<\/td><\/tr><tr><td>Soin \u00e9nerg\u00e9tique \u00ab\u00a0\u00e0 4 mains\u00a0\u00bb &#8211; <br>avec <a href=\"http:\/\/morgane-bertin.fr\">Morgane Bertin<\/a> et moi-m\u00eame<\/td><td class=\"has-text-align-center\" data-align=\"center\">120,00\u20ac<\/td><\/tr><tr><td><strong>Soin sp\u00e9cial \u00ab\u00a0Lib\u00e9rations li\u00e9es \u00e0 l&rsquo;occulte<\/strong>\u00a0\u00bb <\/td><td class=\"has-text-align-center\" data-align=\"center\">140,00\u20ac<\/td><\/tr><\/tbody><\/table><\/figure>\n\n\n\n<p><\/p>\n\n\n\n<p class=\"has-large-font-size\" style=\"text-decoration:underline\"><strong>G\u00e9obiologie &amp; Clarification <\/strong><\/p>\n\n\n\n<p class=\"has-medium-font-size\" style=\"text-decoration:underline\"><strong>Interventions en pr\u00e9sentiel<\/strong>:<\/p>\n\n\n\n<figure class=\"wp-block-table\"><table class=\"has-fixed-layout\"><thead><tr><th class=\"has-text-align-left\" data-align=\"left\">Surface de l&rsquo;habitat ou du local comprise entre 90 et 120m2&#8230;<\/th><th class=\"has-text-align-center\" data-align=\"center\">Tarifs <br>(Hors frais de d\u00e9placement)<\/th><\/tr><\/thead><tbody><tr><td class=\"has-text-align-left\" data-align=\"left\">G\u00e9obiologie<\/td><td class=\"has-text-align-center\" data-align=\"center\">250,00\u20ac<\/td><\/tr><tr><td class=\"has-text-align-left\" data-align=\"left\">Nettoyage \u00e9nerg\u00e9tique des lieux \/ Clarification<\/td><td class=\"has-text-align-center\" data-align=\"center\">450,00\u20ac<\/td><\/tr><tr><td class=\"has-text-align-left\" data-align=\"left\">G\u00e9obiologie + Nettoyage \u00e9nerg\u00e9tique des lieux \/ Clarification<\/td><td class=\"has-text-align-center\" data-align=\"center\">600,00\u20ac<\/td><\/tr><tr><td class=\"has-text-align-left\" data-align=\"left\">Audit nuisances \u00e9lectromagn\u00e9tiques: <br>Intervention seule<\/td><td class=\"has-text-align-center\" data-align=\"center\">180,00\u20ac<\/td><\/tr><tr><td class=\"has-text-align-left\" data-align=\"left\">Audit nuisances \u00e9lectromagn\u00e9tiques: <br>Intervention \u00ab\u00a0compl\u00e9mentaire\u00a0\u00bb<\/td><td class=\"has-text-align-center\" data-align=\"center\">120,00\u20ac<\/td><\/tr><\/tbody><tfoot><tr><td class=\"has-text-align-left\" data-align=\"left\"><em><strong>Frais de d\u00e9placement:<\/strong><\/em><br><em>En fonction de la localisation, des frais de d\u00e9placement seront factur\u00e9s en sus<\/em><\/td><td class=\"has-text-align-center\" data-align=\"center\"><em>0,50\u20ac\/Km<\/em><\/td><\/tr><\/tfoot><\/table><\/figure>\n\n\n\n<p><\/p>\n\n\n\n<figure class=\"wp-block-table\"><table class=\"has-fixed-layout\"><thead><tr><th class=\"has-text-align-left\" data-align=\"left\">Pour toute autre surface&#8230;<\/th><th class=\"has-text-align-center\" data-align=\"center\">Tarifs<\/th><\/tr><\/thead><tbody><tr><td class=\"has-text-align-left\" data-align=\"left\">Grands et petits volumes, entreprises, exploitations agricoles, \u00e9curies, manoirs, h\u00f4tels&#8230;<\/td><td class=\"has-text-align-center\" data-align=\"center\"><strong>Sur Devis<\/strong><\/td><\/tr><\/tbody><\/table><\/figure>\n\n\n\n<div style=\"height:20px\" aria-hidden=\"true\" class=\"wp-block-spacer\"><\/div>\n\n\n\n<p style=\"text-decoration:underline\"><strong>Interventions \u00e0 distance:<\/strong><\/p>\n\n\n\n<figure class=\"wp-block-table\"><table class=\"has-fixed-layout\"><thead><tr><th class=\"has-text-align-left\" data-align=\"left\">Pour toutes surfaces&#8230;<\/th><th class=\"has-text-align-center\" data-align=\"center\">Tarifs<\/th><\/tr><\/thead><tbody><tr><td class=\"has-text-align-left\" data-align=\"left\">Intervention G\u00e9obiologie et\/ou Clarification<\/td><td class=\"has-text-align-center\" data-align=\"center\"><strong>Sur Devis<\/strong><\/td><\/tr><\/tbody><\/table><\/figure>\n\n\n\n<p><\/p>\n\n\n\n<p class=\"has-medium-font-size\" style=\"text-decoration:underline\"><strong>Important:<\/strong><\/p>\n\n\n\n<p>J&rsquo;attache beaucoup d&rsquo;importance \u00e0 la relation \u00ab\u00a0Habitat\u00a0\u00bb\/Habitants.<\/p>\n\n\n\n<p>Je partage les informations que le lieu peut me transmettre, informations qui peuvent permettre d&rsquo;\u00e9clairer certaines probl\u00e9matiques rencontr\u00e9es par les habitants (et\/ou animaux).<\/p>\n\n\n\n<p>Et si besoin, lors de l&rsquo;intervention, du fait des interactions Habitat\/Habitants, je peux \u00eatre \u00e9galement amen\u00e9 \u00e0 intervenir d&rsquo;un point de vue \u00e9nerg\u00e9tique sur les habitants, avec le consentement de ces derniers bien entendu!<\/p>\n\n\n\n<p><strong>Ces soins \u00e9nerg\u00e9tiques dispens\u00e9s sur place sont inclus dans les prestations.<\/strong><\/p>\n\n\n\n<div style=\"height:20px\" aria-hidden=\"true\" class=\"wp-block-spacer\"><\/div>\n\n\n\n<p class=\"has-large-font-size\" style=\"text-decoration:underline\"><strong>Feng Shui<\/strong><\/p>\n\n\n\n<figure class=\"wp-block-table\"><table class=\"has-fixed-layout\"><thead><tr><th>Prestations<\/th><th class=\"has-text-align-center\" data-align=\"center\">Tarifs<\/th><\/tr><\/thead><tbody><tr><td>Etude compl\u00e8te<\/td><td class=\"has-text-align-center\" data-align=\"center\">450,00\u20ac (*)<\/td><\/tr><tr><td>Etude des \u00e9toiles annuelles<\/td><td class=\"has-text-align-center\" data-align=\"center\">150,00\u20ac (*)<\/td><\/tr><\/tbody><\/table><\/figure>\n\n\n\n<p>(*) Dans le cas o\u00f9 les plans ne sont pas fournis, une majoration sera appliqu\u00e9e pour la prise de mesures n\u00e9cessaires \u00e0 l&rsquo;\u00e9tude.<\/p>\n\n\n\n<div style=\"height:20px\" aria-hidden=\"true\" class=\"wp-block-spacer\"><\/div>\n\n\n\n<p class=\"has-large-font-size\" style=\"text-decoration:underline\"><strong>Num\u00e9rologie<\/strong><\/p>\n\n\n\n<figure class=\"wp-block-table\"><table class=\"has-fixed-layout\"><thead><tr><th>Prestations<\/th><th class=\"has-text-align-center\" data-align=\"center\">Tarifs<\/th><\/tr><\/thead><tbody><tr><td>Num\u00e9rologie \u00ab\u00a0Duo\u00a0\u00bb &#8211; <br>en co-cr\u00e9ation avec <a href=\"http:\/\/morgane-bertin.fr\">Morgane Bertin<\/a><\/td><td class=\"has-text-align-center\" data-align=\"center\">200,00\u20ac (*)<\/td><\/tr><\/tbody><\/table><\/figure>\n\n\n\n<p class=\"has-medium-font-size\">Pour <strong>les formations en Num\u00e9rologie<\/strong>, merci de <strong>consulter les tarifs Formations<\/strong>.<\/p>\n\n\n\n<p>(*) Sur Devis pour une prestation concernant plus de 2 personnes : famille, groupe de travail&#8230;<\/p>\n\n\n\n<p class=\"has-large-font-size\" style=\"text-decoration:underline\"><strong>Formations<\/strong><\/p>\n\n\n\n<figure class=\"wp-block-table\"><table class=\"has-fixed-layout\"><thead><tr><th>Radiesth\u00e9sie<\/th><th class=\"has-text-align-center\" data-align=\"center\">Tarifs<\/th><\/tr><\/thead><tbody><tr><td>1er module: Radiesth\u00e9sie \u00ab\u00a0oscillatoire\u00a0\u00bb<\/td><td class=\"has-text-align-center\" data-align=\"center\">90,00\u20ac<\/td><\/tr><tr><td>2nd module: Approfondissement et ouverture du champ des possibles&#8230; <\/td><td class=\"has-text-align-center\" data-align=\"center\">100,00\u20ac<\/td><\/tr><\/tbody><\/table><\/figure>\n\n\n\n<figure class=\"wp-block-table\"><table class=\"has-fixed-layout\"><thead><tr><th>Formation Qu&rsquo;Un&amp;Sens<\/th><th class=\"has-text-align-center\" data-align=\"center\">Tarifs<\/th><\/tr><\/thead><tbody><tr><td>La journ\u00e9e de formation<\/td><td class=\"has-text-align-center\" data-align=\"center\">130,00\u20ac \/ Jour<\/td><\/tr><tr><td>Si participation \u00e0 5 modules ou plus (Hors modules optionnels)<\/td><td class=\"has-text-align-center\" data-align=\"center\">110,00\u20ac \/ Jour<br>(Sauf Modules Radiesth\u00e9sie)<\/td><\/tr><\/tbody><\/table><\/figure>\n\n\n\n<figure class=\"wp-block-table\"><table class=\"has-fixed-layout\"><thead><tr><th>Modules \u00ab\u00a0Optionnels\u00a0\u00bb *<\/th><th class=\"has-text-align-center\" data-align=\"center\">Tarifs<\/th><\/tr><\/thead><tbody><tr><td>Connexions aux \u00e9nergies du monde subtil<\/td><td class=\"has-text-align-center\" data-align=\"center\">130,00\u20ac \/ Jour<\/td><\/tr><tr><td>Guidances avec supports (cartes Oracles)<\/td><td class=\"has-text-align-center\" data-align=\"center\">130,00\u20ac \/ Jour<\/td><\/tr><\/tbody><\/table><\/figure>\n\n\n\n<p>(*) Ces modules \u00ab\u00a0optionnels\u00a0\u00bb peuvent \u00eatre r\u00e9alis\u00e9s ind\u00e9pendamment de la Formation Qu&rsquo;UN&amp;Sens.<\/p>\n\n\n\n<figure class=\"wp-block-table\"><table class=\"has-fixed-layout\"><thead><tr><th>Formation Clarification<\/th><th class=\"has-text-align-center\" data-align=\"center\">Tarifs<\/th><\/tr><\/thead><tbody><tr><td>1er module: Clarification \u00ab\u00a0Basique\u00a0\u00bb<\/td><td class=\"has-text-align-center\" data-align=\"center\">130,00\u20ac \/ Jour<\/td><\/tr><tr><td>2\u00e8me module: Clarification \u00ab\u00a0Approfondie\u00a0\u00bb<\/td><td class=\"has-text-align-center\" data-align=\"center\">150,00\u20ac \/ Jour<\/td><\/tr><\/tbody><\/table><\/figure>\n\n\n\n<figure class=\"wp-block-table\"><table class=\"has-fixed-layout\"><thead><tr><th>Formation Num\u00e9rologie<\/th><th class=\"has-text-align-center\" data-align=\"center\">Tarifs<\/th><\/tr><\/thead><tbody><tr><td>Initiation aux \u00ab\u00a0Bases\u00a0\u00bb de la Num\u00e9rologie<\/td><td class=\"has-text-align-center\" data-align=\"center\">130,00\u20ac \/ Jour<\/td><\/tr><tr><td>Autres modules \u00e0 venir&#8230;<\/td><td class=\"has-text-align-center\" data-align=\"center\"><\/td><\/tr><\/tbody><\/table><\/figure>\n\n\n\n<p><strong>A SAVOIR&#8230;<\/strong><\/p>\n\n\n\n<p>Toutes les formations peuvent \u00eatre r\u00e9alis\u00e9es individuellement&#8230;Tarifs sur demande.<\/p>\n","protected":false},"excerpt":{"rendered":"<p>Soins \u00e9nerg\u00e9tiques Prestations Tarifs en conscience, \u00e0 partir de&#8230; Soin \u00e9nerg\u00e9tique \/ Adulte 70,00\u20ac Soin \u00e9nerg\u00e9tique \/ 10-18 ans 60,00\u20ac Soin \u00e9nerg\u00e9tique \/ -10 ans 35,00\u20ac Soin \u00e9nerg\u00e9tique \u00ab\u00a0\u00e0 4 mains\u00a0\u00bb &#8211; avec Morgane Bertin et moi-m\u00eame 120,00\u20ac Soin sp\u00e9cial \u00ab\u00a0Lib\u00e9rations li\u00e9es \u00e0 l&rsquo;occulte\u00a0\u00bb 140,00\u20ac G\u00e9obiologie &amp; Clarification Interventions en pr\u00e9sentiel: Surface de l&rsquo;habitat ou &hellip; <\/p>\n","protected":false},"author":1,"featured_media":0,"parent":0,"menu_order":0,"comment_status":"closed","ping_status":"closed","template":"","meta":{"footnotes":""},"class_list":["post-537","page","type-page","status-publish","hentry","grid-sizer"],"_links":{"self":[{"href":"https:\/\/christophedrouglazet.fr\/index.php\/wp-json\/wp\/v2\/pages\/537","targetHints":{"allow":["GET"]}}],"collection":[{"href":"https:\/\/christophedrouglazet.fr\/index.php\/wp-json\/wp\/v2\/pages"}],"about":[{"href":"https:\/\/christophedrouglazet.fr\/index.php\/wp-json\/wp\/v2\/types\/page"}],"author":[{"embeddable":true,"href":"https:\/\/christophedrouglazet.fr\/index.php\/wp-json\/wp\/v2\/users\/1"}],"replies":[{"embeddable":true,"href":"https:\/\/christophedrouglazet.fr\/index.php\/wp-json\/wp\/v2\/comments?post=537"}],"version-history":[{"count":55,"href":"https:\/\/christophedrouglazet.fr\/index.php\/wp-json\/wp\/v2\/pages\/537\/revisions"}],"predecessor-version":[{"id":1875,"href":"https:\/\/christophedrouglazet.fr\/index.php\/wp-json\/wp\/v2\/pages\/537\/revisions\/1875"}],"wp:attachment":[{"href":"https:\/\/christophedrouglazet.fr\/index.php\/wp-json\/wp\/v2\/media?parent=537"}],"curies":[{"name":"wp","href":"https:\/\/api.w.org\/{rel}","templated":true}]}}