{"id":501,"date":"2024-04-10T15:05:41","date_gmt":"2024-04-10T13:05:41","guid":{"rendered":"https:\/\/christophedrouglazet.fr\/?page_id=501"},"modified":"2024-04-11T15:33:43","modified_gmt":"2024-04-11T13:33:43","slug":"preambule","status":"publish","type":"page","link":"https:\/\/christophedrouglazet.fr\/index.php\/preambule\/","title":{"rendered":"Pr\u00e9ambule"},"content":{"rendered":"\n<h2 class=\"wp-block-heading has-text-align-center\"><strong>Bienvenue sur mon site!<\/strong><\/h2>\n\n\n\n<p><\/p>\n\n\n\n<p>Et bienvenue dans mon univers!<\/p>\n\n\n\n<p>Mais avant de le d\u00e9couvrir, il me semble important de rappeler certains principes&#8230;<\/p>\n\n\n\n<h4 class=\"wp-block-heading\" style=\"text-decoration:underline\">A c<strong><mark style=\"background-color:rgba(0, 0, 0, 0)\" class=\"has-inline-color has-black-color\">hacun \u00ab&nbsp;SES&nbsp;\u00bb \u00ab&nbsp;v\u00e9rit\u00e9s&nbsp;\u00bb&nbsp;!<\/mark><\/strong><\/h4>\n\n\n\n<p>Nul ne peut pr\u00e9tendre d\u00e9tenir \u00ab\u00a0LA\u00a0\u00bb v\u00e9rit\u00e9. Dans l&rsquo;absolu, il y a autant de \u00ab\u00a0v\u00e9rit\u00e9s\u00a0\u00bb qu\u2019il y a d\u2019individus\u00a0sur Terre!<\/p>\n\n\n\n<p>Sur ce site, je vous exprime \u00ab&nbsp;DES&nbsp;\u00bb \u00ab&nbsp;v\u00e9rit\u00e9s&nbsp;\u00bb issues de connaissances et surtout de nombreuses exp\u00e9riences, \u00ab&nbsp;v\u00e9rit\u00e9s&nbsp;\u00bb auxquelles je ne vous demande nullement d\u2019adh\u00e9rer&nbsp;! Je vous invite bien au contraire \u00e0 d\u00e9velopper les v\u00f4tres. Et pour ce faire, rien ne vaut l\u2019exp\u00e9rimentation\u2026<\/p>\n\n\n\n<h4 class=\"wp-block-heading\" style=\"text-decoration:underline\"><strong><mark style=\"background-color:rgba(0, 0, 0, 0)\" class=\"has-inline-color has-black-color\">La \u00ab&nbsp;Science&nbsp;\u00bb n\u2019a pas la v\u00e9rit\u00e9 absolue et ne connait pas tout&nbsp;!<\/mark><\/strong><\/h4>\n\n\n\n<p>Il suffit de s\u2019int\u00e9resser \u00e0 l\u2019actualit\u00e9 scientifique pour s\u2019en apercevoir&nbsp;!<\/p>\n\n\n\n<p>Et ce n\u2019est pas parce que la science n\u2019a pas (encore) prouv\u00e9 certaines choses que ces \u00ab&nbsp;choses&nbsp;\u00bb n\u2019existent pas&nbsp;! C\u2019est le principe m\u00eame de la \u00ab&nbsp;d\u00e9couverte&nbsp;\u00bb.<\/p>\n\n\n\n<h4 class=\"wp-block-heading\" style=\"text-decoration:underline\"><strong><mark style=\"background-color:rgba(0, 0, 0, 0)\" class=\"has-inline-color has-black-color\">Tout est \u00e9nergie et vibrations&nbsp;!<\/mark><\/strong><\/h4>\n\n\n\n<blockquote class=\"wp-block-quote is-layout-flow wp-block-quote-is-layout-flow\">\n<p>\u00ab&nbsp;Si vous voulez trouver les secrets de l&rsquo;univers, pensez en termes d&rsquo;\u00e9nergie, de fr\u00e9quence, d&rsquo;information et de vibration&nbsp;\u00bb<\/p>\n<cite>Nikola Tesla<\/cite><\/blockquote>\n\n\n\n<blockquote class=\"wp-block-quote is-layout-flow wp-block-quote-is-layout-flow\">\n<p>\u00ab&nbsp;Tout dans la vie n\u2019est qu\u2019\u00e9nergies et vibrations&nbsp;\u00bb.<\/p>\n\n\n\n<p>\u00ab&nbsp;Quand quelque chose vibre, les \u00e9lectrons de l&rsquo;univers entier r\u00e9sonnent avec lui. Tout est connect\u00e9. La plus grande trag\u00e9die de l&rsquo;existence humaine est l&rsquo;illusion de la s\u00e9paration.&nbsp;\u00bb<\/p>\n<cite>Albert Einstein<\/cite><\/blockquote>\n\n\n\n<p>Cette approche n\u2019est pas nouvelle, mais les sciences \u00ab&nbsp;modernes&nbsp;\u00bb le d\u00e9montrent de plus en plus.<\/p>\n\n\n\n<p>Nous sommes toutes et tous \u00e9nergies et nous v\u00e9hiculons toutes et tous une multitude d\u2019informations vibratoires en interaction permanentes avec notre environnement.<\/p>\n\n\n\n<h4 class=\"wp-block-heading\" style=\"text-decoration:underline\"><strong><mark style=\"background-color:rgba(0, 0, 0, 0)\" class=\"has-inline-color has-black-color\">Et dites-vous bien que ce n\u2019est pas parce que vous ne \u00ab&nbsp;voyez&nbsp;\u00bb pas les choses, ou que vous n\u2019y croyez pas\u2026 que \u00e7a n\u2019existe pas&nbsp;!<\/mark><\/strong><\/h4>\n\n\n\n<h2 class=\"wp-block-heading has-text-align-center\"><strong>Bonne visite&nbsp;!<\/strong><\/h2>\n","protected":false},"excerpt":{"rendered":"<p>Bienvenue sur mon site! Et bienvenue dans mon univers! Mais avant de le d\u00e9couvrir, il me semble important de rappeler certains principes&#8230; A chacun \u00ab&nbsp;SES&nbsp;\u00bb \u00ab&nbsp;v\u00e9rit\u00e9s&nbsp;\u00bb&nbsp;! Nul ne peut pr\u00e9tendre d\u00e9tenir \u00ab\u00a0LA\u00a0\u00bb v\u00e9rit\u00e9. Dans l&rsquo;absolu, il y a autant de \u00ab\u00a0v\u00e9rit\u00e9s\u00a0\u00bb qu\u2019il y a d\u2019individus\u00a0sur Terre! Sur ce site, je vous exprime \u00ab&nbsp;DES&nbsp;\u00bb \u00ab&nbsp;v\u00e9rit\u00e9s&nbsp;\u00bb issues &hellip; <\/p>\n","protected":false},"author":1,"featured_media":0,"parent":0,"menu_order":0,"comment_status":"closed","ping_status":"closed","template":"","meta":{"footnotes":""},"class_list":["post-501","page","type-page","status-publish","hentry","grid-sizer"],"_links":{"self":[{"href":"https:\/\/christophedrouglazet.fr\/index.php\/wp-json\/wp\/v2\/pages\/501","targetHints":{"allow":["GET"]}}],"collection":[{"href":"https:\/\/christophedrouglazet.fr\/index.php\/wp-json\/wp\/v2\/pages"}],"about":[{"href":"https:\/\/christophedrouglazet.fr\/index.php\/wp-json\/wp\/v2\/types\/page"}],"author":[{"embeddable":true,"href":"https:\/\/christophedrouglazet.fr\/index.php\/wp-json\/wp\/v2\/users\/1"}],"replies":[{"embeddable":true,"href":"https:\/\/christophedrouglazet.fr\/index.php\/wp-json\/wp\/v2\/comments?post=501"}],"version-history":[{"count":12,"href":"https:\/\/christophedrouglazet.fr\/index.php\/wp-json\/wp\/v2\/pages\/501\/revisions"}],"predecessor-version":[{"id":1118,"href":"https:\/\/christophedrouglazet.fr\/index.php\/wp-json\/wp\/v2\/pages\/501\/revisions\/1118"}],"wp:attachment":[{"href":"https:\/\/christophedrouglazet.fr\/index.php\/wp-json\/wp\/v2\/media?parent=501"}],"curies":[{"name":"wp","href":"https:\/\/api.w.org\/{rel}","templated":true}]}}