{"id":329,"date":"2024-04-10T10:02:24","date_gmt":"2024-04-10T08:02:24","guid":{"rendered":"https:\/\/christophedrouglazet.fr\/?page_id=329"},"modified":"2025-12-07T14:50:05","modified_gmt":"2025-12-07T13:50:05","slug":"quen-dit-la-science","status":"publish","type":"page","link":"https:\/\/christophedrouglazet.fr\/index.php\/quen-dit-la-science\/","title":{"rendered":"Qu&rsquo;en dit la \u00ab\u00a0science\u00a0\u00bb?"},"content":{"rendered":"\n<div style=\"height:20px\" aria-hidden=\"true\" class=\"wp-block-spacer\"><\/div>\n\n\n\n<p>M\u00eame si nombreux des m\u00e9canismes par lesquels <strong>les nuisances naturelles<\/strong> peuvent influencer le corps humain sont connus par la science, leurs manifestations et leurs impacts sur l\u2019organisme sont tr\u00e8s peu \u00e9tudi\u00e9s.<\/p>\n\n\n\n<p>Et nous pourrions l\u00e9gitimement nous poser la question&nbsp;: Pourquoi&nbsp;???<\/p>\n\n\n\n<p>Pourquoi les \u00ab&nbsp;scientifiques&nbsp;\u00bb s\u2019int\u00e9ressent aussi peu \u00e0 ces ph\u00e9nom\u00e8nes qui peuvent avoir autant d\u2019influences sur le vivant&nbsp;? Est-ce par m\u00e9connaissance&nbsp;? Par ignorance&nbsp;? Par manque d\u2019int\u00e9r\u00eats&nbsp;? Par manque de moyens technologiques&nbsp;? Pour d\u2019autres raisons ?<\/p>\n\n\n\n<p>Quoi qu\u2019il en soit, nous pouvons trouver un certain nombre d\u2019\u00e9tudes ou de recherches tr\u00e8s int\u00e9ressantes, r\u00e9alis\u00e9es par des m\u00e9decins (g\u00e9n\u00e9ralistes et sp\u00e9cialistes), ing\u00e9nieurs, g\u00e9ophysiciens, biologistes, chercheurs, etc., qui tendent \u00e0 d\u00e9montrer l\u2019existence de corr\u00e9lations entre la pr\u00e9sence de nuisances naturelles et l\u2019apparition de troubles ou maladies.<\/p>\n\n\n\n<p>Sans parler des \u00e9tudes r\u00e9alis\u00e9es par des g\u00e9obiologues, radiesth\u00e9sistes, naturopathes, etc\u2026<\/p>\n\n\n\n<p>Parmi toutes ces recherches, nous pouvons citer les travaux de George Lakhovsky, Gustav Freiherr von Pohl, Pierre Cody, Fran\u00e7ois Peyr\u00e9, Hermann Beitzke, Joseph W\u00fcrst et Jacob St\u00e4ngle, Ernst Hartmann, Otto Bergsmann, Rudolf Kessler et Andreas Kopschina, Veronika Carstens, Barbara Tombarkiewicz, Alexander Petrovich Dubrov, Karl-Ernst Lotz, Robert Endr\u00f6s, Yves Rocard\u2026<\/p>\n\n\n\n<div style=\"height:20px\" aria-hidden=\"true\" class=\"wp-block-spacer\"><\/div>\n\n\n\n<p><strong>Au sujet des nuisances artificielles\u2026<\/strong><\/p>\n\n\n\n<p>L\u2019influence des champs \u00e9lectriques, des champs magn\u00e9tiques et des ondes \u00e9lectromagn\u00e9tiques\u2026 un dossier bien sensible&nbsp;!<\/p>\n\n\n\n<p>Vous trouverez dans la litt\u00e9rature scientifique internationale une multitude d\u2019\u00e9tudes qui d\u00e9crivent comment ces diff\u00e9rents champs et ondes influencent notre m\u00e9tabolisme, et qui confirment diff\u00e9rents degr\u00e9s de nocivit\u00e9.<\/p>\n\n\n\n<p>Mais vous trouverez \u00e9galement des \u00e9tudes qui viendront \u00ab contredire \u00bb celles-ci\u2026<\/p>\n\n\n\n<p>Les enjeux \u00e9conomiques et politiques sont tellement importants qu\u2019un consensus scientifique impartial est difficilement atteignable quant \u00e0 leurs effets \u00e0 court, moyen et long termes sur l\u2019organisme et le vivant. Sans parler du fait que l\u2019\u00e9volution technologique est si rapide dans certains secteurs qu\u2019il en devient impossible d\u2019avoir le recul n\u00e9cessaire pour anticiper les nocivit\u00e9s \u00e9ventuelles&#8230;<\/p>\n\n\n\n<div style=\"height:20px\" aria-hidden=\"true\" class=\"wp-block-spacer\"><\/div>\n\n\n\n<p>Une chose est s\u00fbre. <strong>Il est scientifiquement prouv\u00e9 que notre corps humain est une v\u00e9ritable centrale bio-\u00e9lectrique. Il est constitu\u00e9 d\u2019une multitude de champs \u00e9lectromagn\u00e9tiques et d\u2019\u00e9l\u00e9ments sensibles aux ondes (eau, cristaux, neurones, cellules, etc.).<\/strong><\/p>\n\n\n\n<p>Il serait donc difficile de croire que toute cette pollution \u00e9lectromagn\u00e9tique sans cesse croissance dans lequel nous vivons au quotidien, aussi appel\u00e9e \u00ab electrosmog&nbsp;\u00bb, ne puisse avoir aucune influence, aucun impact sur notre organisme\u2026<\/p>\n\n\n\n<div style=\"height:20px\" aria-hidden=\"true\" class=\"wp-block-spacer\"><\/div>\n\n\n\n<p><strong><a href=\"https:\/\/christophedrouglazet.fr\/index.php\/tarifs\/\" data-type=\"page\" data-id=\"537\">POUR VOIR LES TARIFS, CLIQUEZ ICI&#8230;<\/a><\/strong><\/p>\n\n\n\n<p class=\"has-text-align-right has-vivid-green-cyan-color has-text-color has-link-color wp-elements-c97ce4aca766a84ab4b016fefe96c0a0\"><a href=\"https:\/\/christophedrouglazet.fr\/\" data-type=\"page\" data-id=\"7\">(Retour \u00e0 la page d&rsquo;accueil)<\/a><\/p>\n","protected":false},"excerpt":{"rendered":"<p>M\u00eame si nombreux des m\u00e9canismes par lesquels les nuisances naturelles peuvent influencer le corps humain sont connus par la science, leurs manifestations et leurs impacts sur l\u2019organisme sont tr\u00e8s peu \u00e9tudi\u00e9s. Et nous pourrions l\u00e9gitimement nous poser la question&nbsp;: Pourquoi&nbsp;??? Pourquoi les \u00ab&nbsp;scientifiques&nbsp;\u00bb s\u2019int\u00e9ressent aussi peu \u00e0 ces ph\u00e9nom\u00e8nes qui peuvent avoir autant d\u2019influences sur &hellip; <\/p>\n","protected":false},"author":1,"featured_media":0,"parent":0,"menu_order":0,"comment_status":"closed","ping_status":"closed","template":"","meta":{"footnotes":""},"class_list":["post-329","page","type-page","status-publish","hentry","grid-sizer"],"_links":{"self":[{"href":"https:\/\/christophedrouglazet.fr\/index.php\/wp-json\/wp\/v2\/pages\/329","targetHints":{"allow":["GET"]}}],"collection":[{"href":"https:\/\/christophedrouglazet.fr\/index.php\/wp-json\/wp\/v2\/pages"}],"about":[{"href":"https:\/\/christophedrouglazet.fr\/index.php\/wp-json\/wp\/v2\/types\/page"}],"author":[{"embeddable":true,"href":"https:\/\/christophedrouglazet.fr\/index.php\/wp-json\/wp\/v2\/users\/1"}],"replies":[{"embeddable":true,"href":"https:\/\/christophedrouglazet.fr\/index.php\/wp-json\/wp\/v2\/comments?post=329"}],"version-history":[{"count":7,"href":"https:\/\/christophedrouglazet.fr\/index.php\/wp-json\/wp\/v2\/pages\/329\/revisions"}],"predecessor-version":[{"id":1847,"href":"https:\/\/christophedrouglazet.fr\/index.php\/wp-json\/wp\/v2\/pages\/329\/revisions\/1847"}],"wp:attachment":[{"href":"https:\/\/christophedrouglazet.fr\/index.php\/wp-json\/wp\/v2\/media?parent=329"}],"curies":[{"name":"wp","href":"https:\/\/api.w.org\/{rel}","templated":true}]}}