{"id":320,"date":"2024-04-10T09:48:50","date_gmt":"2024-04-10T07:48:50","guid":{"rendered":"https:\/\/christophedrouglazet.fr\/?page_id=320"},"modified":"2025-12-07T15:00:20","modified_gmt":"2025-12-07T14:00:20","slug":"les-effets-sur-la-sante","status":"publish","type":"page","link":"https:\/\/christophedrouglazet.fr\/index.php\/les-effets-sur-la-sante\/","title":{"rendered":"Effets sur la sant\u00e9"},"content":{"rendered":"\n<div style=\"height:20px\" aria-hidden=\"true\" class=\"wp-block-spacer\"><\/div>\n\n\n\n<h4 class=\"wp-block-heading\"><strong>De quelles fa\u00e7ons ces nuisances nous affectent-elles&nbsp;?<\/strong><\/h4>\n\n\n\n<p>Les nuisances peuvent nous affecter de 2 fa\u00e7ons distinctes&nbsp;:<\/p>\n\n\n\n<ul class=\"wp-block-list\">\n<li>Soit de par <strong>leur qualit\u00e9 et leur nature m\u00eame<\/strong>&nbsp;: nuisances&nbsp;de nature \u00e9lectrique, magn\u00e9tique, \u00e9lectromagn\u00e9tique, etc.<\/li>\n\n\n\n<li>Soit par <strong>la qualit\u00e9 des informations<\/strong> qui sont <strong>v\u00e9hicul\u00e9es<\/strong> par celles-ci&nbsp;: pollutions chimiques, \u00e9lectriques, psychiques, etc.<\/li>\n<\/ul>\n\n\n\n<p>Elles vont venir perturber le bon fonctionnement biologique et physiologique du corps humain soit uniquement sur une zone bien localis\u00e9e, soit sur l\u2019ensemble du corps.<\/p>\n\n\n\n<p>Elles peuvent \u00e9galement perturber notre \u00e9tat psychique et \u00e9motionnel.<\/p>\n\n\n\n<p>Ces nuisances peuvent \u00e9galement affecter les animaux et v\u00e9g\u00e9taux.<\/p>\n\n\n\n<div style=\"height:20px\" aria-hidden=\"true\" class=\"wp-block-spacer\"><\/div>\n\n\n\n<p style=\"text-decoration:underline\"><strong>Attention&nbsp;!<\/strong><\/p>\n\n\n\n<div class=\"wp-block-group\"><div class=\"wp-block-group__inner-container is-layout-constrained wp-block-group-is-layout-constrained\">\n<p><strong>Le facteur temps&nbsp;est important <\/strong>: plus nous passons du temps dans la zone d\u2019influence d\u2019une nuisance, plus nous sommes susceptibles de subir les effets&nbsp;;<\/p>\n\n\n\n<p><strong>Les ph\u00e9nom\u00e8nes de superposition ou combinaison des nuisances<\/strong> font que leurs effets ne s\u2019additionnent pas\u2026 mais <strong>se multiplient&nbsp;!<\/strong><\/p>\n\n\n\n<div style=\"height:20px\" aria-hidden=\"true\" class=\"wp-block-spacer\"><\/div>\n<\/div><\/div>\n\n\n\n<div class=\"wp-block-group\"><div class=\"wp-block-group__inner-container is-layout-constrained wp-block-group-is-layout-constrained\">\n<h4 class=\"wp-block-heading\"><strong>Quels en sont les effets sur la sant\u00e9&nbsp;?<\/strong><\/h4>\n\n\n\n<p>Avant toute chose, il est important de souligner que, pour de multiples raisons, <strong>nous ne sommes pas toutes et tous \u00e9gaux devant ces nuisances<\/strong>.<\/p>\n\n\n\n<p>Il est donc impossible d\u2019\u00e9tablir une liste officielle d\u2019effets ind\u00e9sirables, avec d\u00e9lais de manifestation, comme celle figurant dans vos boites de m\u00e9dicaments.<\/p>\n\n\n\n<p>En effet, certaines personnes seront naturellement plus sensibles que d\u2019autres face \u00e0 certains types de perturbations.<\/p>\n\n\n\n<p>Diff\u00e9rents sympt\u00f4mes peuvent appara\u00eetre pour une m\u00eame nuisance, en fonction des \u00ab&nbsp;faiblesses&nbsp;\u00bb \u00e9nerg\u00e9tiques, physiques, biologiques&#8230; de chaque personne.<\/p>\n\n\n\n<p>Certaines personnes vont d\u00e9clencher des r\u00e9actions, d\u00e9clarer des maladies parfois tr\u00e8s rapidement, alors que d\u2019autres pas, ou tout du moins pas aussi rapidement.<\/p>\n\n\n\n<p>Nous pouvons \u00e9galement devenir de plus en plus sensible \u00e0 certaines nuisances avec le temps, ce qui est, par exemple, particuli\u00e8rement le cas avec les ondes \u00e9lectromagn\u00e9tiques.<\/p>\n\n\n\n<p>Et comme nous l\u2019avons pr\u00e9c\u00e9demment dit, les effets de plusieurs nuisances combin\u00e9es se multiplient. Leurs r\u00e9percutions se feront donc ressentir plus rapidement et de fa\u00e7on plus marqu\u00e9e sur notre sant\u00e9.<\/p>\n\n\n\n<p>Mais nous pouvons malgr\u00e9 tout trouver, par exp\u00e9rience, un certain nombre de probl\u00e9matiques r\u00e9currentes en fonction des nuisances.<\/p>\n\n\n\n<div style=\"height:20px\" aria-hidden=\"true\" class=\"wp-block-spacer\"><\/div>\n<\/div><\/div>\n\n\n\n<h4 class=\"wp-block-heading\"><strong>En ce qui concerne les nuisances naturelles&nbsp;(liste non exhaustives) :<\/strong><\/h4>\n\n\n\n<p><strong>Eau&nbsp;<\/strong>: \u00e9nur\u00e9sie, envie fr\u00e9quente d\u2019uriner, sommeil agit\u00e9, manque d\u2019\u00e9nergie, d\u00e9pression, douleurs articulaires et rhumatismales, impacts sur le syst\u00e8me immunitaire et endocrinien\u2026<\/p>\n\n\n\n<p><strong>Faille<\/strong>&nbsp;: nervosit\u00e9, stress, affaiblissement de l\u2019\u00e9tat de sant\u00e9 g\u00e9n\u00e9ral, stress cellulaire, d\u00e9veloppement de radicaux libres\u2026<\/p>\n\n\n\n<p><strong>R\u00e9seaux telluriques&nbsp;<\/strong>: en fonction de la nature de ceux-ci, cela peut aller de la \u00ab&nbsp;simple&nbsp;\u00bb agitation, de la perturbation du sommeil, de maux de t\u00eate, de douleurs chroniques\u2026 \u00e0 des cons\u00e9quences beaucoup plus \u00ab&nbsp;s\u00e9rieuses&nbsp;\u00bb&nbsp;comme une perturbation du syst\u00e8me nerveux central, une atteinte du syst\u00e8me immunitaire, rupture d\u2019an\u00e9vrisme, mort subite&#8230;<\/p>\n\n\n\n<p><strong>Chemin\u00e9e cosmos-tellurique (\u00ab&nbsp;n\u00e9gative&nbsp;\u00bb)<\/strong>&nbsp;: \u00e9puisement, perturbations psychiques et \u00e9motionnelles, d\u00e9pression, vertiges, affaiblissement de l\u2019\u00e9tat de sant\u00e9 g\u00e9n\u00e9ral\u2026<\/p>\n\n\n\n<div style=\"height:20px\" aria-hidden=\"true\" class=\"wp-block-spacer\"><\/div>\n\n\n\n<h4 class=\"wp-block-heading\"><strong>En ce qui concerne les nuisances artificielles&nbsp;(liste non exhaustive)&nbsp;:<\/strong><\/h4>\n\n\n\n<p>Troubles du sommeil, fatigue chronique, stress, pertes de m\u00e9moire, inflammations chroniques, probl\u00e8mes de concentration, agitation, maux de t\u00eate, engourdissements, vertiges, \u00e9chauffements\u2026 d\u00e9t\u00e9rioration du syst\u00e8me immunitaire, stress oxydatif, maladies neurologiques, maladies graves (d\u00e9g\u00e9n\u00e9ratives, cancers\u2026).<\/p>\n\n\n\n<p class=\"has-text-align-right has-vivid-green-cyan-color has-text-color has-link-color wp-elements-dfb43d86d02e2e3e54bd5f1bbcf4a2c9\"><a href=\"https:\/\/christophedrouglazet.fr\/index.php\/quen-dit-la-science\/\" data-type=\"page\" data-id=\"329\">(Suite de l&rsquo;exploration&#8230;)<\/a><\/p>\n","protected":false},"excerpt":{"rendered":"<p>De quelles fa\u00e7ons ces nuisances nous affectent-elles&nbsp;? Les nuisances peuvent nous affecter de 2 fa\u00e7ons distinctes&nbsp;: Elles vont venir perturber le bon fonctionnement biologique et physiologique du corps humain soit uniquement sur une zone bien localis\u00e9e, soit sur l\u2019ensemble du corps. Elles peuvent \u00e9galement perturber notre \u00e9tat psychique et \u00e9motionnel. Ces nuisances peuvent \u00e9galement affecter &hellip; <\/p>\n","protected":false},"author":1,"featured_media":0,"parent":0,"menu_order":0,"comment_status":"closed","ping_status":"closed","template":"","meta":{"footnotes":""},"class_list":["post-320","page","type-page","status-publish","hentry","grid-sizer"],"_links":{"self":[{"href":"https:\/\/christophedrouglazet.fr\/index.php\/wp-json\/wp\/v2\/pages\/320","targetHints":{"allow":["GET"]}}],"collection":[{"href":"https:\/\/christophedrouglazet.fr\/index.php\/wp-json\/wp\/v2\/pages"}],"about":[{"href":"https:\/\/christophedrouglazet.fr\/index.php\/wp-json\/wp\/v2\/types\/page"}],"author":[{"embeddable":true,"href":"https:\/\/christophedrouglazet.fr\/index.php\/wp-json\/wp\/v2\/users\/1"}],"replies":[{"embeddable":true,"href":"https:\/\/christophedrouglazet.fr\/index.php\/wp-json\/wp\/v2\/comments?post=320"}],"version-history":[{"count":21,"href":"https:\/\/christophedrouglazet.fr\/index.php\/wp-json\/wp\/v2\/pages\/320\/revisions"}],"predecessor-version":[{"id":1853,"href":"https:\/\/christophedrouglazet.fr\/index.php\/wp-json\/wp\/v2\/pages\/320\/revisions\/1853"}],"wp:attachment":[{"href":"https:\/\/christophedrouglazet.fr\/index.php\/wp-json\/wp\/v2\/media?parent=320"}],"curies":[{"name":"wp","href":"https:\/\/api.w.org\/{rel}","templated":true}]}}