{"id":277,"date":"2024-04-09T22:49:28","date_gmt":"2024-04-09T20:49:28","guid":{"rendered":"https:\/\/christophedrouglazet.fr\/?page_id=277"},"modified":"2025-12-07T15:08:20","modified_gmt":"2025-12-07T14:08:20","slug":"quelques-exemples-concrets-rencontres","status":"publish","type":"page","link":"https:\/\/christophedrouglazet.fr\/index.php\/quelques-exemples-concrets-rencontres\/","title":{"rendered":"Quelques exemples concrets\u2026"},"content":{"rendered":"\n<div style=\"height:20px\" aria-hidden=\"true\" class=\"wp-block-spacer\"><\/div>\n\n\n\n<p>Voici quelques exemples de situations rencontr\u00e9es.<\/p>\n\n\n\n<div style=\"height:20px\" aria-hidden=\"true\" class=\"wp-block-spacer\"><\/div>\n\n\n\n<h4 class=\"wp-block-heading\"><strong>Un couple est invit\u00e9 plusieurs fois chez des amis pour d\u00eener<\/strong>&#8230;<\/h4>\n\n\n\n<p>A chaque fois, une fois sur place, une tension monte dans le couple jusqu\u2019\u00e0 la dispute. <br>La pr\u00e9sence d\u2019une masse \u00e9nerg\u00e9tique (\u00ab&nbsp;entit\u00e9&nbsp;\u00bb) de \u00ab&nbsp;col\u00e8re&nbsp;\u00bb qui se trouvait chez leurs amis venait r\u00e9veiller et attiser les vibrations de col\u00e8re inconscientes qu\u2019ils avaient en eux&#8230;<\/p>\n\n\n\n<div style=\"height:20px\" aria-hidden=\"true\" class=\"wp-block-spacer\"><\/div>\n\n\n\n<h4 class=\"wp-block-heading\"><strong>Sentiment de malaise dans une pi\u00e8ce ou dans tous les volumes d\u2019une maison&#8230;<\/strong><\/h4>\n\n\n\n<p>Manifestation de ressentis inconscients de vibrations \u00e9mises par les murs d\u2019\u00e9v\u00e9nements d\u00e9sagr\u00e9ables, tristes, voire tragiques qui y ont eu lieu\u2026<\/p>\n\n\n\n<div style=\"height:20px\" aria-hidden=\"true\" class=\"wp-block-spacer\"><\/div>\n\n\n\n<h4 class=\"wp-block-heading\"><strong>Des maisons qui \u00ab&nbsp;rejettent&nbsp;\u00bb les hommes&#8230;<\/strong><\/h4>\n\n\n\n<p>Certains hommes n\u2019\u00e9taient pas vraiment les bienvenus dans leur nouvelle maison\u2026 la faute \u00e0 des pr\u00e9sences \u00ab&nbsp;ind\u00e9sirables&nbsp;\u00bb. <br>Il s\u2019agissait dans ces cas-l\u00e0 d\u2019\u00e2mes errantes, en l\u2019occurrence des femmes, qui en voulait tellement aux hommes qu\u2019elles leur faisaient vivre de toutes les couleurs&nbsp;: insomnie, stress, mal \u00eatre, d\u00e9pression\u2026<\/p>\n\n\n\n<div style=\"height:20px\" aria-hidden=\"true\" class=\"wp-block-spacer\"><\/div>\n\n\n\n<h4 class=\"wp-block-heading\"><strong>Des travaux de r\u00e9novation qui n\u2019avancent pas&#8230;<\/strong><\/h4>\n\n\n\n<p>Des \u00ab&nbsp;pr\u00e9sences&nbsp;\u00bb subtiles attach\u00e9es \u00e0 un lieu ont fait de tout leur possible pour que les travaux n\u2019avancent pas et ainsi retarder l\u2019arriv\u00e9e des nouveaux propri\u00e9taires.<\/p>\n\n\n\n<div style=\"height:20px\" aria-hidden=\"true\" class=\"wp-block-spacer\"><\/div>\n\n\n\n<h4 class=\"wp-block-heading\"><strong>Des m\u00e9moires du sol peu accueillantes\u2026<\/strong><\/h4>\n\n\n\n<p>Maisons ou b\u00e2timents construits sur des terrains qui ont connu, par le pass\u00e9, des \u00e9v\u00e9nements tragiques&nbsp;: meurtres, fusillades, ex\u00e9cutions, fosse commune\u2026 <br>\u00c9v\u00e9nements pourtant parfois tr\u00e8s anciens, mais qui avaient un impact bien r\u00e9el sur les habitants&nbsp;: mal-\u00eatre, anxi\u00e9t\u00e9, troubles du sommeil, troubles du comportement&#8230;<\/p>\n\n\n\n<div style=\"height:20px\" aria-hidden=\"true\" class=\"wp-block-spacer\"><\/div>\n\n\n\n<h4 class=\"wp-block-heading\"><strong>Des m\u00e9moires de magie noire dans le sol\u2026<\/strong><\/h4>\n\n\n\n<p>M\u00e9moires de magie noire r\u00e9alis\u00e9e \u00e0 d\u2019autres \u00e9poques pr\u00e9sentes sur certains terrains.<br>\u00ab&nbsp;R\u00e9veill\u00e9es&nbsp;\u00bb par des travaux, ces m\u00e9moires ont engendr\u00e9 des probl\u00e8mes en s\u00e9rie aux propri\u00e9taires des lieux\u2026<\/p>\n\n\n\n<div style=\"height:20px\" aria-hidden=\"true\" class=\"wp-block-spacer\"><\/div>\n\n\n\n<h2 class=\"wp-block-heading\"><strong>Professionnels, vous \u00eates aussi concern\u00e9s<\/strong>&#8230;<\/h2>\n\n\n\n<div style=\"height:20px\" aria-hidden=\"true\" class=\"wp-block-spacer\"><\/div>\n\n\n\n<h4 class=\"wp-block-heading\"><strong>Des maisons qui ne se vendent pas\u2026<\/strong><\/h4>\n\n\n\n<p>Des liens \u00ab&nbsp;toxiques&nbsp;\u00bb inconscients (liens d\u2019attachement) entre des personnes et le lieu, coupl\u00e9s \u00e0 la pr\u00e9sence d\u2019un des anciens propri\u00e9taires d\u00e9c\u00e9d\u00e9s, \u00ab&nbsp;attach\u00e9&nbsp;\u00bb au lieu, an\u00e9antissaient tout espoir de vente des biens\u2026<\/p>\n\n\n\n<div style=\"height:20px\" aria-hidden=\"true\" class=\"wp-block-spacer\"><\/div>\n\n\n\n<h4 class=\"wp-block-heading\"><strong>Blocage inexpliqu\u00e9 et soudain de l&rsquo;activit\u00e9 \u00e9conomique d&rsquo;une entreprise&#8230;<\/strong><\/h4>\n\n\n\n<p>L&rsquo;entreprise \u00e9tait \u00ab\u00a0attaqu\u00e9e\u00a0\u00bb \u00e9nerg\u00e9tiquement par certaines personnes mal intentionn\u00e9es, ce qui entrainait un \u00ab\u00a0blocage\u00a0\u00bb non seulement de l&rsquo;activit\u00e9 \u00e9conomique, mais \u00e9galement une concentration \u00ab\u00a0anormal\u00a0\u00bb de probl\u00e8mes, ainsi que le blocage de tous les projets du dirigent.<\/p>\n\n\n\n<div style=\"height:20px\" aria-hidden=\"true\" class=\"wp-block-spacer\"><\/div>\n\n\n\n<div style=\"height:20px\" aria-hidden=\"true\" class=\"wp-block-spacer\"><\/div>\n\n\n\n<h2 class=\"wp-block-heading\"><strong>Y compris si vous tenez une exploitation agricole&#8230;<\/strong><\/h2>\n\n\n\n<div style=\"height:20px\" aria-hidden=\"true\" class=\"wp-block-spacer\"><\/div>\n\n\n\n<h4 class=\"wp-block-heading\"><strong>Probl\u00e8mes en s\u00e9rie dans une exploitation laiti\u00e8re&#8230;<\/strong><\/h4>\n\n\n\n<p>Cas d&rsquo;une exploitation familiale laiti\u00e8re certifi\u00e9e Bio, dont les propri\u00e9taires sont tr\u00e8s proches et respectueux des animaux, de la nature, et qui ont une tr\u00e8s belle \u00e9thique.<br>Mais depuis quelques temps, plus rien n\u2019allait&nbsp;:<\/p>\n\n\n\n<ul class=\"wp-block-list\">\n<li>Surmortalit\u00e9 inexpliqu\u00e9e des veaux&nbsp;;<\/li>\n\n\n\n<li>Perturbation des cycles des vaches&nbsp;;<\/li>\n\n\n\n<li>Baisse de la production et plus grave, de la qualit\u00e9 du lait (augmentation des cellules)&nbsp;;<\/li>\n\n\n\n<li>D\u00e9clanchement d\u2019une grave maladie inexpliqu\u00e9e chez une vache&nbsp;;<\/li>\n\n\n\n<li>Difficult\u00e9s \u00e0 trouver du fourrage&nbsp;;<\/li>\n\n\n\n<li>Ainsi qu\u2019une succession de probl\u00e8mes en tous genres\u2026<\/li>\n<\/ul>\n\n\n\n<p>L\u2019origine de tous ces probl\u00e8mes venait de la construction d\u2019un nouveau hangar. Des m\u00e9moires de magie noire datant du d\u00e9but du 20<sup>\u00e8me<\/sup> si\u00e8cle pr\u00e9sentes sur l\u2019exploitation ont \u00e9t\u00e9 r\u00e9veill\u00e9es par les travaux. Elles ont d\u00e9clench\u00e9 une multitude de d\u00e9s\u00e9quilibres \u00e9nerg\u00e9tiques sur le lieu, provoquant ainsi toute une s\u00e9rie de probl\u00e8mes.<\/p>\n\n\n\n<p>Suite \u00e0 l\u2019intervention, <strong>coupl\u00e9e \u00e0 une intervention en G\u00e9obiologie<\/strong>, tout est rentr\u00e9 rapidement dans l\u2019ordre&nbsp;:<\/p>\n\n\n\n<ul class=\"wp-block-list\">\n<li>Taux de mortalit\u00e9 des veaux revenu \u00ab&nbsp;\u00e0 la normal&nbsp;\u00bb&nbsp;;<\/li>\n\n\n\n<li>R\u00e9gularisation des cycles des vaches&nbsp;;<\/li>\n\n\n\n<li>Augmentation cons\u00e9quente de la production de lait&nbsp;;<\/li>\n\n\n\n<li>Am\u00e9lioration tr\u00e8s nette de la qualit\u00e9 du lait&nbsp;;<\/li>\n\n\n\n<li>Fourrage trouv\u00e9 en quantit\u00e9&nbsp;;<\/li>\n\n\n\n<li>D\u00e9blocage de certains dossiers qui n\u2019\u00e9taient plus \u00e0 l\u2019ordre du jour&nbsp;;<\/li>\n\n\n\n<li>Et bien entendu, le retour d\u2019une certaine s\u00e9r\u00e9nit\u00e9 dans la famille\u2026<\/li>\n<\/ul>\n\n\n\n<p>Seul b\u00e9mol&nbsp;: la vache malade n\u2019a malheureusement pas surv\u00e9cu \u00e0 cette \u00ab&nbsp;maladie&nbsp;\u00bb\u2026<\/p>\n\n\n\n<div style=\"height:20px\" aria-hidden=\"true\" class=\"wp-block-spacer\"><\/div>\n\n\n\n<p><strong><a href=\"https:\/\/christophedrouglazet.fr\/index.php\/tarifs\/\" data-type=\"page\" data-id=\"537\">POUR VOIR LES TARIFS, CLIQUEZ ICI&#8230;<\/a><\/strong><\/p>\n\n\n\n<p class=\"has-text-align-right has-vivid-green-cyan-color has-text-color has-link-color wp-elements-c97ce4aca766a84ab4b016fefe96c0a0\"><a href=\"https:\/\/christophedrouglazet.fr\/\" data-type=\"page\" data-id=\"7\">(Retour \u00e0 la page d&rsquo;accueil)<\/a><\/p>\n","protected":false},"excerpt":{"rendered":"<p>Voici quelques exemples de situations rencontr\u00e9es. Un couple est invit\u00e9 plusieurs fois chez des amis pour d\u00eener&#8230; A chaque fois, une fois sur place, une tension monte dans le couple jusqu\u2019\u00e0 la dispute. La pr\u00e9sence d\u2019une masse \u00e9nerg\u00e9tique (\u00ab&nbsp;entit\u00e9&nbsp;\u00bb) de \u00ab&nbsp;col\u00e8re&nbsp;\u00bb qui se trouvait chez leurs amis venait r\u00e9veiller et attiser les vibrations de col\u00e8re &hellip; <\/p>\n","protected":false},"author":1,"featured_media":0,"parent":0,"menu_order":0,"comment_status":"closed","ping_status":"closed","template":"","meta":{"footnotes":""},"class_list":["post-277","page","type-page","status-publish","hentry","grid-sizer"],"_links":{"self":[{"href":"https:\/\/christophedrouglazet.fr\/index.php\/wp-json\/wp\/v2\/pages\/277","targetHints":{"allow":["GET"]}}],"collection":[{"href":"https:\/\/christophedrouglazet.fr\/index.php\/wp-json\/wp\/v2\/pages"}],"about":[{"href":"https:\/\/christophedrouglazet.fr\/index.php\/wp-json\/wp\/v2\/types\/page"}],"author":[{"embeddable":true,"href":"https:\/\/christophedrouglazet.fr\/index.php\/wp-json\/wp\/v2\/users\/1"}],"replies":[{"embeddable":true,"href":"https:\/\/christophedrouglazet.fr\/index.php\/wp-json\/wp\/v2\/comments?post=277"}],"version-history":[{"count":19,"href":"https:\/\/christophedrouglazet.fr\/index.php\/wp-json\/wp\/v2\/pages\/277\/revisions"}],"predecessor-version":[{"id":1860,"href":"https:\/\/christophedrouglazet.fr\/index.php\/wp-json\/wp\/v2\/pages\/277\/revisions\/1860"}],"wp:attachment":[{"href":"https:\/\/christophedrouglazet.fr\/index.php\/wp-json\/wp\/v2\/media?parent=277"}],"curies":[{"name":"wp","href":"https:\/\/api.w.org\/{rel}","templated":true}]}}