{"id":269,"date":"2024-04-09T22:38:22","date_gmt":"2024-04-09T20:38:22","guid":{"rendered":"https:\/\/christophedrouglazet.fr\/?page_id=269"},"modified":"2025-12-07T15:03:40","modified_gmt":"2025-12-07T14:03:40","slug":"quelles-peuvent-etre-les-origines-dun-blocage-energetique","status":"publish","type":"page","link":"https:\/\/christophedrouglazet.fr\/index.php\/quelles-peuvent-etre-les-origines-dun-blocage-energetique\/","title":{"rendered":"Quelles peuvent-\u00eatre les origines d&rsquo;un blocage \u00e9nerg\u00e9tique?"},"content":{"rendered":"\n<div style=\"height:20px\" aria-hidden=\"true\" class=\"wp-block-spacer\"><\/div>\n\n\n\n<p>La tr\u00e8s grande majorit\u00e9 des blocages ne viennent\u2026 que de nous m\u00eame&nbsp;!!!<\/p>\n\n\n\n<p>Bien que malheureusement encore trop peu \u00e9tudi\u00e9 par la science, notre corps \u00e0 la facult\u00e9 de garder en m\u00e9moire une incroyable quantit\u00e9 d\u2019informations, parfois profond\u00e9ment enfouies en nous, et dont la plupart du temps nous n\u2019en soup\u00e7onnons m\u00eame pas l\u2019existence&nbsp;!<\/p>\n\n\n\n<p>Et notre inconscient, sur lequel sont bas\u00e9s entre 90&nbsp;et 99% de nos modes de fonctionnement, s&rsquo;appuie sur cette biblioth\u00e8que d\u2019informations pour \u00ab&nbsp;g\u00e9rer&nbsp;\u00bb notre vie, notre \u00e9motionnel, nos r\u00e9actions, nos peurs, pour cr\u00e9er notre r\u00e9alit\u00e9, etc.<\/p>\n\n\n\n<div style=\"height:20px\" aria-hidden=\"true\" class=\"wp-block-spacer\"><\/div>\n\n\n\n<h4 class=\"wp-block-heading\"><strong>De quelles informations parlons-nous&nbsp;?<\/strong><\/h4>\n\n\n\n<p>Il s\u2019agit principalement&nbsp;:<\/p>\n\n\n\n<ul class=\"wp-block-list\">\n<li>D\u2019informations, de \u00ab&nbsp;<strong>m\u00e9moires<\/strong>&nbsp;\u00bb, li\u00e9es&nbsp;\u00e0 notre parcours de vie&nbsp;: \u00e9motions, blessures \u00e9motionnelles, traumatismes, etc., mais aussi toutes les empreintes de nos pens\u00e9es, croyances, conditionnements\u2026<\/li>\n<\/ul>\n\n\n\n<ul class=\"wp-block-list\">\n<li>D\u2019informations, de \u00ab&nbsp;<strong>m\u00e9moires<\/strong>&nbsp;\u00bb, li\u00e9es&nbsp;\u00e0 nos anc\u00eatres, vivants ou d\u00e9c\u00e9d\u00e9s (<strong>m\u00e9moires transg\u00e9n\u00e9rationnelles<\/strong>)&nbsp;;<\/li>\n<\/ul>\n\n\n\n<ul class=\"wp-block-list\">\n<li>D\u2019informations, de \u00ab&nbsp;<strong>m\u00e9moires<\/strong>&nbsp;\u00bb, li\u00e9es \u00e0 notre passage dans le ventre de notre maman (<strong>m\u00e9moires in-ut\u00e9ro<\/strong>)&nbsp;;<\/li>\n<\/ul>\n\n\n\n<ul class=\"wp-block-list\">\n<li>D\u2019informations, de \u00ab&nbsp;<strong>m\u00e9moires<\/strong>&nbsp;\u00bb, li\u00e9es \u00e0 notre naissance&nbsp;;<\/li>\n<\/ul>\n\n\n\n<ul class=\"wp-block-list\">\n<li>D\u2019informations, de \u00ab&nbsp;<strong>m\u00e9moires<\/strong>&nbsp;\u00bb, li\u00e9es \u00e0 \u00ab&nbsp;d\u2019autres vies&nbsp;\u00bb, aux <strong>m\u00e9moires de \u00ab&nbsp;vies pass\u00e9es<\/strong>&nbsp;\u00bb ( je vous invite \u00e0 lire l&rsquo;article publi\u00e9 sur mon blog \u00e0 ce sujet)&#8230;<\/li>\n<\/ul>\n\n\n\n<p>Toutes ces informations, toutes ces programmations inconscientes nous influencent au quotidien \u00e0 des degr\u00e9s divers, et peuvent cr\u00e9er en nous une multitude de blocages \u00e9nerg\u00e9tiques qui finiront par se manifester dans notre vie, d\u2019une fa\u00e7on ou d\u2019une autre.<\/p>\n\n\n\n<div style=\"height:20px\" aria-hidden=\"true\" class=\"wp-block-spacer\"><\/div>\n\n\n\n<h4 class=\"wp-block-heading\"><strong>Quand est-il des blocages venant de \u00ab&nbsp;l\u2019ext\u00e9rieur&nbsp;\u00bb&nbsp;?<\/strong><\/h4>\n\n\n\n<p>Il existe en effet d\u2019autres formes de \u00ab&nbsp;blocages&nbsp;\u00bb \u00e9nerg\u00e9tiques&nbsp;: blocages ayant pour origine une tierce personne, d\u2019autres types d\u2019\u00e9nergies \u00e0 vibrations basses, etc&#8230;<\/p>\n\n\n\n<p>Ces blocages peuvent \u00eatre assimil\u00e9s \u00e0 des <strong>\u00ab&nbsp;attaques&nbsp;\u00bb \u00e9nerg\u00e9tiques<\/strong>.<\/p>\n\n\n\n<p>Il faut savoir que ce type de blocages reste \u00ab&nbsp;anecdotique&nbsp;\u00bb quant \u00e0 leur fr\u00e9quence, compar\u00e9 \u00e0 tous les blocages dont nous sommes nous-m\u00eame \u00e0 l\u2019origine.<br>Et m\u00eame si vous un jour vous en \u00e9tiez \u00ab&nbsp;victime&nbsp;\u00bb, sachez que ces formes de blocages \u00ab&nbsp;utilisent&nbsp;\u00bb certaines informations ou m\u00e9moires pr\u00e9sentes dans notre inconscient, des \u00ab&nbsp;dysfonctionnements&nbsp;\u00bb, des failles \u00e9nerg\u00e9tiques, des \u00ab&nbsp;blocages potentiels&nbsp;\u00bb d\u00e9j\u00e0 pr\u00e9sents en nous pour nous impacter&#8230;<br><strong>Nous avons donc \u00e9galement une r\u00e9elle part de responsabilit\u00e9s dans ce type de blocages.<\/strong><\/p>\n\n\n\n<p class=\"has-text-align-right has-vivid-green-cyan-color has-text-color has-link-color wp-elements-d9a971e64d7b8f4456d5a4f5cebeeb8b\"><a href=\"https:\/\/christophedrouglazet.fr\/index.php\/deroulement-dun-soin\/\" data-type=\"page\" data-id=\"194\">(Suite de l&rsquo;exploration&#8230;)<\/a><\/p>\n\n\n\n<div style=\"height:20px\" aria-hidden=\"true\" class=\"wp-block-spacer\"><\/div>\n\n\n\n<p><strong><a href=\"https:\/\/christophedrouglazet.fr\/index.php\/tarifs\/\" data-type=\"page\" data-id=\"537\">POUR VOIR LES TARIFS, CLIQUEZ ICI&#8230;<\/a><\/strong><\/p>\n","protected":false},"excerpt":{"rendered":"<p>La tr\u00e8s grande majorit\u00e9 des blocages ne viennent\u2026 que de nous m\u00eame&nbsp;!!! Bien que malheureusement encore trop peu \u00e9tudi\u00e9 par la science, notre corps \u00e0 la facult\u00e9 de garder en m\u00e9moire une incroyable quantit\u00e9 d\u2019informations, parfois profond\u00e9ment enfouies en nous, et dont la plupart du temps nous n\u2019en soup\u00e7onnons m\u00eame pas l\u2019existence&nbsp;! Et notre inconscient, &hellip; <\/p>\n","protected":false},"author":1,"featured_media":0,"parent":0,"menu_order":0,"comment_status":"closed","ping_status":"closed","template":"","meta":{"footnotes":""},"class_list":["post-269","page","type-page","status-publish","hentry","grid-sizer"],"_links":{"self":[{"href":"https:\/\/christophedrouglazet.fr\/index.php\/wp-json\/wp\/v2\/pages\/269","targetHints":{"allow":["GET"]}}],"collection":[{"href":"https:\/\/christophedrouglazet.fr\/index.php\/wp-json\/wp\/v2\/pages"}],"about":[{"href":"https:\/\/christophedrouglazet.fr\/index.php\/wp-json\/wp\/v2\/types\/page"}],"author":[{"embeddable":true,"href":"https:\/\/christophedrouglazet.fr\/index.php\/wp-json\/wp\/v2\/users\/1"}],"replies":[{"embeddable":true,"href":"https:\/\/christophedrouglazet.fr\/index.php\/wp-json\/wp\/v2\/comments?post=269"}],"version-history":[{"count":11,"href":"https:\/\/christophedrouglazet.fr\/index.php\/wp-json\/wp\/v2\/pages\/269\/revisions"}],"predecessor-version":[{"id":1856,"href":"https:\/\/christophedrouglazet.fr\/index.php\/wp-json\/wp\/v2\/pages\/269\/revisions\/1856"}],"wp:attachment":[{"href":"https:\/\/christophedrouglazet.fr\/index.php\/wp-json\/wp\/v2\/media?parent=269"}],"curies":[{"name":"wp","href":"https:\/\/api.w.org\/{rel}","templated":true}]}}