{"id":196,"date":"2024-04-09T20:36:31","date_gmt":"2024-04-09T18:36:31","guid":{"rendered":"https:\/\/christophedrouglazet.fr\/?page_id=196"},"modified":"2025-12-07T14:48:46","modified_gmt":"2025-12-07T13:48:46","slug":"quels-peuvent-en-etre-les-bienfaits","status":"publish","type":"page","link":"https:\/\/christophedrouglazet.fr\/index.php\/quels-peuvent-en-etre-les-bienfaits\/","title":{"rendered":"Quels peuvent en \u00eatre les bienfaits?"},"content":{"rendered":"\n<div style=\"height:20px\" aria-hidden=\"true\" class=\"wp-block-spacer\"><\/div>\n\n\n\n<p><strong>Chaque soin est UNIQUE&nbsp;! Chaque personne est UNIQUE&nbsp;!<\/strong><\/p>\n\n\n\n<p><strong>Chaque personne poss\u00e8de SON PROPRE POUVOIR de \u00ab&nbsp;Gu\u00e9rison \u00bb&nbsp;!<\/strong><\/p>\n\n\n\n<p>Vous imaginez donc que, tout comme pour les blocages, les b\u00e9n\u00e9fices d\u2019un soin peuvent se manifester de multiples fa\u00e7ons, sur diff\u00e9rentes \u00e9chelles de temps, en fonction des personnes.<\/p>\n\n\n\n<p>En voici toutefois quelques exemples&nbsp;:<\/p>\n\n\n\n<ul class=\"wp-block-list\">\n<li>am\u00e9lioration de <strong>l\u2019\u00e9tat de sant\u00e9 g\u00e9n\u00e9ral<\/strong> ;<\/li>\n\n\n\n<li>lib\u00e9ration des <strong>tensions<\/strong>&nbsp;(physiques, psychiques&#8230;) ;<\/li>\n\n\n\n<li>am\u00e9lioration du <strong>sommeil<\/strong>&nbsp;;<\/li>\n\n\n\n<li>att\u00e9nuation\/disparition d\u2019<strong>addictions<\/strong>&nbsp;;<\/li>\n\n\n\n<li>am\u00e9lioration d\u2019<strong>\u00e9tats de fatigue inexpliqu\u00e9s <\/strong>;<\/li>\n\n\n\n<li>all\u00e8gement\/sortie de <strong>d\u00e9pression<\/strong>&nbsp;;<\/li>\n\n\n\n<li>diminution du <strong>stress<\/strong>&nbsp;et de l\u2019<strong>anxi\u00e9t\u00e9<\/strong> ;<\/li>\n\n\n\n<li>am\u00e9lioration de la <strong>concentration<\/strong>&nbsp;;<\/li>\n\n\n\n<li><strong>reconnexion \u00e0 son corps<\/strong>&nbsp;;<\/li>\n\n\n\n<li>att\u00e9nuation\/disparition de <strong>sch\u00e9mas r\u00e9p\u00e9titifs<\/strong>&nbsp;;<\/li>\n\n\n\n<li>reconnexion \u00e0 son <strong>pouvoir personnel<\/strong>&nbsp;;<\/li>\n\n\n\n<li>lib\u00e9ration d\u2019<strong>emprises<\/strong>&nbsp;;<\/li>\n\n\n\n<li>lib\u00e9ration d\u2019<strong>attaques \u00e9nerg\u00e9tiques<\/strong> (dont <strong>magie noire<\/strong>)&nbsp;;<\/li>\n\n\n\n<li>lib\u00e9ration de <strong>peurs<\/strong>&nbsp;;<\/li>\n\n\n\n<li><strong>lib\u00e9ration \u00e9motionnelle<\/strong> (col\u00e8re, tristesse\u2026)&nbsp;;<\/li>\n\n\n\n<li><strong>lib\u00e9ration de fardeaux<\/strong>&nbsp;;<\/li>\n\n\n\n<li>(&#8230;)<\/li>\n<\/ul>\n\n\n\n<div style=\"height:20px\" aria-hidden=\"true\" class=\"wp-block-spacer\"><\/div>\n\n\n\n<div class=\"wp-block-group is-vertical is-layout-flex wp-container-core-group-is-layout-8cf370e7 wp-block-group-is-layout-flex\">\n<p>En <strong>recouvrant l\u2019int\u00e9grit\u00e9 de votre syst\u00e8me \u00e9nerg\u00e9tique<\/strong>&#8230;<br>En <strong>vous d\u00e9lestant<\/strong> <strong>de blocages<\/strong> conscients et inconscients\u2026<br>En <strong>vous d\u00e9faisant de liens toxiques<\/strong>\u2026<br>En <strong>vous lib\u00e9rant de fardeaux<\/strong> qui ne vous appartiennent pas&#8230;<br>En <strong>vous d\u00e9lestant de ce qui ne vous convient pas ou plus<\/strong>\u2026<br>En <strong>vous d\u00e9lestant des vibrations basses<\/strong> pr\u00e9sentes en vous et dans votre syst\u00e8me \u00e9nerg\u00e9tique\u2026<br><strong>Vous retrouverez un mieux-\u00eatre manifeste, que ce soit au niveau&nbsp;physique, psychique, mental, \u00e9motionnel, \u00e9nerg\u00e9tique, ou autres, ou sur plusieurs plans \u00e0 la fois<\/strong>&#8230;<br><strong>Vous vous r\u00e9harmoniserez progressivement \u00e0 de nouvelles vibrations qui seront plus justes pour vous..<\/strong><br><strong>Et comme par r\u00e9sonnance nous attirons ce que nous \u00ab\u00a0vibrons\u00a0\u00bb, vous attirerez alors \u00e0 vous de nouvelles vibrations bien plus favorables \u00e0 votre \u00ab&nbsp;gu\u00e9rison&nbsp;\u00bb, \u00e0 votre bien-\u00eatre, \u00e0 votre \u00e9volution personnelle&#8230;<\/strong><\/p>\n\n\n\n<div style=\"height:0px\" aria-hidden=\"true\" class=\"wp-block-spacer wp-container-content-62aae154\"><\/div>\n<\/div>\n\n\n\n<div class=\"wp-block-group is-vertical is-layout-flex wp-container-core-group-is-layout-8cf370e7 wp-block-group-is-layout-flex\">\n<div class=\"wp-block-group is-vertical is-layout-flex wp-container-core-group-is-layout-8cf370e7 wp-block-group-is-layout-flex\">\n<blockquote class=\"wp-block-quote has-text-align-right is-layout-flow wp-block-quote-is-layout-flow\">\n<p class=\"has-text-align-left\"><em><strong>\u00ab&nbsp;Tout est \u00e9nergie, et c\u2019est l\u00e0 tout ce qu\u2019il y a \u00e0 comprendre dans la vie.<\/strong><\/em><\/p>\n\n\n\n<p class=\"has-text-align-left\"><em><strong>Aligne-toi \u00e0 la fr\u00e9quence de la r\u00e9alit\u00e9 que tu souhaites et cette r\u00e9alit\u00e9 se manifestera.<\/strong><\/em><\/p>\n\n\n\n<p class=\"has-text-align-left\"><em><strong>Il ne peut en \u00eatre autrement. Ce n\u2019est pas de la philosophie. C\u2019est de la physique&nbsp;\u00bb.<\/strong><\/em><\/p>\n<cite><em>Albert Einstein<\/em><\/cite><\/blockquote>\n<\/div>\n<\/div>\n\n\n\n<p class=\"has-text-align-center\"><em>&nbsp;&nbsp;&nbsp;&nbsp;&nbsp;&nbsp;&nbsp;&nbsp;&nbsp;&nbsp;&nbsp;&nbsp;&nbsp;&nbsp;&nbsp;&nbsp;&nbsp;&nbsp;&nbsp;&nbsp;&nbsp;&nbsp;&nbsp;&nbsp;&nbsp;&nbsp;&nbsp;&nbsp;&nbsp;&nbsp;&nbsp;&nbsp;&nbsp;&nbsp;&nbsp;&nbsp;&nbsp;&nbsp;&nbsp;&nbsp;&nbsp;&nbsp;&nbsp;&nbsp;&nbsp;&nbsp;&nbsp;&nbsp;&nbsp;&nbsp;&nbsp;&nbsp;&nbsp;&nbsp;&nbsp;&nbsp;&nbsp;&nbsp;&nbsp;&nbsp;&nbsp;&nbsp;&nbsp;&nbsp;&nbsp;&nbsp;&nbsp;&nbsp;&nbsp;&nbsp;&nbsp;&nbsp;&nbsp;&nbsp;&nbsp;&nbsp;&nbsp;&nbsp;&nbsp;&nbsp;&nbsp;&nbsp;&nbsp;&nbsp;&nbsp;&nbsp;&nbsp;&nbsp;&nbsp;&nbsp;&nbsp;&nbsp;&nbsp;&nbsp;&nbsp;&nbsp;&nbsp;&nbsp;&nbsp;&nbsp;&nbsp;&nbsp;&nbsp;&nbsp;&nbsp; <\/em><\/p>\n\n\n\n<p><strong><u>Pour rappel<\/u><\/strong>&nbsp;: <\/p>\n\n\n\n<p>D<strong>ans le cas de maladies et probl\u00e8mes physiques<\/strong>, m\u00eame si un soin \u00e9nerg\u00e9tique peut apporter un soulagement, une am\u00e9lioration d\u2019un \u00e9tat de sant\u00e9, voire participer activement \u00e0 la gu\u00e9rison, <strong>il n\u2019est qu\u2019un outil compl\u00e9mentaire aux traitements m\u00e9dicaux, et ne peux aucunement s\u2019y substituer&nbsp;!<\/strong><\/p>\n\n\n\n<div style=\"height:20px\" aria-hidden=\"true\" class=\"wp-block-spacer\"><\/div>\n\n\n\n<p><strong><a href=\"https:\/\/christophedrouglazet.fr\/index.php\/tarifs\/\" data-type=\"page\" data-id=\"537\">POUR VOIR LES TARIFS, CLIQUEZ ICI&#8230;<\/a><\/strong><\/p>\n\n\n\n<p class=\"has-text-align-right has-vivid-green-cyan-color has-text-color has-link-color wp-elements-c97ce4aca766a84ab4b016fefe96c0a0\"><a href=\"https:\/\/christophedrouglazet.fr\/\" data-type=\"page\" data-id=\"7\">(Retour \u00e0 la page d&rsquo;accueil)<\/a><\/p>\n\n\n\n<p><\/p>\n","protected":false},"excerpt":{"rendered":"<p>Chaque soin est UNIQUE&nbsp;! Chaque personne est UNIQUE&nbsp;! Chaque personne poss\u00e8de SON PROPRE POUVOIR de \u00ab&nbsp;Gu\u00e9rison \u00bb&nbsp;! Vous imaginez donc que, tout comme pour les blocages, les b\u00e9n\u00e9fices d\u2019un soin peuvent se manifester de multiples fa\u00e7ons, sur diff\u00e9rentes \u00e9chelles de temps, en fonction des personnes. En voici toutefois quelques exemples&nbsp;: En recouvrant l\u2019int\u00e9grit\u00e9 de votre &hellip; <\/p>\n","protected":false},"author":1,"featured_media":0,"parent":0,"menu_order":0,"comment_status":"closed","ping_status":"closed","template":"","meta":{"footnotes":""},"class_list":["post-196","page","type-page","status-publish","hentry","grid-sizer"],"_links":{"self":[{"href":"https:\/\/christophedrouglazet.fr\/index.php\/wp-json\/wp\/v2\/pages\/196","targetHints":{"allow":["GET"]}}],"collection":[{"href":"https:\/\/christophedrouglazet.fr\/index.php\/wp-json\/wp\/v2\/pages"}],"about":[{"href":"https:\/\/christophedrouglazet.fr\/index.php\/wp-json\/wp\/v2\/types\/page"}],"author":[{"embeddable":true,"href":"https:\/\/christophedrouglazet.fr\/index.php\/wp-json\/wp\/v2\/users\/1"}],"replies":[{"embeddable":true,"href":"https:\/\/christophedrouglazet.fr\/index.php\/wp-json\/wp\/v2\/comments?post=196"}],"version-history":[{"count":28,"href":"https:\/\/christophedrouglazet.fr\/index.php\/wp-json\/wp\/v2\/pages\/196\/revisions"}],"predecessor-version":[{"id":1846,"href":"https:\/\/christophedrouglazet.fr\/index.php\/wp-json\/wp\/v2\/pages\/196\/revisions\/1846"}],"wp:attachment":[{"href":"https:\/\/christophedrouglazet.fr\/index.php\/wp-json\/wp\/v2\/media?parent=196"}],"curies":[{"name":"wp","href":"https:\/\/api.w.org\/{rel}","templated":true}]}}