{"id":194,"date":"2024-04-09T20:36:31","date_gmt":"2024-04-09T18:36:31","guid":{"rendered":"https:\/\/christophedrouglazet.fr\/?page_id=194"},"modified":"2025-12-07T15:04:23","modified_gmt":"2025-12-07T14:04:23","slug":"deroulement-dun-soin","status":"publish","type":"page","link":"https:\/\/christophedrouglazet.fr\/index.php\/deroulement-dun-soin\/","title":{"rendered":"D\u00e9roulement d&rsquo;un soin&#8230;"},"content":{"rendered":"\n<div style=\"height:20px\" aria-hidden=\"true\" class=\"wp-block-spacer\"><\/div>\n\n\n\n<h4 class=\"wp-block-heading\"><strong>Comment se d\u00e9roule un soin \u00e9nerg\u00e9tique&nbsp;?<\/strong><\/h4>\n\n\n\n<div style=\"height:20px\" aria-hidden=\"true\" class=\"wp-block-spacer\"><\/div>\n\n\n\n<p>Durant la s\u00e9ance, connect\u00e9 \u00e0 votre \u00catre, votre \u00e2me et votre corps, je vous accompagne, par rapport \u00e0 une probl\u00e9matique donn\u00e9e, vers une <strong>lib\u00e9ration des blocages<\/strong> en remontant \u00e0 leurs <strong>origines<\/strong>, ou tout au moins aussi loin que possible (*).<\/p>\n\n\n\n<p><em>(*) Nous avons toutes et tous un rythme d\u2019\u00e9volution, d\u2019\u00e9veil, de gu\u00e9rison qui nous est propre. Et tout comme pour notre int\u00e9grit\u00e9 physique, psychique, \u00e9nerg\u00e9tique (&#8230;), tout comme pour notre libre arbitre, <strong><em>il est essentiel qu\u2019ils soient respect\u00e9s<\/em><\/strong><\/em><strong><em>!!!<\/em><\/strong><\/p>\n\n\n\n<p>Les <strong>liens toxiques<\/strong>, <strong>attaques \u00e9nerg\u00e9tiques<\/strong>, <strong>\u00ab&nbsp;pr\u00e9sences&nbsp;\u00bb<\/strong> (\u00e2mes errantes, \u00ab&nbsp;bas astral&nbsp;\u00bb, etc.), et <strong>autres particularit\u00e9s<\/strong> qui pourraient \u00e9ventuellement se pr\u00e9senter durant le soin seront \u00e9galement \u00ab&nbsp;trait\u00e9s \u00bb.<\/p>\n\n\n\n<p><strong>Un soin peut se faire aussi bien en pr\u00e9sentiel qu\u2019\u00e0 distance.<\/strong><\/p>\n\n\n\n<p>Seul change le mode op\u00e9ratoire. L\u2019efficacit\u00e9 est la m\u00eame&nbsp;!<\/p>\n\n\n\n<p>Parfois, une s\u00e9ance peut suffire pour d\u00e9nouer certaines probl\u00e9matiques\u2026<\/p>\n\n\n\n<p>Parfois plusieurs s\u00e9ances sont n\u00e9cessaires\u2026 mais toujours au rythme qu\u2019il nous convient&nbsp;!<\/p>\n\n\n\n<p class=\"has-text-align-right has-vivid-green-cyan-color has-text-color has-link-color wp-elements-acd89a7c5ac2c4fae74d3618a9c6ffaf\"><a href=\"https:\/\/christophedrouglazet.fr\/index.php\/quels-peuvent-en-etre-les-bienfaits\/\" data-type=\"page\" data-id=\"196\">(Suite de l&rsquo;exploration&#8230;)<\/a><\/p>\n\n\n\n<div style=\"height:20px\" aria-hidden=\"true\" class=\"wp-block-spacer\"><\/div>\n\n\n\n<p><strong><a href=\"https:\/\/christophedrouglazet.fr\/index.php\/tarifs\/\" data-type=\"page\" data-id=\"537\">POUR VOIR LES TARIFS, CLIQUEZ ICI&#8230;<\/a><\/strong><\/p>\n","protected":false},"excerpt":{"rendered":"<p>Comment se d\u00e9roule un soin \u00e9nerg\u00e9tique&nbsp;? Durant la s\u00e9ance, connect\u00e9 \u00e0 votre \u00catre, votre \u00e2me et votre corps, je vous accompagne, par rapport \u00e0 une probl\u00e9matique donn\u00e9e, vers une lib\u00e9ration des blocages en remontant \u00e0 leurs origines, ou tout au moins aussi loin que possible (*). (*) Nous avons toutes et tous un rythme d\u2019\u00e9volution, &hellip; <\/p>\n","protected":false},"author":1,"featured_media":0,"parent":0,"menu_order":0,"comment_status":"closed","ping_status":"closed","template":"","meta":{"footnotes":""},"class_list":["post-194","page","type-page","status-publish","hentry","grid-sizer"],"_links":{"self":[{"href":"https:\/\/christophedrouglazet.fr\/index.php\/wp-json\/wp\/v2\/pages\/194","targetHints":{"allow":["GET"]}}],"collection":[{"href":"https:\/\/christophedrouglazet.fr\/index.php\/wp-json\/wp\/v2\/pages"}],"about":[{"href":"https:\/\/christophedrouglazet.fr\/index.php\/wp-json\/wp\/v2\/types\/page"}],"author":[{"embeddable":true,"href":"https:\/\/christophedrouglazet.fr\/index.php\/wp-json\/wp\/v2\/users\/1"}],"replies":[{"embeddable":true,"href":"https:\/\/christophedrouglazet.fr\/index.php\/wp-json\/wp\/v2\/comments?post=194"}],"version-history":[{"count":11,"href":"https:\/\/christophedrouglazet.fr\/index.php\/wp-json\/wp\/v2\/pages\/194\/revisions"}],"predecessor-version":[{"id":1857,"href":"https:\/\/christophedrouglazet.fr\/index.php\/wp-json\/wp\/v2\/pages\/194\/revisions\/1857"}],"wp:attachment":[{"href":"https:\/\/christophedrouglazet.fr\/index.php\/wp-json\/wp\/v2\/media?parent=194"}],"curies":[{"name":"wp","href":"https:\/\/api.w.org\/{rel}","templated":true}]}}