{"id":1448,"date":"2024-09-04T12:15:30","date_gmt":"2024-09-04T10:15:30","guid":{"rendered":"https:\/\/christophedrouglazet.fr\/?page_id=1448"},"modified":"2024-09-04T16:39:40","modified_gmt":"2024-09-04T14:39:40","slug":"temoignages","status":"publish","type":"page","link":"https:\/\/christophedrouglazet.fr\/index.php\/temoignages\/","title":{"rendered":"T\u00e9moignages"},"content":{"rendered":"\n<hr class=\"wp-block-separator has-alpha-channel-opacity is-style-default\"\/>\n\n\n\n<p>\u00ab\u00a0Participer \u00e0 la formation Qu\u2019UN&amp;Sens, c\u2019est r\u00e9veiller sa conscience et partir \u00e0 la rencontre de soi et de l\u2019invisible qui nous entoure. Le plan des modules est tr\u00e8s coh\u00e9rent, progressif et riche en contenu. La formation s\u2019adapte \u00e0 chacun et s\u2019appuie sur des exercices utiles et concrets. <\/p>\n\n\n\n<p><br>En tant que m\u00e9dium, elle m\u2019a permis de gagner en confiance, d\u2019affiner mes ressentis et d\u2019\u00e9voluer dans ma pratique gr\u00e2ce \u00e0 l\u2019appropriation de nouveaux outils. Apr\u00e8s d\u00e9j\u00e0 6 modules effectu\u00e9s, j\u2019appr\u00e9cie toujours autant le contact avec Christophe et Morgane. Par leur bienveillance, leur dynamisme et leur humour, ils font de ce moment d\u2019apprentissage un temps d\u2019\u00e9change et de partage qui nous donne toujours envie d\u2019en savoir toujours plus.<\/p>\n\n\n\n<p><br>Ce sont des instants qui ont marqu\u00e9 ma vie. Je ne peux que recommander cette formation et attends avec impatience la suite !\u00a0\u00bb<\/p>\n\n\n\n<hr class=\"wp-block-separator has-alpha-channel-opacity is-style-default\"\/>\n\n\n\n<p> <strong><em>A. V.<\/em><\/strong><\/p>\n\n\n\n<p>\u00ab\u00a0Je suis depuis longtemps les modules de la formation Qu\u2019UN&amp;Sens et j\u2019en ressort toujours grandit de connaissances d\u2019exp\u00e9riences et de connexion \u00e0 mon \u00catre.<\/p>\n\n\n\n<p>Super ambiance, rires. Tous nos ressentis sont pris en compte il n y a pas de mauvaises r\u00e9ponses et en cas de difficult\u00e9s il y a toujours un soutien.<\/p>\n\n\n\n<p>Et apr\u00e8s s\u2019il y a des questions qui viennent, il y aura toujours un retour.<\/p>\n\n\n\n<p>Grand merci \u00e0 Morgane et Christophe pour leur accompagnement.\u00a0\u00bb<\/p>\n\n\n\n<p><strong><em>M. G.<\/em><\/strong><\/p>\n\n\n\n<hr class=\"wp-block-separator has-alpha-channel-opacity\"\/>\n\n\n\n<p>\u00ab\u00a0J\u2019ai particip\u00e9 \u00e0 la formation Qu\u2019UN&amp;Sens avec Morgane et Christophe, elle se d\u00e9cline en plusieurs modules propos\u00e9s dans un ordre logique. Je dois avouer que je suis tr\u00e8s reconnaissante d\u2019y avoir particip\u00e9. Je n\u2019envisageais pas d\u2019assister \u00e0 chaque module puis de fil en aiguille on se laisse guider par un enseignement clair avec des bases solides, des explications plus juste les unes que les autres, de quoi aborder la vie diff\u00e9remment et sereinement.<\/p>\n\n\n\n<p>Morgane et Christophe sont tr\u00e8s p\u00e9dagogues. Ils prennent le temps qu\u2019il faut et s\u2019adaptent \u00e0 chaque personnalit\u00e9s pr\u00e9sente, sans jugement avec la plus grande bienfaisance qui puisse exister.<\/p>\n\n\n\n<p>La formation a transform\u00e9 ma vison des choses avec conscience et bienveillance. J\u2019y ai v\u00e9cu des moments de vie, rencontr\u00e9 des personnes formidable (tant les enseignants que les participants) qui aujourd\u2019hui font partie de ma vie. J\u2019ai tellement appris de moi, ce dont j\u2019\u00e9tais capable depuis tant d\u2019ann\u00e9es est enfin entr\u00e9 en lumi\u00e8re.<\/p>\n\n\n\n<p>Chaque module a son support papier reli\u00e9 qui devient essentiel pour r\u00e9\u00e9tudier \u00e0 la maison et mettre en pratique les enseignements d\u00e8s qu\u2019on le souhaite. Les pauses d\u00e9jeun\u00e9 sont conviviales la encore c\u2019est un moment de partage, de rires et de simplicit\u00e9s on se sent \u00e0 l\u2019aise rapidement.<\/p>\n\n\n\n<p>Je leur serai \u00e9ternellement reconnaissante pour tout ce qu\u2019ils m\u2019ont apport\u00e9s et transmis au fil de cette formation, mais aussi au soutien r\u00e9gulier qu\u2019ils exercent. Peut \u00eatre nous croiserons nous au gr\u00e9 d\u2019un module car mon petit doigt me dit qu\u2019il y aurait de la nouveaut\u00e9 \u00e0 la rentr\u00e9e.\u00a0\u00bb<\/p>\n\n\n\n<p><strong><em>A.B.<\/em><\/strong><\/p>\n\n\n\n<hr class=\"wp-block-separator has-alpha-channel-opacity\"\/>\n\n\n\n<p>\u00ab\u00a0J\u2019ai particip\u00e9 \u00e0 plusieurs modules de la formation Qu\u2019UN&amp;Sens organis\u00e9s par Morgane et Christophe. Ces ateliers m\u2019ont permis \u00e0 mieux me conna\u00eetre et \u00e0 d\u00e9couvrir des ressentis que j\u2019ai appris \u00e0 lire et \u00e0 accepter au fil du temps.<\/p>\n\n\n\n<p>Ces ateliers sont conduits dans la plus grande bienveillance et avec beaucoup de convivialit\u00e9. Ce sont des moments d\u2019\u00e9change et de retours d\u2019exp\u00e9rience int\u00e9ressants ! Je recommande l\u2019exp\u00e9rience.\u00a0\u00bb<\/p>\n\n\n\n<p><strong><em>A. S.<\/em><\/strong><\/p>\n\n\n\n<hr class=\"wp-block-separator has-alpha-channel-opacity\"\/>\n\n\n\n<p>\u00ab\u00a0Morgane et Christophe ont un Acquis, en exp\u00e9riences et en formations pointues, qui leur tient \u00e0 c\u0153ur de transmettre.<\/p>\n\n\n\n<p>Morgane et Christophe sont Authentiques et communiquent dans une atmosph\u00e8re joyeuse et tr\u00e8s encourageante dans une libert\u00e9 totale.<\/p>\n\n\n\n<p>Pour ma part j\u2019ai souhait\u00e9 approfondir le magn\u00e9tisme. Ces stages sont tout \u00e0 fait \u00e9tudi\u00e9s pour avancer et affiner nos connaissances et nos perceptions. Aucun niveau n\u2019est requit pour rejoindre leurs ateliers dont le contenu est tr\u00e8s dense, riche d\u2019informations.<\/p>\n\n\n\n<p>Il n\u2019y a pas de question qui reste sans r\u00e9ponse, la pratique nous met devant les faits des perceptions ressenties ainsi nous observons de nouvelles possibilit\u00e9s qui s\u2019ouvrent \u00e0 nous.<\/p>\n\n\n\n<p>Gr\u00e2ce \u00e0 la pratique mes ressentis se sont \u00e9lev\u00e9s\u2026<\/p>\n\n\n\n<p>L\u2019ambiance du groupe est toujours dans la bienveillance, le respect, ce qui est rassurant pour chacun.<\/p>\n\n\n\n<p>j\u2019ai eu la chance de rencontrer ces deux personnes il y a maintenant quelques ann\u00e9es, elles sont et restent \u00e9gales \u00e0 elles m\u00eames\u2026 UN Grand Merci \u00e0 VOUS pour votre Grand C\u0153ur\u2026\u00a0\u00bb<\/p>\n\n\n\n<p><strong><em>M-C. G<\/em><\/strong><\/p>\n\n\n\n<hr class=\"wp-block-separator has-alpha-channel-opacity\"\/>\n\n\n\n<p>\u00ab\u00a0Un grand merci \u00e0 Christophe<br>Suite \u00e0 son intervention sur l&rsquo;exploitation le taux cellulaire qui restait \u00e9lev\u00e9 malgr\u00e9 nos efforts est descendu en dessous des 200.<br>Les vaches ont un meilleurs \u00e9tat g\u00e9n\u00e9ral<br>Les veaux plus vigoureux<br>Des endroits d\u00e9laiss\u00e9s par les animaux sont de nouveau utilis\u00e9s.\u00a0\u00bb<\/p>\n\n\n\n<p><strong><em>M. A<\/em><\/strong><\/p>\n\n\n\n<hr class=\"wp-block-separator has-alpha-channel-opacity\"\/>\n\n\n\n<p>\u00ab\u00a0J&rsquo;ai b\u00e9n\u00e9fici\u00e9 de soins \u00e0 4 mains et de la formation Quintessence avec Christophe. Th\u00e9rapeute de toute confiance, les contenus de la formation sont tr\u00e8s riches, et excellent p\u00e9dagogue il a \u00e0 c\u0153ur de faire d\u00e9couvrir toutes les possibilit\u00e9s qui s&rsquo;offrent \u00e0 nous. Si vous souhaitez partir \u00e0 la d\u00e9couverte de soi, vous trouverez avec Christophe un accompagnement bienveillant pour grandir et \u00e9voluer sur votre chemin.<br>\ud83d\ude4f Merci Christophe \ud83d\ude4f\u00a0\u00bb<\/p>\n\n\n\n<p><strong><em>M. L<\/em><\/strong><\/p>\n\n\n\n<hr class=\"wp-block-separator has-alpha-channel-opacity\"\/>\n\n\n\n<p>\u00ab\u00a0Que de puissance chez Christophe ! On vibre litt\u00e9ralement \u00e0 ses c\u00f4t\u00e9s tellement son magn\u00e9tisme est fort. Un immense merci pour ma maison et les soins \u00e9nerg\u00e9tiques prodigu\u00e9s qui ont chang\u00e9 ma vie. De la clarification de maison au magn\u00e9tisme en passant par le Feng Shui et la formation, Christophe a une pratique compl\u00e8te et sait apporter bien \u00eatre dans la bienveillance et la confiance. N\u2019h\u00e9sitez pas \u00e0 faire appel \u00e0 ses services et \u00e0 ceux de sa femme, Morgane, un nouveau monde s\u2019offrira \u00e0 vous !\u00a0\u00bb<\/p>\n\n\n\n<p><strong><em>M. L G<\/em><\/strong><\/p>\n\n\n\n<hr class=\"wp-block-separator has-alpha-channel-opacity\"\/>\n\n\n\n<p>\u00ab\u00a0J&rsquo;ai fais appel aux comp\u00e9tences de Christophe afin qu&rsquo;il effectue une clarification dans mon logement. J&rsquo;en suis pleinement satisfaite. Il ma expliqu\u00e9 l&rsquo;importance des m\u00e9moires des murs, du sol etc&#8230; Il ma \u00e9galement conseill\u00e9e et accompagn\u00e9e en terme de Feng shui afin que les \u00e9nergies soient en totale harmonie.<br>c&rsquo;est un super g\u00e9obiologiste et \u00e9nerg\u00e9ticien \u00e0 l&rsquo;\u00e9coute. Je le recommande +++. Il dispense \u00e9galement des modules de formations avec son \u00e9pouse Morgane. Ancrage centrage alignements g\u00e9om\u00e9trie sacr\u00e9e etc&#8230;n&rsquo;ont plus de secret \u00e0 pr\u00e9sent. Ses soins \u00e9nerg\u00e9tiques sont puissants et efficaces.<br>Merci Christophe\u00a0\u00bb<\/p>\n\n\n\n<p><strong><em>A. B<\/em><\/strong><\/p>\n\n\n\n<hr class=\"wp-block-separator has-alpha-channel-opacity\"\/>\n\n\n\n<p>\u00ab\u00a0J&rsquo;ai fais faire un nettoyage \u00e9nerg\u00e9tique complet avec la g\u00e9obiologie, pour mon habitation ( plus le habitants ). Beaucoup de choses lib\u00e9r\u00e9es, harmonis\u00e9es. Une maison sereine et saine. Je conseille vivement.<\/p>\n\n\n\n<p><strong><em>A. J<\/em><\/strong><\/p>\n\n\n\n<hr class=\"wp-block-separator has-alpha-channel-opacity\"\/>\n\n\n\n<p>\u00ab\u00a0Christophe est un excellent th\u00e9rapeute. Dot\u00e9 de connaissances tr\u00e8s pr\u00e9cises dans les domaines de la g\u00e9obiologie, le Feng shui, les min\u00e9raux, le pendule, les soins \u00e9nerg\u00e9tiques, il sera vous guider et vous aider avec beaucoup de bienveillance.<br>Je vous le recommande fortement.\u00a0\u00bb<\/p>\n\n\n\n<p><strong><em>K. M<\/em><\/strong><\/p>\n\n\n\n<hr class=\"wp-block-separator has-alpha-channel-opacity\"\/>\n\n\n\n<p>\u00ab\u00a0Christophe est un th\u00e9rapeute exceptionnel.<br>Il sera \u00e0 votre \u00e9coute dans la bienveillance. Ses grandes capacit\u00e9s et son savoir lui permettent de vous accompagner \u00e0 la juste mesure de vos besoins.<br>Il m\u2019accompagne r\u00e9guli\u00e8rement depuis plusieurs ann\u00e9es, et c\u2019est toujours avec une grande confiance que je vais le voir.\u00a0\u00bb<\/p>\n\n\n\n<p><strong><em>C. C<\/em><\/strong><\/p>\n\n\n\n<hr class=\"wp-block-separator has-alpha-channel-opacity\"\/>\n\n\n\n<p>\u00ab\u00a0Une \u00e9coute, une attention, un savoir .. cela ne peut se r\u00e9sumer sur un avis ..<br>Prenez rdv dans le domaine qui vous incombe, vous seul savez, et lui seul peut vous r\u00e9pondre..\u00a0\u00bb<\/p>\n\n\n\n<p><strong><em>N. L<\/em><\/strong><\/p>\n\n\n\n<hr class=\"wp-block-separator has-alpha-channel-opacity\"\/>\n\n\n\n<p>\u00ab\u00a0Christophe est une personne bienveillante, \u00e0 l&rsquo;\u00e9coute de nos questionnements et avec beaucoup de connaissances dans les domaines de la g\u00e9obiologie, du Feng shui, les soins \u00e9nerg\u00e9tiques, le pendule, la lithoth\u00e9rapie, le tambour chamanique, nettoyage des lieux ainsi que les techniques pour se sentir en s\u00e9curit\u00e9 dans le monde du subtil, bref la liste est longue \u263a\ufe0f et je passe sur ses qualit\u00e9s humaines&#8230;je vous le recommande les yeux ferm\u00e9s.\u00a0\u00bb<\/p>\n\n\n\n<p><strong><em>C. R<\/em><\/strong><\/p>\n","protected":false},"excerpt":{"rendered":"<p>\u00ab\u00a0Participer \u00e0 la formation Qu\u2019UN&amp;Sens, c\u2019est r\u00e9veiller sa conscience et partir \u00e0 la rencontre de soi et de l\u2019invisible qui nous entoure. Le plan des modules est tr\u00e8s coh\u00e9rent, progressif et riche en contenu. La formation s\u2019adapte \u00e0 chacun et s\u2019appuie sur des exercices utiles et concrets. En tant que m\u00e9dium, elle m\u2019a permis de &hellip; <\/p>\n","protected":false},"author":1,"featured_media":0,"parent":0,"menu_order":0,"comment_status":"closed","ping_status":"closed","template":"","meta":{"footnotes":""},"class_list":["post-1448","page","type-page","status-publish","hentry","grid-sizer"],"_links":{"self":[{"href":"https:\/\/christophedrouglazet.fr\/index.php\/wp-json\/wp\/v2\/pages\/1448","targetHints":{"allow":["GET"]}}],"collection":[{"href":"https:\/\/christophedrouglazet.fr\/index.php\/wp-json\/wp\/v2\/pages"}],"about":[{"href":"https:\/\/christophedrouglazet.fr\/index.php\/wp-json\/wp\/v2\/types\/page"}],"author":[{"embeddable":true,"href":"https:\/\/christophedrouglazet.fr\/index.php\/wp-json\/wp\/v2\/users\/1"}],"replies":[{"embeddable":true,"href":"https:\/\/christophedrouglazet.fr\/index.php\/wp-json\/wp\/v2\/comments?post=1448"}],"version-history":[{"count":20,"href":"https:\/\/christophedrouglazet.fr\/index.php\/wp-json\/wp\/v2\/pages\/1448\/revisions"}],"predecessor-version":[{"id":1472,"href":"https:\/\/christophedrouglazet.fr\/index.php\/wp-json\/wp\/v2\/pages\/1448\/revisions\/1472"}],"wp:attachment":[{"href":"https:\/\/christophedrouglazet.fr\/index.php\/wp-json\/wp\/v2\/media?parent=1448"}],"curies":[{"name":"wp","href":"https:\/\/api.w.org\/{rel}","templated":true}]}}