{"id":1410,"date":"2024-08-07T20:16:40","date_gmt":"2024-08-07T18:16:40","guid":{"rendered":"https:\/\/christophedrouglazet.fr\/?page_id=1410"},"modified":"2025-09-02T14:42:20","modified_gmt":"2025-09-02T12:42:20","slug":"dates-stages-evenements-et-ateliers","status":"publish","type":"page","link":"https:\/\/christophedrouglazet.fr\/index.php\/dates-stages-evenements-et-ateliers\/","title":{"rendered":"Dates &#8211; Stages, Ev\u00e8nements et Ateliers"},"content":{"rendered":"\n<div style=\"height:21px\" aria-hidden=\"true\" class=\"wp-block-spacer\"><\/div>\n\n\n\n<p class=\"has-vivid-green-cyan-color has-text-color has-link-color has-medium-font-size wp-elements-36a507f9e75b859b1d8fa4a0ad2751ca\" style=\"text-decoration:underline\"><strong>Mises \u00e0 jour r\u00e9guli\u00e8res avec d&rsquo;autres dates!!!<\/strong><\/p>\n\n\n\n<hr class=\"wp-block-separator has-alpha-channel-opacity\"\/>\n\n\n\n<div class=\"wp-block-columns is-layout-flex wp-container-core-columns-is-layout-9d6595d7 wp-block-columns-is-layout-flex\">\n<div class=\"wp-block-column is-vertically-aligned-center is-layout-flow wp-block-column-is-layout-flow\" style=\"flex-basis:33.33%\">\n<p class=\"has-text-align-center has-vivid-green-cyan-color has-text-color has-link-color wp-elements-0378c6145023a7def1dfe559726dade1\"><strong>23 &amp; 24 Ao\u00fbt 2025<\/strong><\/p>\n<\/div>\n\n\n\n<div class=\"wp-block-column is-layout-flow wp-block-column-is-layout-flow\" style=\"flex-basis:66.66%\">\n<div class=\"wp-block-media-text is-stacked-on-mobile\" style=\"grid-template-columns:22% auto\"><figure class=\"wp-block-media-text__media\"><img loading=\"lazy\" decoding=\"async\" width=\"1024\" height=\"589\" src=\"http:\/\/christophedrouglazet.fr\/wp-content\/uploads\/2024\/07\/yin-yang-7485560_1280-1024x589.jpg\" alt=\"\" class=\"wp-image-1356 size-full\" srcset=\"https:\/\/christophedrouglazet.fr\/wp-content\/uploads\/2024\/07\/yin-yang-7485560_1280-1024x589.jpg 1024w, https:\/\/christophedrouglazet.fr\/wp-content\/uploads\/2024\/07\/yin-yang-7485560_1280-300x173.jpg 300w, https:\/\/christophedrouglazet.fr\/wp-content\/uploads\/2024\/07\/yin-yang-7485560_1280-768x442.jpg 768w, https:\/\/christophedrouglazet.fr\/wp-content\/uploads\/2024\/07\/yin-yang-7485560_1280-330x190.jpg 330w, https:\/\/christophedrouglazet.fr\/wp-content\/uploads\/2024\/07\/yin-yang-7485560_1280-104x60.jpg 104w, https:\/\/christophedrouglazet.fr\/wp-content\/uploads\/2024\/07\/yin-yang-7485560_1280.jpg 1280w\" sizes=\"auto, (max-width: 1024px) 100vw, 1024px\" \/><\/figure><div class=\"wp-block-media-text__content\">\n<div class=\"wp-block-group is-vertical is-layout-flex wp-container-core-group-is-layout-8cf370e7 wp-block-group-is-layout-flex\">\n<h4 class=\"wp-block-heading\">Week-end Initiatique: <\/h4>\n\n\n\n<h4 class=\"wp-block-heading\">M\u00c9TAMORPHOSE\u00a0<\/h4>\n\n\n\n<details class=\"wp-block-details is-layout-flow wp-block-details-is-layout-flow\"><summary><strong>Je sors de mes anciens sch\u00e9mas et je m\u2019ouvre au renouveau.<\/strong><br><br>Nous sommes dans une ann\u00e9e de tri et de nettoyage, un ann\u00e9e qui demande de l\u00e2cher prise. Cette ann\u00e9e nous cl\u00f4turons\u2026 et surtout nous nous pr\u00e9parons \u00e0 un nouveau cycle&#8230;. Le RENOUVEAU arrive\u00a0! (Cliquer pour lire la suite&#8230;)<\/summary>\n<p>Ceci-dit il n\u2019est pas toujours facile de laisser aller l\u2019ancien et d\u2019accueillir le renouveau, car les r\u00e9sistances sont parfois tr\u00e8s tr\u00e8s fortes\u00a0! Il y a bien s\u00fbr les r\u00e9sistances conscientes mais aussi et surtout les r\u00e9sistances inconscientes (entre 90\u00a0% et 95%) qui emp\u00eachent ou freinent ce processus.<\/p>\n\n\n\n<p>Les croyances, les conditionnements, les anciens sch\u00e9mas, les pens\u00e9es obsol\u00e8tes et limitantes, les constructions erron\u00e9es, les fardeaux des anc\u00eatres, les m\u00e9moires de vies pass\u00e9es (en fonction de vos croyances)\u2026 sont autant de r\u00e9sistances qui nous emp\u00eachent de nous ouvrir \u00e0 la nouveaut\u00e9 et de vibrer plus haut&nbsp;!<\/p>\n\n\n\n<p>Durant 2 jours nous vous proposons de vous accompagner dans ce processus avec bienveillance et en respectant votre rythme.<\/p>\n\n\n\n<p>Dans un espace Sacr\u00e9 et s\u00e9curis\u00e9, en connexion avec le subtil, nous vous invitons \u00e0 d\u00e9poser, lib\u00e9rer l\u2019ancien, vous d\u00e9pouiller, transformer les anciens sch\u00e9mas et toutes les blessures qui y sont li\u00e9es, afin d\u2019int\u00e9grer et d\u2019harmoniser en vous les vibrations du RENOUVEAU&nbsp;!<\/p>\n\n\n\n<p>Nous vous proposons, lors de ce week-end M\u00c9TAMORPHOSE, de vous accompagner \u00e0 accueillir un NOUVEAU CYCLE !<\/p>\n\n\n\n<p>Voici le programme :<\/p>\n\n\n\n<p>\u2013 \u00c9changes et partages, dans la bienveillance et la confidentialit\u00e9 ;<br>\u2013 M\u00e9ditations guid\u00e9es\u00a0;<br>\u2013 Voyages au c\u0153ur de soi\u00a0;<br>\u2013 Soins collectifs\u00a0;<br>\u2013 Lib\u00e9rations \u00e9motionnelles\u00a0;<br>\u2013 Lib\u00e9rations de fardeaux\u00a0;<br>\u2013 Lib\u00e9rations de m\u00e9moires li\u00e9es \u00e0 cette incarnation, au transg\u00e9n\u00e9rationnel et autres\u00a0;<br>\u2013 Lib\u00e9rations de croyances, conditionnements et forme-pens\u00e9es erron\u00e9es\u00a0;<br>\u2013 Reconnexions\u00a0;<br>\u2013 Et d\u2019autres surprises\u00a0!<\/p>\n\n\n\n<p><br><strong>Offrez-vous 2 jours intenses hors de l\u2019espace et du temps\u00a0!<\/strong><br><br><br><strong>Dates<\/strong>\u00a0<strong>:\u00a0<\/strong>samedi 23 &amp; dimanche 24 ao\u00fbt 2025.<br><strong>Horaires\u00a0:<\/strong>\u00a09h30-18h00 (avec pause, apportez votre d\u00e9jeuner).<br><strong>Lieu\u00a0:\u00a0<\/strong>Le Ch\u00e2tel 29340 Riec-sur-B\u00e9lon.<br><strong>Investissement :\u00a0<\/strong>180 \u20ac (<strong>un<\/strong> <strong>acompte de 50<\/strong> <strong>euros<\/strong> vous sera demand\u00e9 \u00e0 l\u2019inscription).<br><strong>En cas de d\u00e9sistement\u00a0<\/strong>:\u00a0si vous annulez votre participation moins de 1 semaine avant <br>l\u2019\u00e9v\u00e8nement, l\u2019acompte sera encaiss\u00e9.<br><em>Nombre de places limit\u00e9 !<\/em><br><br>Inscriptions et renseignements aupr\u00e8s de moi-m\u00eame ou de <a href=\"https:\/\/morgane-bertin.fr\">Morgane Bertin<\/a><br><br>Christophe &amp; Morgane<\/p>\n<\/details>\n\n\n\n<p class=\"has-small-font-size\">Lieu: 1 lieu-dit Le Ch\u00e2tel 29340 Riec-sur-Belon<br>Horaires: 9h30-13h00 \/ 14h30-18h00<br>Investissement: 180\u20ac le Week-end.<\/p>\n\n\n\n<p><\/p>\n<\/div>\n<\/div><\/div>\n<\/div>\n<\/div>\n\n\n\n<hr class=\"wp-block-separator has-alpha-channel-opacity\"\/>\n\n\n\n<div class=\"wp-block-columns is-layout-flex wp-container-core-columns-is-layout-9d6595d7 wp-block-columns-is-layout-flex\">\n<div class=\"wp-block-column is-vertically-aligned-center is-layout-flow wp-block-column-is-layout-flow\" style=\"flex-basis:33.33%\">\n<p class=\"has-text-align-center has-vivid-green-cyan-color has-text-color has-link-color wp-elements-a13a197c3c428a4809f60513d1727c2d\"><strong>16 &amp; 17 Ao\u00fbt 2025<\/strong><\/p>\n<\/div>\n\n\n\n<div class=\"wp-block-column is-layout-flow wp-block-column-is-layout-flow\" style=\"flex-basis:66.66%\">\n<div class=\"wp-block-media-text is-stacked-on-mobile\" style=\"grid-template-columns:22% auto\"><figure class=\"wp-block-media-text__media\"><img loading=\"lazy\" decoding=\"async\" width=\"1024\" height=\"589\" src=\"http:\/\/christophedrouglazet.fr\/wp-content\/uploads\/2024\/07\/yin-yang-7485560_1280-1024x589.jpg\" alt=\"\" class=\"wp-image-1356 size-full\" srcset=\"https:\/\/christophedrouglazet.fr\/wp-content\/uploads\/2024\/07\/yin-yang-7485560_1280-1024x589.jpg 1024w, https:\/\/christophedrouglazet.fr\/wp-content\/uploads\/2024\/07\/yin-yang-7485560_1280-300x173.jpg 300w, https:\/\/christophedrouglazet.fr\/wp-content\/uploads\/2024\/07\/yin-yang-7485560_1280-768x442.jpg 768w, https:\/\/christophedrouglazet.fr\/wp-content\/uploads\/2024\/07\/yin-yang-7485560_1280-330x190.jpg 330w, https:\/\/christophedrouglazet.fr\/wp-content\/uploads\/2024\/07\/yin-yang-7485560_1280-104x60.jpg 104w, https:\/\/christophedrouglazet.fr\/wp-content\/uploads\/2024\/07\/yin-yang-7485560_1280.jpg 1280w\" sizes=\"auto, (max-width: 1024px) 100vw, 1024px\" \/><\/figure><div class=\"wp-block-media-text__content\">\n<div class=\"wp-block-group is-vertical is-layout-flex wp-container-core-group-is-layout-8cf370e7 wp-block-group-is-layout-flex\">\n<h4 class=\"wp-block-heading\">Week-end Initiatique: <\/h4>\n\n\n\n<h4 class=\"wp-block-heading\">ALCHIMIE DU COUPLE DIVIN EN SOI<\/h4>\n\n\n\n<details class=\"wp-block-details is-layout-flow wp-block-details-is-layout-flow\"><summary><strong>Une \u00e9nergie f\u00e9minine et une \u00e9nergie masculine<\/strong> <strong>au service du couple Divin&nbsp;!<\/strong><br><br>Que nous soyons une Femme ou un Homme, nous avons toutes et tous en nous un principe Masculin et un principe F\u00e9minin&#8230; (Cliquer pour lire la suite&#8230;)<\/summary>\n<p>Ces principes sont bas\u00e9s sur des arch\u00e9types qui ont \u00e9volu\u00e9 avec le temps. L\u2019entr\u00e9e dans la nouvelle \u00e8re nous invite plus que jamais \u00e0 nous connecter \u00e0 de nouveaux arch\u00e9types du Masculin et du F\u00e9minin, beaucoup plus align\u00e9s, \u00e9quilibr\u00e9s et justes\u00a0: le Masculin \u00ab\u00a0Sacr\u00e9\u00a0\u00bb et le F\u00e9minin \u00ab\u00a0Sacr\u00e9\u00a0\u00bb.<br><br>Lorsque ces 2 polarit\u00e9s sont \u00e9quilibr\u00e9es et en harmonie, nous sommes dans notre UNIT\u00c9,\u00a0CONNECT\u00c9S PLEINEMENT \u00c1 NOUS-M\u00caME, CONNECT\u00c9S AU GRAND TOUT.<br><br>MAIS\u2026<br>Nos exp\u00e9riences de vie, nos fardeaux familiaux transg\u00e9n\u00e9rationnels, le conscient et l\u2019inconscient collectifs, les arch\u00e9types d\u00e9suets sur lesquels nous nous sommes construits, viennent d\u00e9s\u00e9quilibrer ces polarit\u00e9s. Des d\u00e9s\u00e9quilibres int\u00e9rieurs qui se refl\u00e8tent \u00e0 l\u2019ext\u00e9rieur\u00a0!<br><br><strong>Vous voulez retrouver votre harmonie int\u00e9rieur\u00a0?!<\/strong><br><strong>Nous vous proposons un Week-end Alchimique<\/strong>&#8230;<br><strong>Lib\u00e9rateur et transformateur<\/strong>&#8230;<br><strong>Hors de l\u2019espace et du temps !<\/strong><br><br>Durant 2 jours, dans un espace Sacr\u00e9 et s\u00e9curis\u00e9, en connexion avec le subtil, nous vous invitons \u00e0 participer \u00e0 un voyage initiatique au C\u0153ur de Vous-M\u00eame, afin de vous lib\u00e9rer, transformer les anciens arch\u00e9types et toutes les blessures qui y sont li\u00e9es, afin d\u2019int\u00e9grer et d\u2019harmoniser en vous les vibrations du Masculin et F\u00e9minin Sacr\u00e9s.<br><br>Nous vous proposons, lors de ce week-end Alchimique, de vous accompagner dans une nouvelle \u00e9tape de votre qu\u00eate vers ce nouvel \u00e9quilibre.<br><br>Voici le programme :<br>&#8211;\u00a0\u00c9changes\u00a0et partages, dans la bienveillance et la confidentialit\u00e9\u00a0;<br>&#8211;\u00a0M\u00e9ditations\u00a0;<br>&#8211; Voyages au c\u0153ur de soi\u00a0;<br>&#8211; Soins collectifs\u00a0;<br>&#8211;\u00a0Lib\u00e9rations \u00e9motionnelles\u00a0;<br>&#8211; Lib\u00e9rations de fardeaux\u00a0;<br>&#8211;\u00a0Lib\u00e9rations de m\u00e9moires li\u00e9es \u00e0 cette incarnation, au transg\u00e9n\u00e9rationnel et autres\u00a0;<br>&#8211;\u00a0Lib\u00e9rations de croyances, conditionnements et forme-pens\u00e9es erron\u00e9es\u00a0;<br>&#8211; Et d\u2019autres surprises\u00a0!<br><br>Ce processus vous permettra\u00a0:<br>&#8211;\u00a0D\u2019int\u00e9grer une meilleure compr\u00e9hension de la dualit\u00e9 Masculin\/F\u00e9minin ;<br>&#8211;\u00a0D\u2019int\u00e9grer les nouvelles vibrations du Masculin et du F\u00e9minin Sacr\u00e9s\u00a0;<br>&#8211;\u00a0De r\u00e9concilier et r\u00e9-harmoniser ces deux polarit\u00e9s en vous\u00a0;<br>&#8211;\u00a0De retrouver votre UNIT\u00c9\u00a0!<br><br><strong>Offrez-vous 2 jours intenses hors de l\u2019espace et du temps\u00a0!<\/strong><br><br><br><strong>Dates<\/strong>\u00a0<strong>:\u00a0<\/strong>samedi 16 &amp; dimanche 17 ao\u00fbt 2025.<br><strong>Horaires\u00a0:<\/strong>\u00a09h30-18h00 (avec pause, apportez votre d\u00e9jeuner).<br><strong>Lieu\u00a0:\u00a0<\/strong>Le Ch\u00e2tel 29340 Riec sur B\u00e9lon.<br><strong>Investissement :\u00a0<\/strong>180 \u20ac (<strong>un<\/strong> <strong>acompte de 50<\/strong> <strong>euros<\/strong> vous sera demand\u00e9 \u00e0 l\u2019inscription).<br><strong>En cas de d\u00e9sistement\u00a0<\/strong>:\u00a0si vous annulez votre participation moins de 1 semaine avant <br>l\u2019\u00e9v\u00e8nement, l\u2019acompte sera encaiss\u00e9.<br><em>Nombre de places limit\u00e9 !<\/em><br><br>Inscriptions et renseignements aupr\u00e8s de moi-m\u00eame ou de <a href=\"https:\/\/morgane-bertin.fr\">Morgane Bertin<\/a><br><br>Christophe &amp; Morgane<\/p>\n<\/details>\n\n\n\n<p class=\"has-small-font-size\">Lieu: 1 lieu-dit Le Ch\u00e2tel 29340 Riec-sur-Belon<br>Horaires: 9h30-13h00 \/ 14h30-18h00<br>Investissement: 200\u20ac le Week-end &#8211; 10% de r\u00e9duction pour les inscriptions faites avant le 31 Juillet (soit 180\u20ac).<\/p>\n\n\n\n<p><\/p>\n<\/div>\n<\/div><\/div>\n<\/div>\n<\/div>\n\n\n\n<hr class=\"wp-block-separator has-alpha-channel-opacity\"\/>\n\n\n\n<div class=\"wp-block-columns is-layout-flex wp-container-core-columns-is-layout-9d6595d7 wp-block-columns-is-layout-flex\">\n<div class=\"wp-block-column is-vertically-aligned-center is-layout-flow wp-block-column-is-layout-flow\" style=\"flex-basis:33.33%\">\n<p class=\"has-text-align-center has-vivid-green-cyan-color has-text-color has-link-color wp-elements-597db71478ca31a5c62517629fd1e25b\"><strong>3 &amp; 4 Ao\u00fbt 2024<\/strong><\/p>\n<\/div>\n\n\n\n<div class=\"wp-block-column is-layout-flow wp-block-column-is-layout-flow\" style=\"flex-basis:66.66%\">\n<div class=\"wp-block-media-text is-stacked-on-mobile\" style=\"grid-template-columns:22% auto\"><figure class=\"wp-block-media-text__media\"><img loading=\"lazy\" decoding=\"async\" width=\"1024\" height=\"589\" src=\"http:\/\/christophedrouglazet.fr\/wp-content\/uploads\/2024\/07\/yin-yang-7485560_1280-1024x589.jpg\" alt=\"\" class=\"wp-image-1356 size-full\" srcset=\"https:\/\/christophedrouglazet.fr\/wp-content\/uploads\/2024\/07\/yin-yang-7485560_1280-1024x589.jpg 1024w, https:\/\/christophedrouglazet.fr\/wp-content\/uploads\/2024\/07\/yin-yang-7485560_1280-300x173.jpg 300w, https:\/\/christophedrouglazet.fr\/wp-content\/uploads\/2024\/07\/yin-yang-7485560_1280-768x442.jpg 768w, https:\/\/christophedrouglazet.fr\/wp-content\/uploads\/2024\/07\/yin-yang-7485560_1280-330x190.jpg 330w, https:\/\/christophedrouglazet.fr\/wp-content\/uploads\/2024\/07\/yin-yang-7485560_1280-104x60.jpg 104w, https:\/\/christophedrouglazet.fr\/wp-content\/uploads\/2024\/07\/yin-yang-7485560_1280.jpg 1280w\" sizes=\"auto, (max-width: 1024px) 100vw, 1024px\" \/><\/figure><div class=\"wp-block-media-text__content\">\n<div class=\"wp-block-group is-vertical is-layout-flex wp-container-core-group-is-layout-8cf370e7 wp-block-group-is-layout-flex\">\n<h4 class=\"wp-block-heading\">Week-end Initiatique: <\/h4>\n\n\n\n<h4 class=\"wp-block-heading\">ALCHIMIE DU COUPLE DIVIN EN SOI<\/h4>\n\n\n\n<details class=\"wp-block-details is-layout-flow wp-block-details-is-layout-flow\"><summary><strong>Une \u00e9nergie f\u00e9minine et une \u00e9nergie masculine<\/strong> <strong>au service du couple Divin&nbsp;!<\/strong><br><br>Que nous soyons une Femme ou un Homme, nous avons toutes et tous en nous un principe Masculin et un principe F\u00e9minin&#8230; (Cliquer pour lire la suite&#8230;)<\/summary>\n<p>Ces principes sont bas\u00e9s sur des arch\u00e9types qui ont \u00e9volu\u00e9 avec le temps. L\u2019entr\u00e9e dans la nouvelle \u00e8re nous invite plus que jamais \u00e0 nous connecter \u00e0 de nouveaux arch\u00e9types du Masculin et du F\u00e9minin, beaucoup plus align\u00e9s, \u00e9quilibr\u00e9s et justes&nbsp;: le Masculin \u00ab\u00a0Sacr\u00e9\u00a0\u00bb et le F\u00e9minin \u00ab\u00a0Sacr\u00e9\u00a0\u00bb.<br><br>Lorsque ces 2 polarit\u00e9s sont \u00e9quilibr\u00e9es et en harmonie, nous sommes dans notre UNIT\u00c9,&nbsp;CONNECT\u00c9S PLEINEMENT \u00c1 NOUS-M\u00caME, CONNECT\u00c9S AU GRAND TOUT.<br><br>MAIS\u2026<br>Nos exp\u00e9riences de vie, nos fardeaux familiaux transg\u00e9n\u00e9rationnels, le conscient et l\u2019inconscient collectifs, les arch\u00e9types d\u00e9suets sur lesquels nous nous sommes construits, viennent d\u00e9s\u00e9quilibrer ces polarit\u00e9s. Des d\u00e9s\u00e9quilibres int\u00e9rieurs qui se refl\u00e8tent \u00e0 l\u2019ext\u00e9rieur&nbsp;!<br><br><strong>Vous voulez retrouver votre harmonie int\u00e9rieur&nbsp;?!<\/strong><br><strong>Nous vous proposons un Week-end Alchimique<\/strong>&#8230;<br><strong>Lib\u00e9rateur et transformateur<\/strong>&#8230;<br><strong>Hors de l\u2019espace et du temps !<\/strong><br><br>Durant 2 jours, dans un espace Sacr\u00e9 et s\u00e9curis\u00e9, en connexion avec le subtil, nous vous invitons \u00e0 participer \u00e0 un voyage initiatique au C\u0153ur de Vous-M\u00eame, afin de vous lib\u00e9rer, transformer les anciens arch\u00e9types et toutes les blessures qui y sont li\u00e9es, afin d\u2019int\u00e9grer et d\u2019harmoniser en vous les vibrations du Masculin et F\u00e9minin Sacr\u00e9s.<br><br>Nous vous proposons, lors de ce week-end Alchimique, de vous accompagner dans une nouvelle \u00e9tape de votre qu\u00eate vers ce nouvel \u00e9quilibre.<br><br>Voici le programme :<br>&#8211;&nbsp;\u00c9changes&nbsp;et partages, dans la bienveillance et la confidentialit\u00e9&nbsp;;<br>&#8211;&nbsp;M\u00e9ditations&nbsp;;<br>&#8211; Voyages au c\u0153ur de soi&nbsp;;<br>&#8211; Soins collectifs&nbsp;;<br>&#8211;&nbsp;Lib\u00e9rations \u00e9motionnelles&nbsp;;<br>&#8211; Lib\u00e9rations de fardeaux&nbsp;;<br>&#8211;&nbsp;Lib\u00e9rations de m\u00e9moires li\u00e9es \u00e0 cette incarnation, au transg\u00e9n\u00e9rationnel et autres&nbsp;;<br>&#8211;&nbsp;Lib\u00e9rations de croyances, conditionnements et forme-pens\u00e9es erron\u00e9es&nbsp;;<br>&#8211; Et d\u2019autres surprises&nbsp;!<br><br>Ce processus vous permettra&nbsp;:<br>&#8211;&nbsp;D\u2019int\u00e9grer une meilleure compr\u00e9hension de la dualit\u00e9 Masculin\/F\u00e9minin ;<br>&#8211;&nbsp;D\u2019int\u00e9grer les nouvelles vibrations du Masculin et du F\u00e9minin Sacr\u00e9s&nbsp;;<br>&#8211;&nbsp;De r\u00e9concilier et r\u00e9-harmoniser ces deux polarit\u00e9s en vous&nbsp;;<br>&#8211;&nbsp;De retrouver votre UNIT\u00c9&nbsp;!<br><br><strong>Offrez-vous 2 jours intenses hors de l\u2019espace et du temps&nbsp;!<\/strong><br><br><br><strong>Dates<\/strong>&nbsp;<strong>:&nbsp;<\/strong>samedi 03 &amp; dimanche 04 ao\u00fbt 2024.<br><strong>Horaires&nbsp;:<\/strong>&nbsp;9h30-18h00 (avec pause, apportez votre d\u00e9jeuner).<br><strong>Lieu&nbsp;:&nbsp;<\/strong>Le Ch\u00e2tel 29340 Riec sur B\u00e9lon.<br><strong>Investissement :&nbsp;<\/strong>200 \u20ac.&nbsp;<br><strong>Pour une inscription avant le&nbsp;31&nbsp;juillet&nbsp;10% de r\u00e9duction, soit 180\u20ac<\/strong> (<strong>un<\/strong> <strong>acompte de 50<\/strong> <strong>euros<\/strong> vous sera demand\u00e9 \u00e0 l\u2019inscription).<br><strong>En cas de d\u00e9sistement&nbsp;<\/strong>:&nbsp;si vous annulez votre participation moins de 1 semaine avant <br>l\u2019\u00e9v\u00e8nement, l\u2019acompte sera encaiss\u00e9.<br><em>Nombre de places limit\u00e9 !<\/em><br><br>Inscriptions et renseignements aupr\u00e8s de moi-m\u00eame ou de <a href=\"https:\/\/morgane-bertin.fr\">Morgane Bertin<\/a><br><br>Christophe &amp; Morgane<\/p>\n<\/details>\n\n\n\n<p class=\"has-small-font-size\">Lieu: 1 lieu-dit Le Ch\u00e2tel 29340 Riec-sur-Belon<br>Horaires: 9h30-13h00 \/ 14h30-18h00<br>Investissement: 200\u20ac le Week-end &#8211; 10% de r\u00e9duction pour les inscriptions faites avant le 31 Juillet (soit 180\u20ac).<\/p>\n\n\n\n<p><\/p>\n<\/div>\n<\/div><\/div>\n<\/div>\n<\/div>\n\n\n\n<div class=\"wp-block-columns is-layout-flex wp-container-core-columns-is-layout-9d6595d7 wp-block-columns-is-layout-flex\">\n<div class=\"wp-block-column is-vertically-aligned-center is-layout-flow wp-block-column-is-layout-flow\" style=\"flex-basis:33.33%\">\n<p class=\"has-text-align-center has-vivid-green-cyan-color has-text-color has-link-color wp-elements-5f036dedfbfedf8c9f864ea73b06876b\"><strong>1er et 2 Juin 2024<\/strong><\/p>\n<\/div>\n\n\n\n<div class=\"wp-block-column is-layout-flow wp-block-column-is-layout-flow\" style=\"flex-basis:66.66%\">\n<div class=\"wp-block-media-text is-stacked-on-mobile\" style=\"grid-template-columns:26% auto\"><figure class=\"wp-block-media-text__media\"><img loading=\"lazy\" decoding=\"async\" width=\"724\" height=\"1024\" src=\"http:\/\/christophedrouglazet.fr\/wp-content\/uploads\/2024\/05\/Une-Pause.-en-Connexion-avec-Moi-MAime-1er-et-2-Juin2024-724x1024.jpg\" alt=\"\" class=\"wp-image-1104 size-full\" srcset=\"https:\/\/christophedrouglazet.fr\/wp-content\/uploads\/2024\/05\/Une-Pause.-en-Connexion-avec-Moi-MAime-1er-et-2-Juin2024-724x1024.jpg 724w, https:\/\/christophedrouglazet.fr\/wp-content\/uploads\/2024\/05\/Une-Pause.-en-Connexion-avec-Moi-MAime-1er-et-2-Juin2024-212x300.jpg 212w, https:\/\/christophedrouglazet.fr\/wp-content\/uploads\/2024\/05\/Une-Pause.-en-Connexion-avec-Moi-MAime-1er-et-2-Juin2024-768x1086.jpg 768w, https:\/\/christophedrouglazet.fr\/wp-content\/uploads\/2024\/05\/Une-Pause.-en-Connexion-avec-Moi-MAime-1er-et-2-Juin2024-1086x1536.jpg 1086w, https:\/\/christophedrouglazet.fr\/wp-content\/uploads\/2024\/05\/Une-Pause.-en-Connexion-avec-Moi-MAime-1er-et-2-Juin2024-42x60.jpg 42w, https:\/\/christophedrouglazet.fr\/wp-content\/uploads\/2024\/05\/Une-Pause.-en-Connexion-avec-Moi-MAime-1er-et-2-Juin2024.jpg 1448w\" sizes=\"auto, (max-width: 724px) 100vw, 724px\" \/><\/figure><div class=\"wp-block-media-text__content\">\n<h4 class=\"wp-block-heading\">Ev\u00e8nement: <br>\u00ab\u00a0Une Pause&#8230; En connexion avec Moi-M&rsquo;Aime\u00a0\u00bb<\/h4>\n\n\n\n<p><a href=\"https:\/\/www.facebook.com\/events\/1115411949657405\">https:\/\/www.facebook.com\/events\/1115411949657405<\/a><\/p>\n<\/div><\/div>\n<\/div>\n<\/div>\n","protected":false},"excerpt":{"rendered":"<p>Mises \u00e0 jour r\u00e9guli\u00e8res avec d&rsquo;autres dates!!! 23 &amp; 24 Ao\u00fbt 2025 Week-end Initiatique: M\u00c9TAMORPHOSE\u00a0 Lieu: 1 lieu-dit Le Ch\u00e2tel 29340 Riec-sur-BelonHoraires: 9h30-13h00 \/ 14h30-18h00Investissement: 180\u20ac le Week-end. 16 &amp; 17 Ao\u00fbt 2025 Week-end Initiatique: ALCHIMIE DU COUPLE DIVIN EN SOI Lieu: 1 lieu-dit Le Ch\u00e2tel 29340 Riec-sur-BelonHoraires: 9h30-13h00 \/ 14h30-18h00Investissement: 200\u20ac le Week-end &#8211; &hellip; <\/p>\n","protected":false},"author":1,"featured_media":0,"parent":0,"menu_order":0,"comment_status":"closed","ping_status":"closed","template":"","meta":{"footnotes":""},"class_list":["post-1410","page","type-page","status-publish","hentry","grid-sizer"],"_links":{"self":[{"href":"https:\/\/christophedrouglazet.fr\/index.php\/wp-json\/wp\/v2\/pages\/1410","targetHints":{"allow":["GET"]}}],"collection":[{"href":"https:\/\/christophedrouglazet.fr\/index.php\/wp-json\/wp\/v2\/pages"}],"about":[{"href":"https:\/\/christophedrouglazet.fr\/index.php\/wp-json\/wp\/v2\/types\/page"}],"author":[{"embeddable":true,"href":"https:\/\/christophedrouglazet.fr\/index.php\/wp-json\/wp\/v2\/users\/1"}],"replies":[{"embeddable":true,"href":"https:\/\/christophedrouglazet.fr\/index.php\/wp-json\/wp\/v2\/comments?post=1410"}],"version-history":[{"count":6,"href":"https:\/\/christophedrouglazet.fr\/index.php\/wp-json\/wp\/v2\/pages\/1410\/revisions"}],"predecessor-version":[{"id":1773,"href":"https:\/\/christophedrouglazet.fr\/index.php\/wp-json\/wp\/v2\/pages\/1410\/revisions\/1773"}],"wp:attachment":[{"href":"https:\/\/christophedrouglazet.fr\/index.php\/wp-json\/wp\/v2\/media?parent=1410"}],"curies":[{"name":"wp","href":"https:\/\/api.w.org\/{rel}","templated":true}]}}