{"id":1405,"date":"2024-08-07T20:13:44","date_gmt":"2024-08-07T18:13:44","guid":{"rendered":"https:\/\/christophedrouglazet.fr\/?page_id=1405"},"modified":"2026-02-12T15:03:02","modified_gmt":"2026-02-12T14:03:02","slug":"dates-formation-numerologie","status":"publish","type":"page","link":"https:\/\/christophedrouglazet.fr\/index.php\/dates-formation-numerologie\/","title":{"rendered":"Dates &#8211; Formation Num\u00e9rologie"},"content":{"rendered":"\n<div style=\"height:21px\" aria-hidden=\"true\" class=\"wp-block-spacer\"><\/div>\n\n\n\n<p class=\"has-vivid-green-cyan-color has-text-color has-link-color has-medium-font-size wp-elements-36a507f9e75b859b1d8fa4a0ad2751ca\" style=\"text-decoration:underline\"><strong>Mises \u00e0 jour r\u00e9guli\u00e8res avec d&rsquo;autres dates!!!<\/strong><\/p>\n\n\n\n<hr class=\"wp-block-separator has-alpha-channel-opacity\"\/>\n\n\n\n<div class=\"wp-block-columns is-layout-flex wp-container-core-columns-is-layout-9d6595d7 wp-block-columns-is-layout-flex\">\n<div class=\"wp-block-column is-vertically-aligned-center is-layout-flow wp-block-column-is-layout-flow\" style=\"flex-basis:33.33%\">\n<p class=\"has-text-align-center has-vivid-green-cyan-color has-text-color has-link-color wp-elements-553bcec183f80f4242e38fe405713e8b\"><strong>9-10 Mai 2026<\/strong><\/p>\n<\/div>\n\n\n\n<div class=\"wp-block-column is-layout-flow wp-block-column-is-layout-flow\" style=\"flex-basis:66.66%\">\n<div class=\"wp-block-media-text is-stacked-on-mobile\" style=\"grid-template-columns:22% auto\"><figure class=\"wp-block-media-text__media\"><img loading=\"lazy\" decoding=\"async\" width=\"846\" height=\"515\" src=\"http:\/\/christophedrouglazet.fr\/wp-content\/uploads\/2024\/07\/numerologie_morgane_bertin-846x515-1.jpg\" alt=\"\" class=\"wp-image-1376 size-full\" srcset=\"https:\/\/christophedrouglazet.fr\/wp-content\/uploads\/2024\/07\/numerologie_morgane_bertin-846x515-1.jpg 846w, https:\/\/christophedrouglazet.fr\/wp-content\/uploads\/2024\/07\/numerologie_morgane_bertin-846x515-1-300x183.jpg 300w, https:\/\/christophedrouglazet.fr\/wp-content\/uploads\/2024\/07\/numerologie_morgane_bertin-846x515-1-768x468.jpg 768w, https:\/\/christophedrouglazet.fr\/wp-content\/uploads\/2024\/07\/numerologie_morgane_bertin-846x515-1-99x60.jpg 99w\" sizes=\"auto, (max-width: 846px) 100vw, 846px\" \/><\/figure><div class=\"wp-block-media-text__content\">\n<div class=\"wp-block-group is-vertical is-layout-flex wp-container-core-group-is-layout-8cf370e7 wp-block-group-is-layout-flex\">\n<h4 class=\"wp-block-heading has-vivid-green-cyan-color has-text-color has-link-color wp-elements-7b1f9f773216570d23d3721fcdef1dc0\"><a href=\"https:\/\/christophedrouglazet.fr\/index.php\/les-bases-de-la-numerologie-option\/\" data-type=\"page\" data-id=\"1390\">Module \u00ab\u00a0Les bases de la Num\u00e9rologie\u00a0\u00bb<\/a><\/h4>\n<\/div>\n\n\n\n<div class=\"wp-block-group is-vertical is-layout-flex wp-container-core-group-is-layout-8cf370e7 wp-block-group-is-layout-flex\">\n<p class=\"has-small-font-size\">Lieu: 1 lieu-dit Le Ch\u00e2tel 29340 Riec-sur-Belon<br>Horaires: 9h30-13h30 \/ 14h30-17h30<br>Investissement: 130\u20ac \/ Jour (Tarif pr\u00e9f\u00e9rentiel pour les personnes qui font toute la formation).<\/p>\n\n\n\n<p class=\"has-small-font-size\"><strong>Les modules optionnels sont r\u00e9alisables ind\u00e9pendamment de la formation Qu&rsquo;Un&amp;Sens.<\/strong><\/p>\n\n\n\n<p class=\"has-small-font-size\"><strong>(Module \u00e9galement r\u00e9alisable en SEMAINE!)<\/strong><\/p>\n<\/div>\n<\/div><\/div>\n<\/div>\n<\/div>\n\n\n\n<hr class=\"wp-block-separator has-alpha-channel-opacity\"\/>\n\n\n\n<div class=\"wp-block-columns is-layout-flex wp-container-core-columns-is-layout-9d6595d7 wp-block-columns-is-layout-flex\">\n<div class=\"wp-block-column is-vertically-aligned-center is-layout-flow wp-block-column-is-layout-flow\" style=\"flex-basis:33.33%\">\n<p class=\"has-text-align-center has-vivid-green-cyan-color has-text-color has-link-color wp-elements-109bceb2c346e2e40b3cf1b70e46febb\"><strong>28 F\u00e9vrier-1er Mars 2026<\/strong><\/p>\n<\/div>\n\n\n\n<div class=\"wp-block-column is-layout-flow wp-block-column-is-layout-flow\" style=\"flex-basis:66.66%\">\n<div class=\"wp-block-media-text is-stacked-on-mobile\" style=\"grid-template-columns:22% auto\"><figure class=\"wp-block-media-text__media\"><img loading=\"lazy\" decoding=\"async\" width=\"846\" height=\"515\" src=\"http:\/\/christophedrouglazet.fr\/wp-content\/uploads\/2024\/07\/numerologie_morgane_bertin-846x515-1.jpg\" alt=\"\" class=\"wp-image-1376 size-full\" srcset=\"https:\/\/christophedrouglazet.fr\/wp-content\/uploads\/2024\/07\/numerologie_morgane_bertin-846x515-1.jpg 846w, https:\/\/christophedrouglazet.fr\/wp-content\/uploads\/2024\/07\/numerologie_morgane_bertin-846x515-1-300x183.jpg 300w, https:\/\/christophedrouglazet.fr\/wp-content\/uploads\/2024\/07\/numerologie_morgane_bertin-846x515-1-768x468.jpg 768w, https:\/\/christophedrouglazet.fr\/wp-content\/uploads\/2024\/07\/numerologie_morgane_bertin-846x515-1-99x60.jpg 99w\" sizes=\"auto, (max-width: 846px) 100vw, 846px\" \/><\/figure><div class=\"wp-block-media-text__content\">\n<div class=\"wp-block-group is-vertical is-layout-flex wp-container-core-group-is-layout-8cf370e7 wp-block-group-is-layout-flex\">\n<h4 class=\"wp-block-heading has-vivid-green-cyan-color has-text-color has-link-color wp-elements-7b1f9f773216570d23d3721fcdef1dc0\"><a href=\"https:\/\/christophedrouglazet.fr\/index.php\/les-bases-de-la-numerologie-option\/\" data-type=\"page\" data-id=\"1390\">Module \u00ab\u00a0Les bases de la Num\u00e9rologie\u00a0\u00bb<\/a><\/h4>\n<\/div>\n\n\n\n<div class=\"wp-block-group is-vertical is-layout-flex wp-container-core-group-is-layout-8cf370e7 wp-block-group-is-layout-flex\">\n<p class=\"has-small-font-size\">Lieu: 1 lieu-dit Le Ch\u00e2tel 29340 Riec-sur-Belon<br>Horaires: 9h30-13h30 \/ 14h30-17h30<br>Investissement: 130\u20ac \/ Jour (Tarif pr\u00e9f\u00e9rentiel pour les personnes qui font toute la formation).<\/p>\n\n\n\n<p class=\"has-small-font-size\"><strong>Les modules optionnels sont r\u00e9alisables ind\u00e9pendamment de la formation Qu&rsquo;Un&amp;Sens.<\/strong><\/p>\n\n\n\n<p class=\"has-small-font-size\"><strong>(Module \u00e9galement r\u00e9alisable en SEMAINE!)<\/strong><\/p>\n<\/div>\n<\/div><\/div>\n<\/div>\n<\/div>\n\n\n\n<hr class=\"wp-block-separator has-alpha-channel-opacity\"\/>\n\n\n\n<div class=\"wp-block-columns is-layout-flex wp-container-core-columns-is-layout-9d6595d7 wp-block-columns-is-layout-flex\">\n<div class=\"wp-block-column is-vertically-aligned-center is-layout-flow wp-block-column-is-layout-flow\" style=\"flex-basis:33.33%\">\n<p class=\"has-text-align-center has-vivid-green-cyan-color has-text-color has-link-color wp-elements-2f69ed04a35bab8decc99baef06dec75\"><strong>26-27 Avril 2025<\/strong><\/p>\n<\/div>\n\n\n\n<div class=\"wp-block-column is-layout-flow wp-block-column-is-layout-flow\" style=\"flex-basis:66.66%\">\n<div class=\"wp-block-media-text is-stacked-on-mobile\" style=\"grid-template-columns:22% auto\"><figure class=\"wp-block-media-text__media\"><img loading=\"lazy\" decoding=\"async\" width=\"846\" height=\"515\" src=\"http:\/\/christophedrouglazet.fr\/wp-content\/uploads\/2024\/07\/numerologie_morgane_bertin-846x515-1.jpg\" alt=\"\" class=\"wp-image-1376 size-full\" srcset=\"https:\/\/christophedrouglazet.fr\/wp-content\/uploads\/2024\/07\/numerologie_morgane_bertin-846x515-1.jpg 846w, https:\/\/christophedrouglazet.fr\/wp-content\/uploads\/2024\/07\/numerologie_morgane_bertin-846x515-1-300x183.jpg 300w, https:\/\/christophedrouglazet.fr\/wp-content\/uploads\/2024\/07\/numerologie_morgane_bertin-846x515-1-768x468.jpg 768w, https:\/\/christophedrouglazet.fr\/wp-content\/uploads\/2024\/07\/numerologie_morgane_bertin-846x515-1-99x60.jpg 99w\" sizes=\"auto, (max-width: 846px) 100vw, 846px\" \/><\/figure><div class=\"wp-block-media-text__content\">\n<div class=\"wp-block-group is-vertical is-layout-flex wp-container-core-group-is-layout-8cf370e7 wp-block-group-is-layout-flex\">\n<h4 class=\"wp-block-heading has-vivid-green-cyan-color has-text-color has-link-color wp-elements-7b1f9f773216570d23d3721fcdef1dc0\"><a href=\"https:\/\/christophedrouglazet.fr\/index.php\/les-bases-de-la-numerologie-option\/\" data-type=\"page\" data-id=\"1390\">Module \u00ab\u00a0Les bases de la Num\u00e9rologie\u00a0\u00bb<\/a><\/h4>\n<\/div>\n\n\n\n<div class=\"wp-block-group is-vertical is-layout-flex wp-container-core-group-is-layout-8cf370e7 wp-block-group-is-layout-flex\">\n<p class=\"has-small-font-size\">Lieu: 1 lieu-dit Le Ch\u00e2tel 29340 Riec-sur-Belon<br>Horaires: 9h30-13h30 \/ 14h30-17h30<br>Investissement: 130\u20ac \/ Jour (Tarif pr\u00e9f\u00e9rentiel pour les personnes qui font toute la formation).<\/p>\n\n\n\n<p class=\"has-small-font-size\"><strong>Les modules optionnels sont r\u00e9alisables ind\u00e9pendamment de la formation Qu&rsquo;Un&amp;Sens.<\/strong><\/p>\n\n\n\n<p class=\"has-small-font-size\"><strong>(Module \u00e9galement r\u00e9alisable en SEMAINE!)<\/strong><\/p>\n<\/div>\n<\/div><\/div>\n<\/div>\n<\/div>\n","protected":false},"excerpt":{"rendered":"<p>Mises \u00e0 jour r\u00e9guli\u00e8res avec d&rsquo;autres dates!!! 9-10 Mai 2026 Module \u00ab\u00a0Les bases de la Num\u00e9rologie\u00a0\u00bb Lieu: 1 lieu-dit Le Ch\u00e2tel 29340 Riec-sur-BelonHoraires: 9h30-13h30 \/ 14h30-17h30Investissement: 130\u20ac \/ Jour (Tarif pr\u00e9f\u00e9rentiel pour les personnes qui font toute la formation). Les modules optionnels sont r\u00e9alisables ind\u00e9pendamment de la formation Qu&rsquo;Un&amp;Sens. (Module \u00e9galement r\u00e9alisable en SEMAINE!) 28 &hellip; <\/p>\n","protected":false},"author":1,"featured_media":0,"parent":0,"menu_order":0,"comment_status":"closed","ping_status":"closed","template":"","meta":{"footnotes":""},"class_list":["post-1405","page","type-page","status-publish","hentry","grid-sizer"],"_links":{"self":[{"href":"https:\/\/christophedrouglazet.fr\/index.php\/wp-json\/wp\/v2\/pages\/1405","targetHints":{"allow":["GET"]}}],"collection":[{"href":"https:\/\/christophedrouglazet.fr\/index.php\/wp-json\/wp\/v2\/pages"}],"about":[{"href":"https:\/\/christophedrouglazet.fr\/index.php\/wp-json\/wp\/v2\/types\/page"}],"author":[{"embeddable":true,"href":"https:\/\/christophedrouglazet.fr\/index.php\/wp-json\/wp\/v2\/users\/1"}],"replies":[{"embeddable":true,"href":"https:\/\/christophedrouglazet.fr\/index.php\/wp-json\/wp\/v2\/comments?post=1405"}],"version-history":[{"count":5,"href":"https:\/\/christophedrouglazet.fr\/index.php\/wp-json\/wp\/v2\/pages\/1405\/revisions"}],"predecessor-version":[{"id":1893,"href":"https:\/\/christophedrouglazet.fr\/index.php\/wp-json\/wp\/v2\/pages\/1405\/revisions\/1893"}],"wp:attachment":[{"href":"https:\/\/christophedrouglazet.fr\/index.php\/wp-json\/wp\/v2\/media?parent=1405"}],"curies":[{"name":"wp","href":"https:\/\/api.w.org\/{rel}","templated":true}]}}