{"id":1046,"date":"2024-05-07T11:48:15","date_gmt":"2024-05-07T09:48:15","guid":{"rendered":"https:\/\/christophedrouglazet.fr\/?page_id=1046"},"modified":"2024-05-10T17:46:30","modified_gmt":"2024-05-10T15:46:30","slug":"les-5-elements","status":"publish","type":"page","link":"https:\/\/christophedrouglazet.fr\/index.php\/les-5-elements\/","title":{"rendered":"Les 5 \u00c9l\u00e9ments"},"content":{"rendered":"<div class=\"wp-block-image\">\n<figure class=\"aligncenter size-large is-resized\"><img loading=\"lazy\" decoding=\"async\" width=\"629\" height=\"629\" src=\"https:\/\/christophedrouglazet.fr\/wp-content\/uploads\/2024\/05\/Elements-1-edited.png\" alt=\"\" class=\"wp-image-980\" style=\"width:320px;height:auto\" srcset=\"https:\/\/christophedrouglazet.fr\/wp-content\/uploads\/2024\/05\/Elements-1-edited.png 629w, https:\/\/christophedrouglazet.fr\/wp-content\/uploads\/2024\/05\/Elements-1-edited-300x300.png 300w, https:\/\/christophedrouglazet.fr\/wp-content\/uploads\/2024\/05\/Elements-1-edited-150x150.png 150w, https:\/\/christophedrouglazet.fr\/wp-content\/uploads\/2024\/05\/Elements-1-edited-60x60.png 60w\" sizes=\"auto, (max-width: 629px) 100vw, 629px\" \/><\/figure>\n<\/div>\n\n\n<p>Bas\u00e9 sur l\u2019observation de la nature, l\u2019enseignement Tao\u00efste a identifi\u00e9 5 \u00e9l\u00e9ments interd\u00e9pendants qui joue une r\u00f4le cl\u00e9 dans la dynamique de l\u2019Univers.<\/p>\n\n\n\n<p>Ces 5 \u00e9l\u00e9ments sont <strong>le Feu, la Terre, le M\u00e9tal, l\u2019Eau et le Bois<\/strong>.<\/p>\n\n\n\n<p><strong>Ils expriment des processus fondamentaux, des phases d\u2019un m\u00eame cycle, des mouvements sp\u00e9cifiques li\u00e9s au cycle du Yin et du Yang.<\/strong><\/p>\n\n\n\n<p><strong>Ils repr\u00e9sentent 5 types de manifestations de l\u2019\u00e9nergie&nbsp;dans notre environnement, mais \u00e9voquent \u00e9galement des saisons, des climats, des directions, des saveurs, des \u00e9motions, des organes, etc\u2026<\/strong><\/p>\n\n\n\n<p>En interaction permanente, ces 5 \u00e9l\u00e9ments peuvent g\u00e9n\u00e9rer, en fonction de leur nature et relations, <strong>3 types de cycles&nbsp;: un cycle productif, un cycle \u00e9puisant et un cycle destructif<\/strong>. <\/p>\n\n\n\n<p><strong>La ma\u00eetrise des diff\u00e9rents cycles, par le contr\u00f4le de ces interactions, va permettre d\u2019apporter \u00e9quilibre et harmonie dans un lieu.<\/strong><\/p>\n\n\n\n<p class=\"has-text-align-right has-vivid-green-cyan-color has-text-color has-link-color wp-elements-03d5f7d83272f7ab0a0fe09e2d680bbb\"><a href=\"https:\/\/christophedrouglazet.fr\/index.php\/pourquoi-et-quand-faire-une-etude-feng-shui\/\" data-type=\"page\" data-id=\"967\">(Suite de l&rsquo;exploration&#8230;)<\/a><\/p>\n","protected":false},"excerpt":{"rendered":"<p>Bas\u00e9 sur l\u2019observation de la nature, l\u2019enseignement Tao\u00efste a identifi\u00e9 5 \u00e9l\u00e9ments interd\u00e9pendants qui joue une r\u00f4le cl\u00e9 dans la dynamique de l\u2019Univers. Ces 5 \u00e9l\u00e9ments sont le Feu, la Terre, le M\u00e9tal, l\u2019Eau et le Bois. Ils expriment des processus fondamentaux, des phases d\u2019un m\u00eame cycle, des mouvements sp\u00e9cifiques li\u00e9s au cycle du Yin &hellip; <\/p>\n","protected":false},"author":1,"featured_media":0,"parent":0,"menu_order":0,"comment_status":"closed","ping_status":"closed","template":"","meta":{"footnotes":""},"class_list":["post-1046","page","type-page","status-publish","hentry","grid-sizer"],"_links":{"self":[{"href":"https:\/\/christophedrouglazet.fr\/index.php\/wp-json\/wp\/v2\/pages\/1046","targetHints":{"allow":["GET"]}}],"collection":[{"href":"https:\/\/christophedrouglazet.fr\/index.php\/wp-json\/wp\/v2\/pages"}],"about":[{"href":"https:\/\/christophedrouglazet.fr\/index.php\/wp-json\/wp\/v2\/types\/page"}],"author":[{"embeddable":true,"href":"https:\/\/christophedrouglazet.fr\/index.php\/wp-json\/wp\/v2\/users\/1"}],"replies":[{"embeddable":true,"href":"https:\/\/christophedrouglazet.fr\/index.php\/wp-json\/wp\/v2\/comments?post=1046"}],"version-history":[{"count":2,"href":"https:\/\/christophedrouglazet.fr\/index.php\/wp-json\/wp\/v2\/pages\/1046\/revisions"}],"predecessor-version":[{"id":1222,"href":"https:\/\/christophedrouglazet.fr\/index.php\/wp-json\/wp\/v2\/pages\/1046\/revisions\/1222"}],"wp:attachment":[{"href":"https:\/\/christophedrouglazet.fr\/index.php\/wp-json\/wp\/v2\/media?parent=1046"}],"curies":[{"name":"wp","href":"https:\/\/api.w.org\/{rel}","templated":true}]}}