{"id":1043,"date":"2024-05-07T11:44:35","date_gmt":"2024-05-07T09:44:35","guid":{"rendered":"https:\/\/christophedrouglazet.fr\/?page_id=1043"},"modified":"2024-05-10T17:44:00","modified_gmt":"2024-05-10T15:44:00","slug":"le-principe-yin-yang","status":"publish","type":"page","link":"https:\/\/christophedrouglazet.fr\/index.php\/le-principe-yin-yang\/","title":{"rendered":"Le Principe Yin\/Yang"},"content":{"rendered":"\n<div style=\"height:20px\" aria-hidden=\"true\" class=\"wp-block-spacer\"><\/div>\n\n\n<div class=\"wp-block-image\">\n<figure class=\"aligncenter size-full is-resized\"><img loading=\"lazy\" decoding=\"async\" width=\"720\" height=\"720\" src=\"https:\/\/christophedrouglazet.fr\/wp-content\/uploads\/2024\/05\/yin-34549_960_720.png\" alt=\"\" class=\"wp-image-975\" style=\"width:185px;height:auto\" srcset=\"https:\/\/christophedrouglazet.fr\/wp-content\/uploads\/2024\/05\/yin-34549_960_720.png 720w, https:\/\/christophedrouglazet.fr\/wp-content\/uploads\/2024\/05\/yin-34549_960_720-300x300.png 300w, https:\/\/christophedrouglazet.fr\/wp-content\/uploads\/2024\/05\/yin-34549_960_720-150x150.png 150w, https:\/\/christophedrouglazet.fr\/wp-content\/uploads\/2024\/05\/yin-34549_960_720-60x60.png 60w\" sizes=\"auto, (max-width: 720px) 100vw, 720px\" \/><\/figure>\n<\/div>\n\n\n<div style=\"height:20px\" aria-hidden=\"true\" class=\"wp-block-spacer\"><\/div>\n\n\n\n<p><strong>Selon l\u2019enseignement Tao\u00efste, tout ce qui se passe dans l\u2019univers a pour origine 2 forces fondamentales oppos\u00e9es, indissociables&nbsp;et interd\u00e9pendantes, le Yin et le Yang.<\/strong><\/p>\n\n\n\n<p>Toute chose, tout \u00eatre vivant poss\u00e8de une part de Yin et un part de Yang.<\/p>\n\n\n\n<p><strong>Le Yin<\/strong> va symboliser (noir) la Terre, le f\u00e9minin, la passivit\u00e9, l\u2019obscurit\u00e9, le froid, l\u2019eau, l\u2019intuitif, l\u2019inconscient\u2026<\/p>\n\n\n\n<p><strong>Le Yang<\/strong> va symboliser (blanc) le Ciel, le masculin, le dynamisme, la lumi\u00e8re, le feu, la chaleur, la logique, le conscient\u2026<\/p>\n\n\n\n<p><strong>Ces deux forces exprime \u00e0 la fois le mouvement (Yang), l\u2019immobilit\u00e9 (Yin), et le mouvement perp\u00e9tuel.<\/strong><br><strong>L\u2019\u00e9quilibre de ces forces symbolise l\u2019unit\u00e9, l\u2019harmonie parfaite, au-del\u00e0 de la dualit\u00e9 Yin-Yang\u00a0: le Tao.<\/strong><\/p>\n\n\n\n<p>Il est repr\u00e9sent\u00e9 par le symbole que vous connaissez tous, le taijitu.<\/p>\n\n\n\n<p class=\"has-text-align-right has-vivid-green-cyan-color has-text-color has-link-color wp-elements-1ae064218748713f4a0199a09d8d378c\"><a href=\"https:\/\/christophedrouglazet.fr\/index.php\/les-5-elements\/\" data-type=\"page\" data-id=\"1046\">(Suite de l&rsquo;exploration&#8230;)<\/a><\/p>\n","protected":false},"excerpt":{"rendered":"<p>Selon l\u2019enseignement Tao\u00efste, tout ce qui se passe dans l\u2019univers a pour origine 2 forces fondamentales oppos\u00e9es, indissociables&nbsp;et interd\u00e9pendantes, le Yin et le Yang. Toute chose, tout \u00eatre vivant poss\u00e8de une part de Yin et un part de Yang. Le Yin va symboliser (noir) la Terre, le f\u00e9minin, la passivit\u00e9, l\u2019obscurit\u00e9, le froid, l\u2019eau, l\u2019intuitif, &hellip; <\/p>\n","protected":false},"author":1,"featured_media":0,"parent":0,"menu_order":0,"comment_status":"closed","ping_status":"closed","template":"","meta":{"footnotes":""},"class_list":["post-1043","page","type-page","status-publish","hentry","grid-sizer"],"_links":{"self":[{"href":"https:\/\/christophedrouglazet.fr\/index.php\/wp-json\/wp\/v2\/pages\/1043","targetHints":{"allow":["GET"]}}],"collection":[{"href":"https:\/\/christophedrouglazet.fr\/index.php\/wp-json\/wp\/v2\/pages"}],"about":[{"href":"https:\/\/christophedrouglazet.fr\/index.php\/wp-json\/wp\/v2\/types\/page"}],"author":[{"embeddable":true,"href":"https:\/\/christophedrouglazet.fr\/index.php\/wp-json\/wp\/v2\/users\/1"}],"replies":[{"embeddable":true,"href":"https:\/\/christophedrouglazet.fr\/index.php\/wp-json\/wp\/v2\/comments?post=1043"}],"version-history":[{"count":5,"href":"https:\/\/christophedrouglazet.fr\/index.php\/wp-json\/wp\/v2\/pages\/1043\/revisions"}],"predecessor-version":[{"id":1220,"href":"https:\/\/christophedrouglazet.fr\/index.php\/wp-json\/wp\/v2\/pages\/1043\/revisions\/1220"}],"wp:attachment":[{"href":"https:\/\/christophedrouglazet.fr\/index.php\/wp-json\/wp\/v2\/media?parent=1043"}],"curies":[{"name":"wp","href":"https:\/\/api.w.org\/{rel}","templated":true}]}}